{"id":52976,"date":"2025-11-10T19:40:20","date_gmt":"2025-11-10T18:40:20","guid":{"rendered":"https:\/\/www.ernstbrunn-apotheke.at\/katalog\/produkt\/sinoplasan-magnesium-oel-100-zechstein\/"},"modified":"2025-12-08T16:51:15","modified_gmt":"2025-12-08T15:51:15","slug":"sinoplasan-magnesium-oel-100-zechstein","status":"publish","type":"product","link":"https:\/\/www.ernstbrunn-apotheke.at\/katalog\/produkt\/sinoplasan-magnesium-oel-100-zechstein\/","title":{"rendered":"Sinoplasan MAGNESIUM-\u00d6L 100 % Zechstein"},"content":{"rendered":"<p>Zechstein inside<br \/>Dieses besondere Magnesium-\u00d6l stammt aus den Magnesium-Chlo\u00adrid-Ablagerungendes ehemaligen Zechstein-Meeres, das vor etwa 250 Millionen Jahren ausgetrocknet ist. Weltweit gilt das Zechstein-Meer alsreinste und nat\u00fcrlichste Quelle f\u00fcr hochwertiges Magnesiumchlorid. <br \/>Es wird in den Niederlanden aus 1600 m Tiefe gewonnen und durch st\u00e4ndigeAnalyse qualit\u00e4ts\u00fcberwacht. Magnesiumchlorid f\u00fchlt sich aufgrund seines hohen S\u00e4tti\u00adgungsgrades \u00f6lig an, obwohl es kein \u00d6l im eigentlichen Sinne ist.<\/p>\n<div>Hautpflegeprodukt zum Auftragen und Einmassieren aufdie Haut an Muskeln, Gelenken, Armen, Beinen, R\u00fccken und Schulter.<\/div>\n<div><\/p>\n<p class=\"MsoNormal\">Die Einwirkzeit sollte mindestens 30 Minuten betragen und kann (mussaber nicht) anschlie\u00dfend abgeduscht werden. Es kann auch als (Fu\u00df-) Badezusatzverwendet werden.<\/p>\n<p>1ml (ca. 5 Spr\u00fchst\u00f6\u00dfe) enthalten ca. 103 mg reines Magnesium <\/p><\/div>\n","protected":false},"excerpt":{"rendered":"<p>Zechstein insideDieses besondere Magnesium-\u00d6l stammt aus den Magnesium-Chlo\u00adrid-Ablagerungendes ehemaligen Zechstein-Meeres, das vor etwa 250 Millionen Jahren ausgetrocknet ist. Weltweit gilt das Zechstein-Meer alsreinste und nat\u00fcrlichste Quelle f\u00fcr hochwertiges Magnesiumchlorid. Es wird in den Niederlanden aus 1600 m Tiefe gewonnen und durch st\u00e4ndigeAnalyse qualit\u00e4ts\u00fcberwacht. Magnesiumchlorid f\u00fchlt sich aufgrund seines hohen S\u00e4tti\u00adgungsgrades \u00f6lig an, obwohl es kein [&hellip;]<\/p>\n","protected":false},"featured_media":52978,"template":"","meta":{"_acf_changed":false},"product_brand":[],"product_cat":[791],"product_tag":[],"class_list":{"0":"post-52976","1":"product","2":"type-product","3":"status-publish","4":"has-post-thumbnail","6":"product_cat-s","7":"pa_farbe-transparent","8":"pa_geschmack-nat-mandarinen-aroma","9":"pa_packungsgroesse-100ml","10":"pa_packungsgroesse-500ml","12":"first","13":"instock","14":"shipping-taxable","15":"purchasable","16":"product-type-simple"},"acf":[],"_links":{"self":[{"href":"https:\/\/www.ernstbrunn-apotheke.at\/katalog\/wp-json\/wp\/v2\/product\/52976","targetHints":{"allow":["GET"]}}],"collection":[{"href":"https:\/\/www.ernstbrunn-apotheke.at\/katalog\/wp-json\/wp\/v2\/product"}],"about":[{"href":"https:\/\/www.ernstbrunn-apotheke.at\/katalog\/wp-json\/wp\/v2\/types\/product"}],"wp:featuredmedia":[{"embeddable":true,"href":"https:\/\/www.ernstbrunn-apotheke.at\/katalog\/wp-json\/wp\/v2\/media\/52978"}],"wp:attachment":[{"href":"https:\/\/www.ernstbrunn-apotheke.at\/katalog\/wp-json\/wp\/v2\/media?parent=52976"}],"wp:term":[{"taxonomy":"product_brand","embeddable":true,"href":"https:\/\/www.ernstbrunn-apotheke.at\/katalog\/wp-json\/wp\/v2\/product_brand?post=52976"},{"taxonomy":"product_cat","embeddable":true,"href":"https:\/\/www.ernstbrunn-apotheke.at\/katalog\/wp-json\/wp\/v2\/product_cat?post=52976"},{"taxonomy":"product_tag","embeddable":true,"href":"https:\/\/www.ernstbrunn-apotheke.at\/katalog\/wp-json\/wp\/v2\/product_tag?post=52976"}],"curies":[{"name":"wp","href":"https:\/\/api.w.org\/{rel}","templated":true}]}}