{"id":52950,"date":"2025-11-10T19:40:20","date_gmt":"2025-11-10T18:40:20","guid":{"rendered":"https:\/\/www.ernstbrunn-apotheke.at\/katalog\/produkt\/dr-grubers-eisen-chelat-tabletten\/"},"modified":"2025-12-08T16:51:11","modified_gmt":"2025-12-08T15:51:11","slug":"dr-grubers-eisen-chelat-tabletten","status":"publish","type":"product","link":"https:\/\/www.ernstbrunn-apotheke.at\/katalog\/produkt\/dr-grubers-eisen-chelat-tabletten\/","title":{"rendered":"Dr. Grubers Eisen Chelat Tabletten"},"content":{"rendered":"<p class=\"MsoNormal\">Eisen tr\u00e4gt zur normalen kognitiven Funktion*, Bildung vonroten Blutk\u00f6rperchen und H\u00e4moglobin bei und hat eine lebensnotwendige Funktionbei der Zellteilung.<\/p>\n<p class=\"MsoNormal\">F\u00fcr die normale Funktion des Immunsystems, denSauerstofftransport im K\u00f6rper und Energiestoffwechsel ist dieses Spurenelementebenfalls verantwortlich.<\/p>\n<p class=\"MsoNormal\">\u00a0Eisen verringertebenso M\u00fcdigkeit und Erm\u00fcdung.<\/p>\n<p>*Als kognitive Funktionen werden in derPsychologie das menschliche Denken, Wahrnehmen, F\u00fchlen, Handeln, Urteilen undWollen bezeichnet<\/p>\n","protected":false},"excerpt":{"rendered":"<p>Eisen tr\u00e4gt zur normalen kognitiven Funktion*, Bildung vonroten Blutk\u00f6rperchen und H\u00e4moglobin bei und hat eine lebensnotwendige Funktionbei der Zellteilung. F\u00fcr die normale Funktion des Immunsystems, denSauerstofftransport im K\u00f6rper und Energiestoffwechsel ist dieses Spurenelementebenfalls verantwortlich. \u00a0Eisen verringertebenso M\u00fcdigkeit und Erm\u00fcdung. *Als kognitive Funktionen werden in derPsychologie das menschliche Denken, Wahrnehmen, F\u00fchlen, Handeln, Urteilen undWollen bezeichnet<\/p>\n","protected":false},"featured_media":52952,"template":"","meta":{"_acf_changed":false},"product_brand":[],"product_cat":[792],"product_tag":[],"class_list":{"0":"post-52950","1":"product","2":"type-product","3":"status-publish","4":"has-post-thumbnail","6":"product_cat-d","7":"pa_farbe-beige-weiss","8":"pa_geschmack-neutral","9":"pa_packungsgroesse-50-stueck","11":"first","12":"instock","13":"shipping-taxable","14":"purchasable","15":"product-type-simple"},"acf":[],"_links":{"self":[{"href":"https:\/\/www.ernstbrunn-apotheke.at\/katalog\/wp-json\/wp\/v2\/product\/52950","targetHints":{"allow":["GET"]}}],"collection":[{"href":"https:\/\/www.ernstbrunn-apotheke.at\/katalog\/wp-json\/wp\/v2\/product"}],"about":[{"href":"https:\/\/www.ernstbrunn-apotheke.at\/katalog\/wp-json\/wp\/v2\/types\/product"}],"wp:featuredmedia":[{"embeddable":true,"href":"https:\/\/www.ernstbrunn-apotheke.at\/katalog\/wp-json\/wp\/v2\/media\/52952"}],"wp:attachment":[{"href":"https:\/\/www.ernstbrunn-apotheke.at\/katalog\/wp-json\/wp\/v2\/media?parent=52950"}],"wp:term":[{"taxonomy":"product_brand","embeddable":true,"href":"https:\/\/www.ernstbrunn-apotheke.at\/katalog\/wp-json\/wp\/v2\/product_brand?post=52950"},{"taxonomy":"product_cat","embeddable":true,"href":"https:\/\/www.ernstbrunn-apotheke.at\/katalog\/wp-json\/wp\/v2\/product_cat?post=52950"},{"taxonomy":"product_tag","embeddable":true,"href":"https:\/\/www.ernstbrunn-apotheke.at\/katalog\/wp-json\/wp\/v2\/product_tag?post=52950"}],"curies":[{"name":"wp","href":"https:\/\/api.w.org\/{rel}","templated":true}]}}