{"id":52940,"date":"2025-11-10T19:40:20","date_gmt":"2025-11-10T18:40:20","guid":{"rendered":"https:\/\/www.ernstbrunn-apotheke.at\/katalog\/produkt\/orthomol-i-care-granulat-plus-kapseln-30-stk\/"},"modified":"2025-12-08T16:51:09","modified_gmt":"2025-12-08T15:51:09","slug":"orthomol-i-care-granulat-plus-kapseln-30-stk","status":"publish","type":"product","link":"https:\/\/www.ernstbrunn-apotheke.at\/katalog\/produkt\/orthomol-i-care-granulat-plus-kapseln-30-stk\/","title":{"rendered":"Orthomol i-Care Granulat plus Kapseln 30 Stk."},"content":{"rendered":"<p>Orthomol i-Care\u00ae Granulat plus Kapseln 30 Stk. ist ein Nahrungserg\u00e4nzungsmittel mit sekund\u00e4ren Pflanzenstoffen, Omega-3-Fetts\u00e4uren, Vitaminen und Spurenelementen. Vitamin A, Vitamin B2 (Riboflavin), Biotin und Niacin tragen zum Erhalt der normalen Schleimh\u00e4ute (z.B. der Mundschleimhaut) bei. Vitamin B12, Vitamin B6, Vitamin B2 (Riboflavin), Vitamin C, Pantothens\u00e4ure, Fols\u00e4ure, Niacin und Magnesium tragen zur Verringerung von M\u00fcdigkeit und Erm\u00fcdung bei &#8211; jetzt alle Produkte von Orthomol bestellen!<\/p>\n","protected":false},"excerpt":{"rendered":"<p>Orthomol i-Care\u00ae Granulat plus Kapseln 30 Stk. ist ein Nahrungserg\u00e4nzungsmittel mit sekund\u00e4ren Pflanzenstoffen, Omega-3-Fetts\u00e4uren, Vitaminen und Spurenelementen. Vitamin A, Vitamin B2 (Riboflavin), Biotin und Niacin tragen zum Erhalt der normalen Schleimh\u00e4ute (z.B. der Mundschleimhaut) bei. Vitamin B12, Vitamin B6, Vitamin B2 (Riboflavin), Vitamin C, Pantothens\u00e4ure, Fols\u00e4ure, Niacin und Magnesium tragen zur Verringerung von M\u00fcdigkeit und [&hellip;]<\/p>\n","protected":false},"featured_media":52942,"template":"","meta":{"_acf_changed":false},"product_brand":[387],"product_cat":[819],"product_tag":[],"class_list":{"0":"post-52940","1":"product","2":"type-product","3":"status-publish","4":"has-post-thumbnail","6":"product_brand-orthomol","7":"product_cat-o","8":"pa_packungsgroesse-30-stueck","10":"first","11":"instock","12":"shipping-taxable","13":"purchasable","14":"product-type-simple"},"acf":[],"_links":{"self":[{"href":"https:\/\/www.ernstbrunn-apotheke.at\/katalog\/wp-json\/wp\/v2\/product\/52940","targetHints":{"allow":["GET"]}}],"collection":[{"href":"https:\/\/www.ernstbrunn-apotheke.at\/katalog\/wp-json\/wp\/v2\/product"}],"about":[{"href":"https:\/\/www.ernstbrunn-apotheke.at\/katalog\/wp-json\/wp\/v2\/types\/product"}],"wp:featuredmedia":[{"embeddable":true,"href":"https:\/\/www.ernstbrunn-apotheke.at\/katalog\/wp-json\/wp\/v2\/media\/52942"}],"wp:attachment":[{"href":"https:\/\/www.ernstbrunn-apotheke.at\/katalog\/wp-json\/wp\/v2\/media?parent=52940"}],"wp:term":[{"taxonomy":"product_brand","embeddable":true,"href":"https:\/\/www.ernstbrunn-apotheke.at\/katalog\/wp-json\/wp\/v2\/product_brand?post=52940"},{"taxonomy":"product_cat","embeddable":true,"href":"https:\/\/www.ernstbrunn-apotheke.at\/katalog\/wp-json\/wp\/v2\/product_cat?post=52940"},{"taxonomy":"product_tag","embeddable":true,"href":"https:\/\/www.ernstbrunn-apotheke.at\/katalog\/wp-json\/wp\/v2\/product_tag?post=52940"}],"curies":[{"name":"wp","href":"https:\/\/api.w.org\/{rel}","templated":true}]}}