{"id":52853,"date":"2025-11-10T19:38:15","date_gmt":"2025-11-10T18:38:15","guid":{"rendered":"https:\/\/www.ernstbrunn-apotheke.at\/katalog\/produkt\/floradix-eisen-tonikum-kind-250-ml\/"},"modified":"2025-12-08T16:50:50","modified_gmt":"2025-12-08T15:50:50","slug":"floradix-eisen-tonikum-kind-250-ml","status":"publish","type":"product","link":"https:\/\/www.ernstbrunn-apotheke.at\/katalog\/produkt\/floradix-eisen-tonikum-kind-250-ml\/","title":{"rendered":"Floradix Eisen Tonikum Kind 250 ml"},"content":{"rendered":"<p>Floradix-EisenTonikum f\u00fcr Kinder mit leckerem Himbeersaft und nat\u00fcrlichen Kr\u00e4uterextrakten. Es dient zur optimalen Eisen-Aufnahme (Eisen(II)gluconat) mit nat\u00fcrlichem Vitamin aus der Acerolakrische.<\/p>\n","protected":false},"excerpt":{"rendered":"<p>Floradix-EisenTonikum f\u00fcr Kinder mit leckerem Himbeersaft und nat\u00fcrlichen Kr\u00e4uterextrakten. Es dient zur optimalen Eisen-Aufnahme (Eisen(II)gluconat) mit nat\u00fcrlichem Vitamin aus der Acerolakrische.<\/p>\n","protected":false},"featured_media":52855,"template":"","meta":{"_acf_changed":false},"product_brand":[1060],"product_cat":[809],"product_tag":[],"class_list":{"0":"post-52853","1":"product","2":"type-product","3":"status-publish","4":"has-post-thumbnail","6":"product_brand-floradix","7":"product_cat-f","8":"pa_packungsgroesse-250ml","10":"first","11":"instock","12":"shipping-taxable","13":"purchasable","14":"product-type-simple"},"acf":[],"_links":{"self":[{"href":"https:\/\/www.ernstbrunn-apotheke.at\/katalog\/wp-json\/wp\/v2\/product\/52853","targetHints":{"allow":["GET"]}}],"collection":[{"href":"https:\/\/www.ernstbrunn-apotheke.at\/katalog\/wp-json\/wp\/v2\/product"}],"about":[{"href":"https:\/\/www.ernstbrunn-apotheke.at\/katalog\/wp-json\/wp\/v2\/types\/product"}],"wp:featuredmedia":[{"embeddable":true,"href":"https:\/\/www.ernstbrunn-apotheke.at\/katalog\/wp-json\/wp\/v2\/media\/52855"}],"wp:attachment":[{"href":"https:\/\/www.ernstbrunn-apotheke.at\/katalog\/wp-json\/wp\/v2\/media?parent=52853"}],"wp:term":[{"taxonomy":"product_brand","embeddable":true,"href":"https:\/\/www.ernstbrunn-apotheke.at\/katalog\/wp-json\/wp\/v2\/product_brand?post=52853"},{"taxonomy":"product_cat","embeddable":true,"href":"https:\/\/www.ernstbrunn-apotheke.at\/katalog\/wp-json\/wp\/v2\/product_cat?post=52853"},{"taxonomy":"product_tag","embeddable":true,"href":"https:\/\/www.ernstbrunn-apotheke.at\/katalog\/wp-json\/wp\/v2\/product_tag?post=52853"}],"curies":[{"name":"wp","href":"https:\/\/api.w.org\/{rel}","templated":true}]}}