{"id":52818,"date":"2025-11-10T19:37:27","date_gmt":"2025-11-10T18:37:27","guid":{"rendered":"https:\/\/www.ernstbrunn-apotheke.at\/katalog\/produkt\/5-htp-50mg-kapseln\/"},"modified":"2025-12-08T16:50:44","modified_gmt":"2025-12-08T15:50:44","slug":"5-htp-50mg-kapseln","status":"publish","type":"product","link":"https:\/\/www.ernstbrunn-apotheke.at\/katalog\/produkt\/5-htp-50mg-kapseln\/","title":{"rendered":"5 &#8211; HTP 50mg Kapseln"},"content":{"rendered":"<p>Seit vielen Jahren besch\u00e4ftigt sich Gall Pharma mit einem sehr engagierten Team mit der Technologie und Herstellung qualitativ hochwertiger Nahrungserg\u00e4nzungsmittel. Das Unternehmen Gall Pharma, mit Sitz in Judenburg, kann auf eine langj\u00e4hrige Erfahrung im Apothekerwesen zur\u00fcckgreifen. Gall Pharma beliefert \u00f6sterreichweit den pharmazeutischen Gro\u00dfhandel, Apotheken und Drogerien so wie mit einem Teil des Sortiments ausgew\u00e4hlte Vertriebspartner in verschiedenen EU-Staaten. Die Produktgruppen bestehen aus einer Vielzahl nat\u00fcrlicher Produkte und individueller Mischungen. Alle Produkte entsprechen \u00f6sterreichischem bzw. EU-Recht, sind bei der Gesundheitsbeh\u00f6rde gemeldet und uneingeschr\u00e4nkt verkehrsf\u00e4hig.<\/p>\n","protected":false},"excerpt":{"rendered":"<p>Seit vielen Jahren besch\u00e4ftigt sich Gall Pharma mit einem sehr engagierten Team mit der Technologie und Herstellung qualitativ hochwertiger Nahrungserg\u00e4nzungsmittel. Das Unternehmen Gall Pharma, mit Sitz in Judenburg, kann auf eine langj\u00e4hrige Erfahrung im Apothekerwesen zur\u00fcckgreifen. Gall Pharma beliefert \u00f6sterreichweit den pharmazeutischen Gro\u00dfhandel, Apotheken und Drogerien so wie mit einem Teil des Sortiments ausgew\u00e4hlte Vertriebspartner [&hellip;]<\/p>\n","protected":false},"featured_media":52820,"template":"","meta":{"_acf_changed":false},"product_brand":[371],"product_cat":[1061],"product_tag":[],"class_list":{"0":"post-52818","1":"product","2":"type-product","3":"status-publish","4":"has-post-thumbnail","6":"product_brand-gall-pharma","7":"product_cat-1061","8":"pa_packungsgroesse-60-stueck","10":"first","11":"instock","12":"shipping-taxable","13":"purchasable","14":"product-type-simple"},"acf":[],"_links":{"self":[{"href":"https:\/\/www.ernstbrunn-apotheke.at\/katalog\/wp-json\/wp\/v2\/product\/52818","targetHints":{"allow":["GET"]}}],"collection":[{"href":"https:\/\/www.ernstbrunn-apotheke.at\/katalog\/wp-json\/wp\/v2\/product"}],"about":[{"href":"https:\/\/www.ernstbrunn-apotheke.at\/katalog\/wp-json\/wp\/v2\/types\/product"}],"wp:featuredmedia":[{"embeddable":true,"href":"https:\/\/www.ernstbrunn-apotheke.at\/katalog\/wp-json\/wp\/v2\/media\/52820"}],"wp:attachment":[{"href":"https:\/\/www.ernstbrunn-apotheke.at\/katalog\/wp-json\/wp\/v2\/media?parent=52818"}],"wp:term":[{"taxonomy":"product_brand","embeddable":true,"href":"https:\/\/www.ernstbrunn-apotheke.at\/katalog\/wp-json\/wp\/v2\/product_brand?post=52818"},{"taxonomy":"product_cat","embeddable":true,"href":"https:\/\/www.ernstbrunn-apotheke.at\/katalog\/wp-json\/wp\/v2\/product_cat?post=52818"},{"taxonomy":"product_tag","embeddable":true,"href":"https:\/\/www.ernstbrunn-apotheke.at\/katalog\/wp-json\/wp\/v2\/product_tag?post=52818"}],"curies":[{"name":"wp","href":"https:\/\/api.w.org\/{rel}","templated":true}]}}