{"id":52768,"date":"2025-11-10T19:36:48","date_gmt":"2025-11-10T18:36:48","guid":{"rendered":"https:\/\/www.ernstbrunn-apotheke.at\/katalog\/produkt\/pure-encapsulations-vitamin-b2-90-stk\/"},"modified":"2025-12-08T16:50:31","modified_gmt":"2025-12-08T15:50:31","slug":"pure-encapsulations-vitamin-b2-90-stk","status":"publish","type":"product","link":"https:\/\/www.ernstbrunn-apotheke.at\/katalog\/produkt\/pure-encapsulations-vitamin-b2-90-stk\/","title":{"rendered":"Pure Encapsulations Vitamin B2 90 Stk."},"content":{"rendered":"<p>Das zu den Vitaminen der B-Gruppe z\u00e4hlende Riboflavin (VitaminB2) ist besonders f\u00fcr die Nervenfunktion sowie den Energiestoffwechselvon Bedeutung. Im menschlichen K\u00f6rper kommt es alsCoenzym in zwei aktiven Formen vor, n\u00e4mlich als Flavinadenindinucleotid(FAD) und Flavinmononucleotid (FMN), welches auch alsRiboflavin-5-phosphat bezeichnet wird. Unter Mitwirkung dieserCoenzyme werden unter anderem die B-Vitamine Fols\u00e4ure undVitamin B6 in ihre aktiven Formen umgewandelt.Vitamin B2 tr\u00e4gt unter anderem zu einem normalen Energiestoffwechselsowie zur Verringerung von M\u00fcdigkeit und Erm\u00fcdung bei.Es tr\u00e4gt aber auch zum Schutz der Zellen vor oxidativem Stress bei,da das Vitamin an der Aufrechterhaltung des K\u00f6rperbestandes anreduziertem Glutathion beteiligt ist. Riboflavin wird \u00fcber den Urinausgeschieden, was die charakteristische Gelbf\u00e4rbung des Harnsbedingt, wenn vermehrt Vitamin B2 zugef\u00fchrt wird.<\/p>\n","protected":false},"excerpt":{"rendered":"<p>Das zu den Vitaminen der B-Gruppe z\u00e4hlende Riboflavin (VitaminB2) ist besonders f\u00fcr die Nervenfunktion sowie den Energiestoffwechselvon Bedeutung. Im menschlichen K\u00f6rper kommt es alsCoenzym in zwei aktiven Formen vor, n\u00e4mlich als Flavinadenindinucleotid(FAD) und Flavinmononucleotid (FMN), welches auch alsRiboflavin-5-phosphat bezeichnet wird. Unter Mitwirkung dieserCoenzyme werden unter anderem die B-Vitamine Fols\u00e4ure undVitamin B6 in ihre aktiven Formen [&hellip;]<\/p>\n","protected":false},"featured_media":52770,"template":"","meta":{"_acf_changed":false},"product_brand":[336],"product_cat":[793],"product_tag":[],"class_list":{"0":"post-52768","1":"product","2":"type-product","3":"status-publish","4":"has-post-thumbnail","6":"product_brand-pure-encapsulations","7":"product_cat-p","8":"pa_packungsgroesse-90-stueck","10":"first","11":"instock","12":"shipping-taxable","13":"purchasable","14":"product-type-simple"},"acf":[],"_links":{"self":[{"href":"https:\/\/www.ernstbrunn-apotheke.at\/katalog\/wp-json\/wp\/v2\/product\/52768","targetHints":{"allow":["GET"]}}],"collection":[{"href":"https:\/\/www.ernstbrunn-apotheke.at\/katalog\/wp-json\/wp\/v2\/product"}],"about":[{"href":"https:\/\/www.ernstbrunn-apotheke.at\/katalog\/wp-json\/wp\/v2\/types\/product"}],"wp:featuredmedia":[{"embeddable":true,"href":"https:\/\/www.ernstbrunn-apotheke.at\/katalog\/wp-json\/wp\/v2\/media\/52770"}],"wp:attachment":[{"href":"https:\/\/www.ernstbrunn-apotheke.at\/katalog\/wp-json\/wp\/v2\/media?parent=52768"}],"wp:term":[{"taxonomy":"product_brand","embeddable":true,"href":"https:\/\/www.ernstbrunn-apotheke.at\/katalog\/wp-json\/wp\/v2\/product_brand?post=52768"},{"taxonomy":"product_cat","embeddable":true,"href":"https:\/\/www.ernstbrunn-apotheke.at\/katalog\/wp-json\/wp\/v2\/product_cat?post=52768"},{"taxonomy":"product_tag","embeddable":true,"href":"https:\/\/www.ernstbrunn-apotheke.at\/katalog\/wp-json\/wp\/v2\/product_tag?post=52768"}],"curies":[{"name":"wp","href":"https:\/\/api.w.org\/{rel}","templated":true}]}}