{"id":52761,"date":"2025-11-10T19:36:48","date_gmt":"2025-11-10T18:36:48","guid":{"rendered":"https:\/\/www.ernstbrunn-apotheke.at\/katalog\/produkt\/twardy-lecithin-kapseln-60-stk\/"},"modified":"2025-12-08T16:50:28","modified_gmt":"2025-12-08T15:50:28","slug":"twardy-lecithin-kapseln-60-stk","status":"publish","type":"product","link":"https:\/\/www.ernstbrunn-apotheke.at\/katalog\/produkt\/twardy-lecithin-kapseln-60-stk\/","title":{"rendered":"Twardy Lecithin Kapseln 60 Stk."},"content":{"rendered":"<p>Twardy Lecithin Kapseln &#8211; Lecithine sind Begleitstoffe in Fetten und \u00d6len und besonders reich in Eidottern, pflanzlichen Samenzellen und Innereien vorhanden. Sie m\u00fcssen \u00fcber die t\u00e4gliche Nahrung zugef\u00fchrt werden, da der menschliche Organismus Lecithine nicht in ausreichender Menge selbst herstellen kann.<\/p>\n","protected":false},"excerpt":{"rendered":"<p>Twardy Lecithin Kapseln &#8211; Lecithine sind Begleitstoffe in Fetten und \u00d6len und besonders reich in Eidottern, pflanzlichen Samenzellen und Innereien vorhanden. Sie m\u00fcssen \u00fcber die t\u00e4gliche Nahrung zugef\u00fchrt werden, da der menschliche Organismus Lecithine nicht in ausreichender Menge selbst herstellen kann.<\/p>\n","protected":false},"featured_media":52763,"template":"","meta":{"_acf_changed":false},"product_brand":[507],"product_cat":[798],"product_tag":[],"class_list":{"0":"post-52761","1":"product","2":"type-product","3":"status-publish","4":"has-post-thumbnail","6":"product_brand-twardy","7":"product_cat-t","8":"pa_packungsgroesse-60-stueck","10":"first","11":"instock","12":"shipping-taxable","13":"purchasable","14":"product-type-simple"},"acf":[],"_links":{"self":[{"href":"https:\/\/www.ernstbrunn-apotheke.at\/katalog\/wp-json\/wp\/v2\/product\/52761","targetHints":{"allow":["GET"]}}],"collection":[{"href":"https:\/\/www.ernstbrunn-apotheke.at\/katalog\/wp-json\/wp\/v2\/product"}],"about":[{"href":"https:\/\/www.ernstbrunn-apotheke.at\/katalog\/wp-json\/wp\/v2\/types\/product"}],"wp:featuredmedia":[{"embeddable":true,"href":"https:\/\/www.ernstbrunn-apotheke.at\/katalog\/wp-json\/wp\/v2\/media\/52763"}],"wp:attachment":[{"href":"https:\/\/www.ernstbrunn-apotheke.at\/katalog\/wp-json\/wp\/v2\/media?parent=52761"}],"wp:term":[{"taxonomy":"product_brand","embeddable":true,"href":"https:\/\/www.ernstbrunn-apotheke.at\/katalog\/wp-json\/wp\/v2\/product_brand?post=52761"},{"taxonomy":"product_cat","embeddable":true,"href":"https:\/\/www.ernstbrunn-apotheke.at\/katalog\/wp-json\/wp\/v2\/product_cat?post=52761"},{"taxonomy":"product_tag","embeddable":true,"href":"https:\/\/www.ernstbrunn-apotheke.at\/katalog\/wp-json\/wp\/v2\/product_tag?post=52761"}],"curies":[{"name":"wp","href":"https:\/\/api.w.org\/{rel}","templated":true}]}}