{"id":52743,"date":"2025-11-10T19:36:02","date_gmt":"2025-11-10T18:36:02","guid":{"rendered":"https:\/\/www.ernstbrunn-apotheke.at\/katalog\/produkt\/regulatpro-metabolic-350-ml\/"},"modified":"2025-12-08T16:50:24","modified_gmt":"2025-12-08T15:50:24","slug":"regulatpro-metabolic-350-ml","status":"publish","type":"product","link":"https:\/\/www.ernstbrunn-apotheke.at\/katalog\/produkt\/regulatpro-metabolic-350-ml\/","title":{"rendered":"Regulatpro Metabolic 350 ml"},"content":{"rendered":"<p>Regulatpro Metabolic ist ein Nahrungserg\u00e4nzungsmittel mit Vitaminen und Mineralstoffen zur Unterst\u00fctzung nat\u00fcrlicher Lebensprozesse im K\u00f6rper. Es tr\u00e4gt mit den N\u00e4hrstoffen Magnesium, Mangan, Vitamin B1, B2, B3, B6, B12 und Vitamin C zu einem normalen Energiestoffwechsel bei.<\/p>\n","protected":false},"excerpt":{"rendered":"<p>Regulatpro Metabolic ist ein Nahrungserg\u00e4nzungsmittel mit Vitaminen und Mineralstoffen zur Unterst\u00fctzung nat\u00fcrlicher Lebensprozesse im K\u00f6rper. Es tr\u00e4gt mit den N\u00e4hrstoffen Magnesium, Mangan, Vitamin B1, B2, B3, B6, B12 und Vitamin C zu einem normalen Energiestoffwechsel bei.<\/p>\n","protected":false},"featured_media":52745,"template":"","meta":{"_acf_changed":false},"product_brand":[],"product_cat":[808],"product_tag":[],"class_list":{"0":"post-52743","1":"product","2":"type-product","3":"status-publish","4":"has-post-thumbnail","6":"product_cat-r","7":"pa_packungsgroesse-350ml","9":"first","10":"instock","11":"shipping-taxable","12":"purchasable","13":"product-type-simple"},"acf":[],"_links":{"self":[{"href":"https:\/\/www.ernstbrunn-apotheke.at\/katalog\/wp-json\/wp\/v2\/product\/52743","targetHints":{"allow":["GET"]}}],"collection":[{"href":"https:\/\/www.ernstbrunn-apotheke.at\/katalog\/wp-json\/wp\/v2\/product"}],"about":[{"href":"https:\/\/www.ernstbrunn-apotheke.at\/katalog\/wp-json\/wp\/v2\/types\/product"}],"wp:featuredmedia":[{"embeddable":true,"href":"https:\/\/www.ernstbrunn-apotheke.at\/katalog\/wp-json\/wp\/v2\/media\/52745"}],"wp:attachment":[{"href":"https:\/\/www.ernstbrunn-apotheke.at\/katalog\/wp-json\/wp\/v2\/media?parent=52743"}],"wp:term":[{"taxonomy":"product_brand","embeddable":true,"href":"https:\/\/www.ernstbrunn-apotheke.at\/katalog\/wp-json\/wp\/v2\/product_brand?post=52743"},{"taxonomy":"product_cat","embeddable":true,"href":"https:\/\/www.ernstbrunn-apotheke.at\/katalog\/wp-json\/wp\/v2\/product_cat?post=52743"},{"taxonomy":"product_tag","embeddable":true,"href":"https:\/\/www.ernstbrunn-apotheke.at\/katalog\/wp-json\/wp\/v2\/product_tag?post=52743"}],"curies":[{"name":"wp","href":"https:\/\/api.w.org\/{rel}","templated":true}]}}