{"id":52740,"date":"2025-11-10T19:36:02","date_gmt":"2025-11-10T18:36:02","guid":{"rendered":"https:\/\/www.ernstbrunn-apotheke.at\/katalog\/produkt\/drapal-knoblauch-mistel-weissdorn-aktivperlen-300-stk\/"},"modified":"2025-12-08T16:50:21","modified_gmt":"2025-12-08T15:50:21","slug":"drapal-knoblauch-mistel-weissdorn-aktivperlen-300-stk","status":"publish","type":"product","link":"https:\/\/www.ernstbrunn-apotheke.at\/katalog\/produkt\/drapal-knoblauch-mistel-weissdorn-aktivperlen-300-stk\/","title":{"rendered":"Drapal Knoblauch Mistel + Wei\u00dfdorn Aktivperlen 300 Stk."},"content":{"rendered":"<p>Drapal Knoblauch Mistel + Wei\u00dfdorn Aktivperlen unterst\u00fctzen unterschiedliche Funktionen des Herz- Kreislaufsystems erhalten Sie dieses Produkt in Packungen mit 150 und 300 St\u00fcck.<\/p>\n","protected":false},"excerpt":{"rendered":"<p>Drapal Knoblauch Mistel + Wei\u00dfdorn Aktivperlen unterst\u00fctzen unterschiedliche Funktionen des Herz- Kreislaufsystems erhalten Sie dieses Produkt in Packungen mit 150 und 300 St\u00fcck.<\/p>\n","protected":false},"featured_media":52742,"template":"","meta":{"_acf_changed":false},"product_brand":[],"product_cat":[792],"product_tag":[],"class_list":{"0":"post-52740","1":"product","2":"type-product","3":"status-publish","4":"has-post-thumbnail","6":"product_cat-d","7":"pa_packungsgroesse-300-stueck","9":"first","10":"instock","11":"shipping-taxable","12":"purchasable","13":"product-type-simple"},"acf":[],"_links":{"self":[{"href":"https:\/\/www.ernstbrunn-apotheke.at\/katalog\/wp-json\/wp\/v2\/product\/52740","targetHints":{"allow":["GET"]}}],"collection":[{"href":"https:\/\/www.ernstbrunn-apotheke.at\/katalog\/wp-json\/wp\/v2\/product"}],"about":[{"href":"https:\/\/www.ernstbrunn-apotheke.at\/katalog\/wp-json\/wp\/v2\/types\/product"}],"wp:featuredmedia":[{"embeddable":true,"href":"https:\/\/www.ernstbrunn-apotheke.at\/katalog\/wp-json\/wp\/v2\/media\/52742"}],"wp:attachment":[{"href":"https:\/\/www.ernstbrunn-apotheke.at\/katalog\/wp-json\/wp\/v2\/media?parent=52740"}],"wp:term":[{"taxonomy":"product_brand","embeddable":true,"href":"https:\/\/www.ernstbrunn-apotheke.at\/katalog\/wp-json\/wp\/v2\/product_brand?post=52740"},{"taxonomy":"product_cat","embeddable":true,"href":"https:\/\/www.ernstbrunn-apotheke.at\/katalog\/wp-json\/wp\/v2\/product_cat?post=52740"},{"taxonomy":"product_tag","embeddable":true,"href":"https:\/\/www.ernstbrunn-apotheke.at\/katalog\/wp-json\/wp\/v2\/product_tag?post=52740"}],"curies":[{"name":"wp","href":"https:\/\/api.w.org\/{rel}","templated":true}]}}