{"id":52692,"date":"2025-11-10T19:35:21","date_gmt":"2025-11-10T18:35:21","guid":{"rendered":"https:\/\/www.ernstbrunn-apotheke.at\/katalog\/produkt\/nicapur-chlorella-mit-vitamin-c-kapseln\/"},"modified":"2025-12-08T16:50:12","modified_gmt":"2025-12-08T15:50:12","slug":"nicapur-chlorella-mit-vitamin-c-kapseln","status":"publish","type":"product","link":"https:\/\/www.ernstbrunn-apotheke.at\/katalog\/produkt\/nicapur-chlorella-mit-vitamin-c-kapseln\/","title":{"rendered":"Nicapur Chlorella mit Vitamin C Kapseln"},"content":{"rendered":"<p>Nicapur Chlorella Kapseln mit Vitamin C ist ein Nahrungserg\u00e4nzungsmittel mit Chlorella vulgaris aus einem patentierten deutschen Kultivationssystem. H\u00f6chste Qualit\u00e4t und Reinheit.Chlorella vulgaris hat aufgrund ihrer Wand-Strukturen die F\u00e4higkeit, Schwermetalle und Umweltgifte aufzunehmen, zu binden und auszuscheiden.<\/p>\n","protected":false},"excerpt":{"rendered":"<p>Nicapur Chlorella Kapseln mit Vitamin C ist ein Nahrungserg\u00e4nzungsmittel mit Chlorella vulgaris aus einem patentierten deutschen Kultivationssystem. H\u00f6chste Qualit\u00e4t und Reinheit.Chlorella vulgaris hat aufgrund ihrer Wand-Strukturen die F\u00e4higkeit, Schwermetalle und Umweltgifte aufzunehmen, zu binden und auszuscheiden.<\/p>\n","protected":false},"featured_media":52694,"template":"","meta":{"_acf_changed":false},"product_brand":[352],"product_cat":[797],"product_tag":[],"class_list":{"0":"post-52692","1":"product","2":"type-product","3":"status-publish","4":"has-post-thumbnail","6":"product_brand-nicapur","7":"product_cat-n","8":"pa_packungsgroesse-90-stueck","10":"first","11":"instock","12":"shipping-taxable","13":"purchasable","14":"product-type-simple"},"acf":[],"_links":{"self":[{"href":"https:\/\/www.ernstbrunn-apotheke.at\/katalog\/wp-json\/wp\/v2\/product\/52692","targetHints":{"allow":["GET"]}}],"collection":[{"href":"https:\/\/www.ernstbrunn-apotheke.at\/katalog\/wp-json\/wp\/v2\/product"}],"about":[{"href":"https:\/\/www.ernstbrunn-apotheke.at\/katalog\/wp-json\/wp\/v2\/types\/product"}],"wp:featuredmedia":[{"embeddable":true,"href":"https:\/\/www.ernstbrunn-apotheke.at\/katalog\/wp-json\/wp\/v2\/media\/52694"}],"wp:attachment":[{"href":"https:\/\/www.ernstbrunn-apotheke.at\/katalog\/wp-json\/wp\/v2\/media?parent=52692"}],"wp:term":[{"taxonomy":"product_brand","embeddable":true,"href":"https:\/\/www.ernstbrunn-apotheke.at\/katalog\/wp-json\/wp\/v2\/product_brand?post=52692"},{"taxonomy":"product_cat","embeddable":true,"href":"https:\/\/www.ernstbrunn-apotheke.at\/katalog\/wp-json\/wp\/v2\/product_cat?post=52692"},{"taxonomy":"product_tag","embeddable":true,"href":"https:\/\/www.ernstbrunn-apotheke.at\/katalog\/wp-json\/wp\/v2\/product_tag?post=52692"}],"curies":[{"name":"wp","href":"https:\/\/api.w.org\/{rel}","templated":true}]}}