{"id":52672,"date":"2025-11-10T19:34:34","date_gmt":"2025-11-10T18:34:34","guid":{"rendered":"https:\/\/www.ernstbrunn-apotheke.at\/katalog\/produkt\/sanostol-lutschtabletten\/"},"modified":"2025-12-08T16:50:08","modified_gmt":"2025-12-08T15:50:08","slug":"sanostol-lutschtabletten","status":"publish","type":"product","link":"https:\/\/www.ernstbrunn-apotheke.at\/katalog\/produkt\/sanostol-lutschtabletten\/","title":{"rendered":"Sanostol Lutschtabletten"},"content":{"rendered":"<p>Sanostol Lutschtabletten dienen zur Erg\u00e4nzung der Ern\u00e4hrung in der Wachstums- und Entwicklungsphase und bei Abneigung gegen Milch und Milchprodukte. Ideal auch f\u00fcr unterwegs.<\/p>\n","protected":false},"excerpt":{"rendered":"<p>Sanostol Lutschtabletten dienen zur Erg\u00e4nzung der Ern\u00e4hrung in der Wachstums- und Entwicklungsphase und bei Abneigung gegen Milch und Milchprodukte. Ideal auch f\u00fcr unterwegs.<\/p>\n","protected":false},"featured_media":52674,"template":"","meta":{"_acf_changed":false},"product_brand":[1047],"product_cat":[791],"product_tag":[],"class_list":{"0":"post-52672","1":"product","2":"type-product","3":"status-publish","4":"has-post-thumbnail","6":"product_brand-sanostol","7":"product_cat-s","8":"pa_packungsgroesse-75-stueck","10":"first","11":"instock","12":"shipping-taxable","13":"purchasable","14":"product-type-simple"},"acf":[],"_links":{"self":[{"href":"https:\/\/www.ernstbrunn-apotheke.at\/katalog\/wp-json\/wp\/v2\/product\/52672","targetHints":{"allow":["GET"]}}],"collection":[{"href":"https:\/\/www.ernstbrunn-apotheke.at\/katalog\/wp-json\/wp\/v2\/product"}],"about":[{"href":"https:\/\/www.ernstbrunn-apotheke.at\/katalog\/wp-json\/wp\/v2\/types\/product"}],"wp:featuredmedia":[{"embeddable":true,"href":"https:\/\/www.ernstbrunn-apotheke.at\/katalog\/wp-json\/wp\/v2\/media\/52674"}],"wp:attachment":[{"href":"https:\/\/www.ernstbrunn-apotheke.at\/katalog\/wp-json\/wp\/v2\/media?parent=52672"}],"wp:term":[{"taxonomy":"product_brand","embeddable":true,"href":"https:\/\/www.ernstbrunn-apotheke.at\/katalog\/wp-json\/wp\/v2\/product_brand?post=52672"},{"taxonomy":"product_cat","embeddable":true,"href":"https:\/\/www.ernstbrunn-apotheke.at\/katalog\/wp-json\/wp\/v2\/product_cat?post=52672"},{"taxonomy":"product_tag","embeddable":true,"href":"https:\/\/www.ernstbrunn-apotheke.at\/katalog\/wp-json\/wp\/v2\/product_tag?post=52672"}],"curies":[{"name":"wp","href":"https:\/\/api.w.org\/{rel}","templated":true}]}}