{"id":52603,"date":"2025-11-10T19:33:54","date_gmt":"2025-11-10T18:33:54","guid":{"rendered":"https:\/\/www.ernstbrunn-apotheke.at\/katalog\/produkt\/pure-encapsulations-epa-dha-liquid-200-ml\/"},"modified":"2025-12-08T16:49:55","modified_gmt":"2025-12-08T15:49:55","slug":"pure-encapsulations-epa-dha-liquid-200-ml","status":"publish","type":"product","link":"https:\/\/www.ernstbrunn-apotheke.at\/katalog\/produkt\/pure-encapsulations-epa-dha-liquid-200-ml\/","title":{"rendered":"Pure Encapsulations EPA\/DHA Liquid 200 ml"},"content":{"rendered":"<p>Aufgrund von Fehlverschiebungen in unserer Ern\u00e4hrung (zu wenigfette Seefische, \u00fcberm\u00e4\u00dfiger Konsum an Transfetten, geh\u00e4rteten\u00d6len, tierischen Fetten) hat die Zufuhr von Fisch\u00f6len enorme undvielseitig positive Effekte auf den allgemeinen Gesundheitszustandsowie h\u00f6chsten Stellenwert f\u00fcr eine optimale Gesundheitsvorsorge.EPA\/DHA liquid ist hoch dosiert und liefert die standardisiertenOmega-3-Fetts\u00e4uren EPA (Eicosapentaens\u00e4ure) und DHA(Docosahexaens\u00e4ure) in einer geschmacksneutralen Form. Dieessentiellen Fetts\u00e4uren weisen herzsch\u00fctzende Eigenschaften1)auf und tragen zur Aufrechterhaltung eines normalen Blutdrucks2)bei. Omega-3-Fetts\u00e4uren sind zudem wichtige Bausubstanzen derMyelinscheiden.<\/p>\n","protected":false},"excerpt":{"rendered":"<p>Aufgrund von Fehlverschiebungen in unserer Ern\u00e4hrung (zu wenigfette Seefische, \u00fcberm\u00e4\u00dfiger Konsum an Transfetten, geh\u00e4rteten\u00d6len, tierischen Fetten) hat die Zufuhr von Fisch\u00f6len enorme undvielseitig positive Effekte auf den allgemeinen Gesundheitszustandsowie h\u00f6chsten Stellenwert f\u00fcr eine optimale Gesundheitsvorsorge.EPA\/DHA liquid ist hoch dosiert und liefert die standardisiertenOmega-3-Fetts\u00e4uren EPA (Eicosapentaens\u00e4ure) und DHA(Docosahexaens\u00e4ure) in einer geschmacksneutralen Form. Dieessentiellen Fetts\u00e4uren weisen herzsch\u00fctzende [&hellip;]<\/p>\n","protected":false},"featured_media":52605,"template":"","meta":{"_acf_changed":false},"product_brand":[336],"product_cat":[793],"product_tag":[],"class_list":{"0":"post-52603","1":"product","2":"type-product","3":"status-publish","4":"has-post-thumbnail","6":"product_brand-pure-encapsulations","7":"product_cat-p","8":"pa_packungsgroesse-200ml","10":"first","11":"instock","12":"shipping-taxable","13":"purchasable","14":"product-type-simple"},"acf":[],"_links":{"self":[{"href":"https:\/\/www.ernstbrunn-apotheke.at\/katalog\/wp-json\/wp\/v2\/product\/52603","targetHints":{"allow":["GET"]}}],"collection":[{"href":"https:\/\/www.ernstbrunn-apotheke.at\/katalog\/wp-json\/wp\/v2\/product"}],"about":[{"href":"https:\/\/www.ernstbrunn-apotheke.at\/katalog\/wp-json\/wp\/v2\/types\/product"}],"wp:featuredmedia":[{"embeddable":true,"href":"https:\/\/www.ernstbrunn-apotheke.at\/katalog\/wp-json\/wp\/v2\/media\/52605"}],"wp:attachment":[{"href":"https:\/\/www.ernstbrunn-apotheke.at\/katalog\/wp-json\/wp\/v2\/media?parent=52603"}],"wp:term":[{"taxonomy":"product_brand","embeddable":true,"href":"https:\/\/www.ernstbrunn-apotheke.at\/katalog\/wp-json\/wp\/v2\/product_brand?post=52603"},{"taxonomy":"product_cat","embeddable":true,"href":"https:\/\/www.ernstbrunn-apotheke.at\/katalog\/wp-json\/wp\/v2\/product_cat?post=52603"},{"taxonomy":"product_tag","embeddable":true,"href":"https:\/\/www.ernstbrunn-apotheke.at\/katalog\/wp-json\/wp\/v2\/product_tag?post=52603"}],"curies":[{"name":"wp","href":"https:\/\/api.w.org\/{rel}","templated":true}]}}