{"id":52576,"date":"2025-11-10T19:33:14","date_gmt":"2025-11-10T18:33:14","guid":{"rendered":"https:\/\/www.ernstbrunn-apotheke.at\/katalog\/produkt\/vivavit-vitamin-d3-weichkapseln-50-mcg-2000-i-e-60-stk\/"},"modified":"2025-12-08T16:49:50","modified_gmt":"2025-12-08T15:49:50","slug":"vivavit-vitamin-d3-weichkapseln-50-mcg-2000-i-e-60-stk","status":"publish","type":"product","link":"https:\/\/www.ernstbrunn-apotheke.at\/katalog\/produkt\/vivavit-vitamin-d3-weichkapseln-50-mcg-2000-i-e-60-stk\/","title":{"rendered":"VivaVit Vitamin D3 Weichkapseln 50 mcg (2000 I.E.) 60 Stk."},"content":{"rendered":"<p><font face=\"Calibri\">SonisoVit\u00aeD3 ist ein Nahrungserg\u00e4nzungsmittel mit Vitamin D3. <br \/> Vitamin D3 spielt eine wesentliche Rolle in unserem K\u00f6rper, da es der K\u00f6rper mit Hilfe der Sonneneinstrahlung selbst herstellen kann.<br \/> Selbst in Sommermonaten sind wir durch unsere moderne Lebensweise und zu geringer Sonnenaufnahme nicht in der Lage, ausreichend Vitamin D zu produzieren.<br \/> Vor allem bei S\u00e4uglingen, Frauen w\u00e4hrend der Schwangerschaft und Stillzeit sowie \u00e4lteren Menschen, besteht ein erh\u00f6hter Bedarf an diesem Vitamin.<br \/> Daher empfiehlt es sich hochdosiertes Vitamin D3 in Form von SonisoVit\u00aeD3 zuzuf\u00fchren.<br \/> Packungsgr\u00f6\u00dfe:<br \/> 60 St\u00fcck (2-Monatspackungen)<\/p>\n<p> Nahrungserg\u00e4nzungsmittel mit Vitamin D3<br \/> 50 \u00b5g (2000 I.E.) Vitamin D3<br \/> Vitamin D3 tr\u00e4gt zum Erhalt von normalen Knochen und der Muskelfunktion bei. <\/font><\/p>\n","protected":false},"excerpt":{"rendered":"<p>SonisoVit\u00aeD3 ist ein Nahrungserg\u00e4nzungsmittel mit Vitamin D3. Vitamin D3 spielt eine wesentliche Rolle in unserem K\u00f6rper, da es der K\u00f6rper mit Hilfe der Sonneneinstrahlung selbst herstellen kann. Selbst in Sommermonaten sind wir durch unsere moderne Lebensweise und zu geringer Sonnenaufnahme nicht in der Lage, ausreichend Vitamin D zu produzieren. Vor allem bei S\u00e4uglingen, Frauen w\u00e4hrend [&hellip;]<\/p>\n","protected":false},"featured_media":52578,"template":"","meta":{"_acf_changed":false},"product_brand":[],"product_cat":[799],"product_tag":[],"class_list":{"0":"post-52576","1":"product","2":"type-product","3":"status-publish","4":"has-post-thumbnail","6":"product_cat-v","7":"pa_farbe-gelb","8":"pa_packungsgroesse-60-stueck","10":"first","11":"instock","12":"shipping-taxable","13":"purchasable","14":"product-type-simple"},"acf":[],"_links":{"self":[{"href":"https:\/\/www.ernstbrunn-apotheke.at\/katalog\/wp-json\/wp\/v2\/product\/52576","targetHints":{"allow":["GET"]}}],"collection":[{"href":"https:\/\/www.ernstbrunn-apotheke.at\/katalog\/wp-json\/wp\/v2\/product"}],"about":[{"href":"https:\/\/www.ernstbrunn-apotheke.at\/katalog\/wp-json\/wp\/v2\/types\/product"}],"wp:featuredmedia":[{"embeddable":true,"href":"https:\/\/www.ernstbrunn-apotheke.at\/katalog\/wp-json\/wp\/v2\/media\/52578"}],"wp:attachment":[{"href":"https:\/\/www.ernstbrunn-apotheke.at\/katalog\/wp-json\/wp\/v2\/media?parent=52576"}],"wp:term":[{"taxonomy":"product_brand","embeddable":true,"href":"https:\/\/www.ernstbrunn-apotheke.at\/katalog\/wp-json\/wp\/v2\/product_brand?post=52576"},{"taxonomy":"product_cat","embeddable":true,"href":"https:\/\/www.ernstbrunn-apotheke.at\/katalog\/wp-json\/wp\/v2\/product_cat?post=52576"},{"taxonomy":"product_tag","embeddable":true,"href":"https:\/\/www.ernstbrunn-apotheke.at\/katalog\/wp-json\/wp\/v2\/product_tag?post=52576"}],"curies":[{"name":"wp","href":"https:\/\/api.w.org\/{rel}","templated":true}]}}