{"id":52529,"date":"2025-11-10T19:31:46","date_gmt":"2025-11-10T18:31:46","guid":{"rendered":"https:\/\/www.ernstbrunn-apotheke.at\/katalog\/produkt\/centrum-tabletten-generation-50\/"},"modified":"2025-12-08T16:49:42","modified_gmt":"2025-12-08T15:49:42","slug":"centrum-tabletten-generation-50","status":"publish","type":"product","link":"https:\/\/www.ernstbrunn-apotheke.at\/katalog\/produkt\/centrum-tabletten-generation-50\/","title":{"rendered":"Centrum Tabletten Generation 50+"},"content":{"rendered":"<p>Der Energiebedarf im Alter sinkt, aber die erforderliche Menge an Mikron\u00e4hrstoffen sollte weiterhin gleicherma\u00dfen gew\u00e4hrleistet sein. Denn diese sind f\u00fcr den Erhalt des Wohlbefindens und der Leistungsf\u00e4higkeit besonders wichtig. Vitamin B12 beispielsweise tr\u00e4gt zu einem normalen Energiestoffwechsel und Vitamin C zu einer normalen Funktion des Immunsystems bei. Die N\u00e4hrstoff-Formel Centrum \u201eGeneration 50+\u201c ist speziell an die N\u00e4hrstoffbed\u00fcrfnisse von Best Agern angepasst. Somit erg\u00e4nzt Centrum \u201eGeneration 50+\u201c die Ern\u00e4hrung von Best Agern sinnvoll und bildet eine gesunde Basis f\u00fcr ihr Wohlbefinden.<\/p>\n","protected":false},"excerpt":{"rendered":"<p>Der Energiebedarf im Alter sinkt, aber die erforderliche Menge an Mikron\u00e4hrstoffen sollte weiterhin gleicherma\u00dfen gew\u00e4hrleistet sein. Denn diese sind f\u00fcr den Erhalt des Wohlbefindens und der Leistungsf\u00e4higkeit besonders wichtig. Vitamin B12 beispielsweise tr\u00e4gt zu einem normalen Energiestoffwechsel und Vitamin C zu einer normalen Funktion des Immunsystems bei. Die N\u00e4hrstoff-Formel Centrum \u201eGeneration 50+\u201c ist speziell an [&hellip;]<\/p>\n","protected":false},"featured_media":52531,"template":"","meta":{"_acf_changed":false},"product_brand":[1052],"product_cat":[812],"product_tag":[],"class_list":{"0":"post-52529","1":"product","2":"type-product","3":"status-publish","4":"has-post-thumbnail","6":"product_brand-centrum","7":"product_cat-c","8":"pa_packungsgroesse-30-stueck","10":"first","11":"instock","12":"shipping-taxable","13":"purchasable","14":"product-type-simple"},"acf":[],"_links":{"self":[{"href":"https:\/\/www.ernstbrunn-apotheke.at\/katalog\/wp-json\/wp\/v2\/product\/52529","targetHints":{"allow":["GET"]}}],"collection":[{"href":"https:\/\/www.ernstbrunn-apotheke.at\/katalog\/wp-json\/wp\/v2\/product"}],"about":[{"href":"https:\/\/www.ernstbrunn-apotheke.at\/katalog\/wp-json\/wp\/v2\/types\/product"}],"wp:featuredmedia":[{"embeddable":true,"href":"https:\/\/www.ernstbrunn-apotheke.at\/katalog\/wp-json\/wp\/v2\/media\/52531"}],"wp:attachment":[{"href":"https:\/\/www.ernstbrunn-apotheke.at\/katalog\/wp-json\/wp\/v2\/media?parent=52529"}],"wp:term":[{"taxonomy":"product_brand","embeddable":true,"href":"https:\/\/www.ernstbrunn-apotheke.at\/katalog\/wp-json\/wp\/v2\/product_brand?post=52529"},{"taxonomy":"product_cat","embeddable":true,"href":"https:\/\/www.ernstbrunn-apotheke.at\/katalog\/wp-json\/wp\/v2\/product_cat?post=52529"},{"taxonomy":"product_tag","embeddable":true,"href":"https:\/\/www.ernstbrunn-apotheke.at\/katalog\/wp-json\/wp\/v2\/product_tag?post=52529"}],"curies":[{"name":"wp","href":"https:\/\/api.w.org\/{rel}","templated":true}]}}