{"id":52505,"date":"2025-11-10T19:31:46","date_gmt":"2025-11-10T18:31:46","guid":{"rendered":"https:\/\/www.ernstbrunn-apotheke.at\/katalog\/produkt\/orthomol-mental-granulat-plus-kapseln-30-stk\/"},"modified":"2025-12-08T16:49:38","modified_gmt":"2025-12-08T15:49:38","slug":"orthomol-mental-granulat-plus-kapseln-30-stk","status":"publish","type":"product","link":"https:\/\/www.ernstbrunn-apotheke.at\/katalog\/produkt\/orthomol-mental-granulat-plus-kapseln-30-stk\/","title":{"rendered":"Orthomol Mental Granulat plus Kapseln 30 Stk."},"content":{"rendered":"<p>Orthomol Mental\u00ae Granulat plus Kapseln 30 Stk. ist ein Nahrungserg\u00e4nzungsmittel mit wichtigen Mikron\u00e4hrstoffen f\u00fcr Gehirn, Konzentration und Ged\u00e4chtnis. Pantothens\u00e4ure tr\u00e4gt zu einer normalen geistigen Leistung bei. Die Omega-3-Fetts\u00e4ure DHA tr\u00e4gt zur Erhaltung der normalen Gehirnfunktion bei. Vitamin B1 (Thiamin), Vitamin B2 (Riboflavin), Vitamin B6, Vitamin B12, Biotin, Niacin, Vitamin C und Magnesium tragen zu einer normalen Funktion des Nervensystems bei. Zink tr\u00e4gt zu einer normalen kognitiven Funktion bei. Vitamin B2 (Riboflavin), Vitamin C und Vitamin E sowie Zink und Selen tragen zum Schutz der Zellen vor oxidativem Stress bei &#8211; jetzt online bestellen und immer &#8222;an alles gedacht&#8220;!<\/p>\n","protected":false},"excerpt":{"rendered":"<p>Orthomol Mental\u00ae Granulat plus Kapseln 30 Stk. ist ein Nahrungserg\u00e4nzungsmittel mit wichtigen Mikron\u00e4hrstoffen f\u00fcr Gehirn, Konzentration und Ged\u00e4chtnis. Pantothens\u00e4ure tr\u00e4gt zu einer normalen geistigen Leistung bei. Die Omega-3-Fetts\u00e4ure DHA tr\u00e4gt zur Erhaltung der normalen Gehirnfunktion bei. Vitamin B1 (Thiamin), Vitamin B2 (Riboflavin), Vitamin B6, Vitamin B12, Biotin, Niacin, Vitamin C und Magnesium tragen zu einer [&hellip;]<\/p>\n","protected":false},"featured_media":52507,"template":"","meta":{"_acf_changed":false},"product_brand":[387],"product_cat":[819],"product_tag":[],"class_list":{"0":"post-52505","1":"product","2":"type-product","3":"status-publish","4":"has-post-thumbnail","6":"product_brand-orthomol","7":"product_cat-o","8":"pa_packungsgroesse-30-stueck","10":"first","11":"instock","12":"shipping-taxable","13":"purchasable","14":"product-type-simple"},"acf":[],"_links":{"self":[{"href":"https:\/\/www.ernstbrunn-apotheke.at\/katalog\/wp-json\/wp\/v2\/product\/52505","targetHints":{"allow":["GET"]}}],"collection":[{"href":"https:\/\/www.ernstbrunn-apotheke.at\/katalog\/wp-json\/wp\/v2\/product"}],"about":[{"href":"https:\/\/www.ernstbrunn-apotheke.at\/katalog\/wp-json\/wp\/v2\/types\/product"}],"wp:featuredmedia":[{"embeddable":true,"href":"https:\/\/www.ernstbrunn-apotheke.at\/katalog\/wp-json\/wp\/v2\/media\/52507"}],"wp:attachment":[{"href":"https:\/\/www.ernstbrunn-apotheke.at\/katalog\/wp-json\/wp\/v2\/media?parent=52505"}],"wp:term":[{"taxonomy":"product_brand","embeddable":true,"href":"https:\/\/www.ernstbrunn-apotheke.at\/katalog\/wp-json\/wp\/v2\/product_brand?post=52505"},{"taxonomy":"product_cat","embeddable":true,"href":"https:\/\/www.ernstbrunn-apotheke.at\/katalog\/wp-json\/wp\/v2\/product_cat?post=52505"},{"taxonomy":"product_tag","embeddable":true,"href":"https:\/\/www.ernstbrunn-apotheke.at\/katalog\/wp-json\/wp\/v2\/product_tag?post=52505"}],"curies":[{"name":"wp","href":"https:\/\/api.w.org\/{rel}","templated":true}]}}