{"id":52501,"date":"2025-11-10T19:31:46","date_gmt":"2025-11-10T18:31:46","guid":{"rendered":"https:\/\/www.ernstbrunn-apotheke.at\/katalog\/produkt\/pure-encapsulations-a-c-formula-60-stk\/"},"modified":"2025-12-08T16:49:36","modified_gmt":"2025-12-08T15:49:36","slug":"pure-encapsulations-a-c-formula-60-stk","status":"publish","type":"product","link":"https:\/\/www.ernstbrunn-apotheke.at\/katalog\/produkt\/pure-encapsulations-a-c-formula-60-stk\/","title":{"rendered":"Pure Encapsulations A.C. Formula 60 Stk."},"content":{"rendered":"<p>Pure Encapsulations\u00ae A.C. Formula\u00ae ist g\u00e4nzlich frei von probiotischenSt\u00e4mmen und basiert auf hochwertigen, naturidentenReinsubstanzen. H\u00f6chstm\u00f6gliche Qualit\u00e4tsstandards garantieren,dass die verwendeten Inhaltsstoffe maximal vertr\u00e4glich sind undeine optimale Bioverf\u00fcgbarkeit aufweisen. Deshalb gelten wir auchweltweit als das Original bei Reinsubstanzen. Zum leichten Lebenbedarf es wenig. Pure Encapsulations\u00ae A.C. Formula\u00ae ist laktosefrei,fruktosefrei und glutenfrei. Auch auf k\u00fcnstliche Farb- und Geschmacksstoffehat man bei Pure Encapsulations\u00ae verzichtet. Ganzrein eben..<\/p>\n","protected":false},"excerpt":{"rendered":"<p>Pure Encapsulations\u00ae A.C. Formula\u00ae ist g\u00e4nzlich frei von probiotischenSt\u00e4mmen und basiert auf hochwertigen, naturidentenReinsubstanzen. H\u00f6chstm\u00f6gliche Qualit\u00e4tsstandards garantieren,dass die verwendeten Inhaltsstoffe maximal vertr\u00e4glich sind undeine optimale Bioverf\u00fcgbarkeit aufweisen. Deshalb gelten wir auchweltweit als das Original bei Reinsubstanzen. Zum leichten Lebenbedarf es wenig. Pure Encapsulations\u00ae A.C. Formula\u00ae ist laktosefrei,fruktosefrei und glutenfrei. Auch auf k\u00fcnstliche Farb- und Geschmacksstoffehat [&hellip;]<\/p>\n","protected":false},"featured_media":52503,"template":"","meta":{"_acf_changed":false},"product_brand":[336],"product_cat":[793],"product_tag":[],"class_list":{"0":"post-52501","1":"product","2":"type-product","3":"status-publish","4":"has-post-thumbnail","6":"product_brand-pure-encapsulations","7":"product_cat-p","8":"pa_packungsgroesse-120-stueck","9":"pa_packungsgroesse-60-stueck","11":"first","12":"instock","13":"shipping-taxable","14":"purchasable","15":"product-type-simple"},"acf":[],"_links":{"self":[{"href":"https:\/\/www.ernstbrunn-apotheke.at\/katalog\/wp-json\/wp\/v2\/product\/52501","targetHints":{"allow":["GET"]}}],"collection":[{"href":"https:\/\/www.ernstbrunn-apotheke.at\/katalog\/wp-json\/wp\/v2\/product"}],"about":[{"href":"https:\/\/www.ernstbrunn-apotheke.at\/katalog\/wp-json\/wp\/v2\/types\/product"}],"wp:featuredmedia":[{"embeddable":true,"href":"https:\/\/www.ernstbrunn-apotheke.at\/katalog\/wp-json\/wp\/v2\/media\/52503"}],"wp:attachment":[{"href":"https:\/\/www.ernstbrunn-apotheke.at\/katalog\/wp-json\/wp\/v2\/media?parent=52501"}],"wp:term":[{"taxonomy":"product_brand","embeddable":true,"href":"https:\/\/www.ernstbrunn-apotheke.at\/katalog\/wp-json\/wp\/v2\/product_brand?post=52501"},{"taxonomy":"product_cat","embeddable":true,"href":"https:\/\/www.ernstbrunn-apotheke.at\/katalog\/wp-json\/wp\/v2\/product_cat?post=52501"},{"taxonomy":"product_tag","embeddable":true,"href":"https:\/\/www.ernstbrunn-apotheke.at\/katalog\/wp-json\/wp\/v2\/product_tag?post=52501"}],"curies":[{"name":"wp","href":"https:\/\/api.w.org\/{rel}","templated":true}]}}