{"id":52484,"date":"2025-11-10T19:31:12","date_gmt":"2025-11-10T18:31:12","guid":{"rendered":"https:\/\/www.ernstbrunn-apotheke.at\/katalog\/produkt\/magnerot-classic-tabletten-100-stk\/"},"modified":"2025-12-08T16:49:32","modified_gmt":"2025-12-08T15:49:32","slug":"magnerot-classic-tabletten-100-stk","status":"publish","type":"product","link":"https:\/\/www.ernstbrunn-apotheke.at\/katalog\/produkt\/magnerot-classic-tabletten-100-stk\/","title":{"rendered":"Magnerot Classic Tabletten 100 Stk."},"content":{"rendered":"<p>Magnerot Classic Tabletten enthalten neben Magnesium auch Orots\u00e4ure. Sie ist eine wichtige k\u00f6rpereigene Substanz und kommt in der Natur vor allem in der Muttermilch vor. Die Orots\u00e4ure kann den Energiegehalt in den Herzmuskelzellen erh\u00f6hen. Dadurch ist das Herz besser gegen Stress und starke Belastungen gesch\u00fctzt.<\/p>\n","protected":false},"excerpt":{"rendered":"<p>Magnerot Classic Tabletten enthalten neben Magnesium auch Orots\u00e4ure. Sie ist eine wichtige k\u00f6rpereigene Substanz und kommt in der Natur vor allem in der Muttermilch vor. Die Orots\u00e4ure kann den Energiegehalt in den Herzmuskelzellen erh\u00f6hen. Dadurch ist das Herz besser gegen Stress und starke Belastungen gesch\u00fctzt.<\/p>\n","protected":false},"featured_media":52486,"template":"","meta":{"_acf_changed":false},"product_brand":[],"product_cat":[800],"product_tag":[],"class_list":{"0":"post-52484","1":"product","2":"type-product","3":"status-publish","4":"has-post-thumbnail","6":"product_cat-m","7":"pa_packungsgroesse-100-stueck","9":"first","10":"instock","11":"shipping-taxable","12":"purchasable","13":"product-type-simple"},"acf":[],"_links":{"self":[{"href":"https:\/\/www.ernstbrunn-apotheke.at\/katalog\/wp-json\/wp\/v2\/product\/52484","targetHints":{"allow":["GET"]}}],"collection":[{"href":"https:\/\/www.ernstbrunn-apotheke.at\/katalog\/wp-json\/wp\/v2\/product"}],"about":[{"href":"https:\/\/www.ernstbrunn-apotheke.at\/katalog\/wp-json\/wp\/v2\/types\/product"}],"wp:featuredmedia":[{"embeddable":true,"href":"https:\/\/www.ernstbrunn-apotheke.at\/katalog\/wp-json\/wp\/v2\/media\/52486"}],"wp:attachment":[{"href":"https:\/\/www.ernstbrunn-apotheke.at\/katalog\/wp-json\/wp\/v2\/media?parent=52484"}],"wp:term":[{"taxonomy":"product_brand","embeddable":true,"href":"https:\/\/www.ernstbrunn-apotheke.at\/katalog\/wp-json\/wp\/v2\/product_brand?post=52484"},{"taxonomy":"product_cat","embeddable":true,"href":"https:\/\/www.ernstbrunn-apotheke.at\/katalog\/wp-json\/wp\/v2\/product_cat?post=52484"},{"taxonomy":"product_tag","embeddable":true,"href":"https:\/\/www.ernstbrunn-apotheke.at\/katalog\/wp-json\/wp\/v2\/product_tag?post=52484"}],"curies":[{"name":"wp","href":"https:\/\/api.w.org\/{rel}","templated":true}]}}