{"id":52480,"date":"2025-11-10T19:31:12","date_gmt":"2025-11-10T18:31:12","guid":{"rendered":"https:\/\/www.ernstbrunn-apotheke.at\/katalog\/produkt\/pure-encapsulations-a-i-enzymes-60-stk\/"},"modified":"2025-12-08T16:49:31","modified_gmt":"2025-12-08T15:49:31","slug":"pure-encapsulations-a-i-enzymes-60-stk","status":"publish","type":"product","link":"https:\/\/www.ernstbrunn-apotheke.at\/katalog\/produkt\/pure-encapsulations-a-i-enzymes-60-stk\/","title":{"rendered":"Pure Encapsulations A.I. Enzymes 60 Stk."},"content":{"rendered":"<p>Pure Encapsulations\u00ae A.I. Enzymes ist eine Enzym-Kombinationohne tierische Bestandteile, auf pflanzlicher Basis hergestellt, mitvielseitigen Eigenschaften und basiert auf hochwertigen, naturidentenReinsubstanzen. H\u00f6chstm\u00f6gliche Qualit\u00e4tsstandards garantieren,dass die verwendeten Inhaltsstoffe maximal vertr\u00e4glich sindund eine optimale Bioverf\u00fcgbarkeit aufweisen. Deshalb gelten wirauch weltweit als das Original bei Reinsubstanzen. Zum leichtenLeben bedarf es wenig. Pure Encapsulations\u00ae A.I. Enzymes ist laktosefrei,fruktosefrei und glutenfrei. Auch auf k\u00fcnstliche Farb- undGeschmacksstoffe hat man bei Pure Encapsulations\u00ae verzichtet \u2013 zum permanenten Superpreis bestellen!<\/p>\n","protected":false},"excerpt":{"rendered":"<p>Pure Encapsulations\u00ae A.I. Enzymes ist eine Enzym-Kombinationohne tierische Bestandteile, auf pflanzlicher Basis hergestellt, mitvielseitigen Eigenschaften und basiert auf hochwertigen, naturidentenReinsubstanzen. H\u00f6chstm\u00f6gliche Qualit\u00e4tsstandards garantieren,dass die verwendeten Inhaltsstoffe maximal vertr\u00e4glich sindund eine optimale Bioverf\u00fcgbarkeit aufweisen. Deshalb gelten wirauch weltweit als das Original bei Reinsubstanzen. Zum leichtenLeben bedarf es wenig. Pure Encapsulations\u00ae A.I. Enzymes ist laktosefrei,fruktosefrei und glutenfrei. [&hellip;]<\/p>\n","protected":false},"featured_media":52482,"template":"","meta":{"_acf_changed":false},"product_brand":[336],"product_cat":[793],"product_tag":[],"class_list":{"0":"post-52480","1":"product","2":"type-product","3":"status-publish","4":"has-post-thumbnail","6":"product_brand-pure-encapsulations","7":"product_cat-p","8":"pa_packungsgroesse-60-stueck","10":"first","11":"instock","12":"shipping-taxable","13":"purchasable","14":"product-type-simple"},"acf":[],"_links":{"self":[{"href":"https:\/\/www.ernstbrunn-apotheke.at\/katalog\/wp-json\/wp\/v2\/product\/52480","targetHints":{"allow":["GET"]}}],"collection":[{"href":"https:\/\/www.ernstbrunn-apotheke.at\/katalog\/wp-json\/wp\/v2\/product"}],"about":[{"href":"https:\/\/www.ernstbrunn-apotheke.at\/katalog\/wp-json\/wp\/v2\/types\/product"}],"wp:featuredmedia":[{"embeddable":true,"href":"https:\/\/www.ernstbrunn-apotheke.at\/katalog\/wp-json\/wp\/v2\/media\/52482"}],"wp:attachment":[{"href":"https:\/\/www.ernstbrunn-apotheke.at\/katalog\/wp-json\/wp\/v2\/media?parent=52480"}],"wp:term":[{"taxonomy":"product_brand","embeddable":true,"href":"https:\/\/www.ernstbrunn-apotheke.at\/katalog\/wp-json\/wp\/v2\/product_brand?post=52480"},{"taxonomy":"product_cat","embeddable":true,"href":"https:\/\/www.ernstbrunn-apotheke.at\/katalog\/wp-json\/wp\/v2\/product_cat?post=52480"},{"taxonomy":"product_tag","embeddable":true,"href":"https:\/\/www.ernstbrunn-apotheke.at\/katalog\/wp-json\/wp\/v2\/product_tag?post=52480"}],"curies":[{"name":"wp","href":"https:\/\/api.w.org\/{rel}","templated":true}]}}