{"id":52408,"date":"2025-11-10T19:29:58","date_gmt":"2025-11-10T18:29:58","guid":{"rendered":"https:\/\/www.ernstbrunn-apotheke.at\/katalog\/produkt\/twardy-zink-plus-selen-kapseln-100-stk\/"},"modified":"2025-12-08T16:49:16","modified_gmt":"2025-12-08T15:49:16","slug":"twardy-zink-plus-selen-kapseln-100-stk","status":"publish","type":"product","link":"https:\/\/www.ernstbrunn-apotheke.at\/katalog\/produkt\/twardy-zink-plus-selen-kapseln-100-stk\/","title":{"rendered":"Twardy Zink plus Selen Kapseln 100 Stk."},"content":{"rendered":"<p>Twardy Zink plus Selen Kapseln enthalten die essenziellen Spurenelemente Zink und Selen. Sie m\u00fcssen \u00fcber die Nahrung regelm\u00e4\u00dfig aufgenommen werden, da sie vom K\u00f6rper nicht selbst hergestellt werden k\u00f6nnen. Zink und Selen tragen zu einer normalen Funktion des Immunsystems und zum Schutz der Zellen vor oxidativem Stress bei<\/p>\n","protected":false},"excerpt":{"rendered":"<p>Twardy Zink plus Selen Kapseln enthalten die essenziellen Spurenelemente Zink und Selen. Sie m\u00fcssen \u00fcber die Nahrung regelm\u00e4\u00dfig aufgenommen werden, da sie vom K\u00f6rper nicht selbst hergestellt werden k\u00f6nnen. Zink und Selen tragen zu einer normalen Funktion des Immunsystems und zum Schutz der Zellen vor oxidativem Stress bei<\/p>\n","protected":false},"featured_media":52410,"template":"","meta":{"_acf_changed":false},"product_brand":[507],"product_cat":[798],"product_tag":[],"class_list":{"0":"post-52408","1":"product","2":"type-product","3":"status-publish","4":"has-post-thumbnail","6":"product_brand-twardy","7":"product_cat-t","8":"pa_packungsgroesse-100-stueck","9":"pa_packungsgroesse-40-stueck","11":"first","12":"instock","13":"shipping-taxable","14":"purchasable","15":"product-type-simple"},"acf":[],"_links":{"self":[{"href":"https:\/\/www.ernstbrunn-apotheke.at\/katalog\/wp-json\/wp\/v2\/product\/52408","targetHints":{"allow":["GET"]}}],"collection":[{"href":"https:\/\/www.ernstbrunn-apotheke.at\/katalog\/wp-json\/wp\/v2\/product"}],"about":[{"href":"https:\/\/www.ernstbrunn-apotheke.at\/katalog\/wp-json\/wp\/v2\/types\/product"}],"wp:featuredmedia":[{"embeddable":true,"href":"https:\/\/www.ernstbrunn-apotheke.at\/katalog\/wp-json\/wp\/v2\/media\/52410"}],"wp:attachment":[{"href":"https:\/\/www.ernstbrunn-apotheke.at\/katalog\/wp-json\/wp\/v2\/media?parent=52408"}],"wp:term":[{"taxonomy":"product_brand","embeddable":true,"href":"https:\/\/www.ernstbrunn-apotheke.at\/katalog\/wp-json\/wp\/v2\/product_brand?post=52408"},{"taxonomy":"product_cat","embeddable":true,"href":"https:\/\/www.ernstbrunn-apotheke.at\/katalog\/wp-json\/wp\/v2\/product_cat?post=52408"},{"taxonomy":"product_tag","embeddable":true,"href":"https:\/\/www.ernstbrunn-apotheke.at\/katalog\/wp-json\/wp\/v2\/product_tag?post=52408"}],"curies":[{"name":"wp","href":"https:\/\/api.w.org\/{rel}","templated":true}]}}