{"id":52395,"date":"2025-11-10T19:29:36","date_gmt":"2025-11-10T18:29:36","guid":{"rendered":"https:\/\/www.ernstbrunn-apotheke.at\/katalog\/produkt\/pure-encapsulations-selen-55-90-stk\/"},"modified":"2025-12-08T16:49:11","modified_gmt":"2025-12-08T15:49:11","slug":"pure-encapsulations-selen-55-90-stk","status":"publish","type":"product","link":"https:\/\/www.ernstbrunn-apotheke.at\/katalog\/produkt\/pure-encapsulations-selen-55-90-stk\/","title":{"rendered":"Pure Encapsulations Selen 55 90 Stk."},"content":{"rendered":"<p>Wichtiges Spurenelement und Antioxidans \u2013 hefefrei! Das Spurenelement Selen kommt im Erdboden sowie dem Gestein vor und gelangt \u00fcber Pflanzen und Getreide in die Nahrungskette. In Europa sind die B\u00f6den allgemein nicht besonders reich an Selen, weshalb sich bei Mitteleurop\u00e4ern h\u00e4ufig ein Defizit an diesem essentiellen Spurenelement feststellen l\u00e4sst. Selen sch\u00fctzt als Radikalf\u00e4nger vor oxidativen Zellsch\u00e4den und unterst\u00fctzt das Immunsystem. Selenmethionin wird als organische Selenverbindung vom Organismus sehr gut aufgenommen.<\/p>\n","protected":false},"excerpt":{"rendered":"<p>Wichtiges Spurenelement und Antioxidans \u2013 hefefrei! Das Spurenelement Selen kommt im Erdboden sowie dem Gestein vor und gelangt \u00fcber Pflanzen und Getreide in die Nahrungskette. In Europa sind die B\u00f6den allgemein nicht besonders reich an Selen, weshalb sich bei Mitteleurop\u00e4ern h\u00e4ufig ein Defizit an diesem essentiellen Spurenelement feststellen l\u00e4sst. Selen sch\u00fctzt als Radikalf\u00e4nger vor oxidativen [&hellip;]<\/p>\n","protected":false},"featured_media":52397,"template":"","meta":{"_acf_changed":false},"product_brand":[336],"product_cat":[793],"product_tag":[],"class_list":{"0":"post-52395","1":"product","2":"type-product","3":"status-publish","4":"has-post-thumbnail","6":"product_brand-pure-encapsulations","7":"product_cat-p","8":"pa_packungsgroesse-90-stueck","10":"first","11":"instock","12":"shipping-taxable","13":"purchasable","14":"product-type-simple"},"acf":[],"_links":{"self":[{"href":"https:\/\/www.ernstbrunn-apotheke.at\/katalog\/wp-json\/wp\/v2\/product\/52395","targetHints":{"allow":["GET"]}}],"collection":[{"href":"https:\/\/www.ernstbrunn-apotheke.at\/katalog\/wp-json\/wp\/v2\/product"}],"about":[{"href":"https:\/\/www.ernstbrunn-apotheke.at\/katalog\/wp-json\/wp\/v2\/types\/product"}],"wp:featuredmedia":[{"embeddable":true,"href":"https:\/\/www.ernstbrunn-apotheke.at\/katalog\/wp-json\/wp\/v2\/media\/52397"}],"wp:attachment":[{"href":"https:\/\/www.ernstbrunn-apotheke.at\/katalog\/wp-json\/wp\/v2\/media?parent=52395"}],"wp:term":[{"taxonomy":"product_brand","embeddable":true,"href":"https:\/\/www.ernstbrunn-apotheke.at\/katalog\/wp-json\/wp\/v2\/product_brand?post=52395"},{"taxonomy":"product_cat","embeddable":true,"href":"https:\/\/www.ernstbrunn-apotheke.at\/katalog\/wp-json\/wp\/v2\/product_cat?post=52395"},{"taxonomy":"product_tag","embeddable":true,"href":"https:\/\/www.ernstbrunn-apotheke.at\/katalog\/wp-json\/wp\/v2\/product_tag?post=52395"}],"curies":[{"name":"wp","href":"https:\/\/api.w.org\/{rel}","templated":true}]}}