{"id":52352,"date":"2025-11-10T19:28:56","date_gmt":"2025-11-10T18:28:56","guid":{"rendered":"https:\/\/www.ernstbrunn-apotheke.at\/katalog\/produkt\/pure-encapsulations-vitamin-d3-400-i-e-60-stk\/"},"modified":"2025-12-08T16:49:01","modified_gmt":"2025-12-08T15:49:01","slug":"pure-encapsulations-vitamin-d3-400-i-e-60-stk","status":"publish","type":"product","link":"https:\/\/www.ernstbrunn-apotheke.at\/katalog\/produkt\/pure-encapsulations-vitamin-d3-400-i-e-60-stk\/","title":{"rendered":"Pure Encapsulations Vitamin D3 400 I.E. 60 Stk."},"content":{"rendered":"<p>Vitamin D wird nicht umsonst als \u201eSonnenvitamin\u201c bezeichnet,denn unser K\u00f6rper kann es nur dann bilden, wenn die Hautausreichend Sonne tankt. Vor allem im Winter, wenn die Sonne zutief steht, kann die Versorgung zu w\u00fcnschen \u00fcbriglassen. Daherwird der Vitamin-D-Spiegel vor allem in den Wintermonaten sinken.Doch selbst im Sommer k\u00f6nnen verschiedenen Faktoren, wie eindunkler Hauttyp, das Alter oder ganz einfach Sonnenschutzcreme,die Vitamin-D-Synthese beeintr\u00e4chtigen. Umso wichtiger ist esdaher, ganzj\u00e4hrig auf seinen Vitamin-D-Spiegel zu achten und gegebenenfallsauf eine Erg\u00e4nzung zur\u00fcckzugreifen. Denn das fettl\u00f6slicheVitamin ist nicht nur f\u00fcr den Knochenstoffwechsel essenziell,sondern erf\u00fcllt wichtige Aufgaben hinsichtlich Immunsystem,Zellteilung und Muskelfunktion.<\/p>\n","protected":false},"excerpt":{"rendered":"<p>Vitamin D wird nicht umsonst als \u201eSonnenvitamin\u201c bezeichnet,denn unser K\u00f6rper kann es nur dann bilden, wenn die Hautausreichend Sonne tankt. Vor allem im Winter, wenn die Sonne zutief steht, kann die Versorgung zu w\u00fcnschen \u00fcbriglassen. Daherwird der Vitamin-D-Spiegel vor allem in den Wintermonaten sinken.Doch selbst im Sommer k\u00f6nnen verschiedenen Faktoren, wie eindunkler Hauttyp, das Alter [&hellip;]<\/p>\n","protected":false},"featured_media":52354,"template":"","meta":{"_acf_changed":false},"product_brand":[336],"product_cat":[793],"product_tag":[],"class_list":{"0":"post-52352","1":"product","2":"type-product","3":"status-publish","4":"has-post-thumbnail","6":"product_brand-pure-encapsulations","7":"product_cat-p","8":"pa_packungsgroesse-120-stueck","9":"pa_packungsgroesse-60-stueck","11":"first","12":"instock","13":"shipping-taxable","14":"purchasable","15":"product-type-simple"},"acf":[],"_links":{"self":[{"href":"https:\/\/www.ernstbrunn-apotheke.at\/katalog\/wp-json\/wp\/v2\/product\/52352","targetHints":{"allow":["GET"]}}],"collection":[{"href":"https:\/\/www.ernstbrunn-apotheke.at\/katalog\/wp-json\/wp\/v2\/product"}],"about":[{"href":"https:\/\/www.ernstbrunn-apotheke.at\/katalog\/wp-json\/wp\/v2\/types\/product"}],"wp:featuredmedia":[{"embeddable":true,"href":"https:\/\/www.ernstbrunn-apotheke.at\/katalog\/wp-json\/wp\/v2\/media\/52354"}],"wp:attachment":[{"href":"https:\/\/www.ernstbrunn-apotheke.at\/katalog\/wp-json\/wp\/v2\/media?parent=52352"}],"wp:term":[{"taxonomy":"product_brand","embeddable":true,"href":"https:\/\/www.ernstbrunn-apotheke.at\/katalog\/wp-json\/wp\/v2\/product_brand?post=52352"},{"taxonomy":"product_cat","embeddable":true,"href":"https:\/\/www.ernstbrunn-apotheke.at\/katalog\/wp-json\/wp\/v2\/product_cat?post=52352"},{"taxonomy":"product_tag","embeddable":true,"href":"https:\/\/www.ernstbrunn-apotheke.at\/katalog\/wp-json\/wp\/v2\/product_tag?post=52352"}],"curies":[{"name":"wp","href":"https:\/\/api.w.org\/{rel}","templated":true}]}}