{"id":52338,"date":"2025-11-10T19:28:34","date_gmt":"2025-11-10T18:28:34","guid":{"rendered":"https:\/\/www.ernstbrunn-apotheke.at\/katalog\/produkt\/vitactiv-b-vitamin-b-komplex-60-stk\/"},"modified":"2025-12-08T16:48:57","modified_gmt":"2025-12-08T15:48:57","slug":"vitactiv-b-vitamin-b-komplex-60-stk","status":"publish","type":"product","link":"https:\/\/www.ernstbrunn-apotheke.at\/katalog\/produkt\/vitactiv-b-vitamin-b-komplex-60-stk\/","title":{"rendered":"Vitactiv B Vitamin-B-Komplex 60 Stk."},"content":{"rendered":"<p>Vitactiv B Vitamin-B-Komplex dient zur optimalen Versorgung mit B-Vitaminen. Der Kamplex enth\u00e4lt die Vitamine B1, Fols\u00e4ure, Biotin und Pantothens\u00e4ure sowie B2, Niacin, B6 und b12 in ihrer biologisch aktiven Form. Die Vitamine des B-Komplexes haben gro\u00dfe Bedeutung f\u00fcr zahlreiche K\u00f6rperfunktionen und beeinflussen diese in vielerlei Hinsicht positiv. Jetzt bestellen und je 1 Tagesportion Orthomol Immun gratis erhalten!<\/p>\n","protected":false},"excerpt":{"rendered":"<p>Vitactiv B Vitamin-B-Komplex dient zur optimalen Versorgung mit B-Vitaminen. Der Kamplex enth\u00e4lt die Vitamine B1, Fols\u00e4ure, Biotin und Pantothens\u00e4ure sowie B2, Niacin, B6 und b12 in ihrer biologisch aktiven Form. Die Vitamine des B-Komplexes haben gro\u00dfe Bedeutung f\u00fcr zahlreiche K\u00f6rperfunktionen und beeinflussen diese in vielerlei Hinsicht positiv. Jetzt bestellen und je 1 Tagesportion Orthomol Immun [&hellip;]<\/p>\n","protected":false},"featured_media":52340,"template":"","meta":{"_acf_changed":false},"product_brand":[],"product_cat":[799],"product_tag":[],"class_list":{"0":"post-52338","1":"product","2":"type-product","3":"status-publish","4":"has-post-thumbnail","6":"product_cat-v","7":"pa_packungsgroesse-60-stueck","9":"first","10":"instock","11":"shipping-taxable","12":"purchasable","13":"product-type-simple"},"acf":[],"_links":{"self":[{"href":"https:\/\/www.ernstbrunn-apotheke.at\/katalog\/wp-json\/wp\/v2\/product\/52338","targetHints":{"allow":["GET"]}}],"collection":[{"href":"https:\/\/www.ernstbrunn-apotheke.at\/katalog\/wp-json\/wp\/v2\/product"}],"about":[{"href":"https:\/\/www.ernstbrunn-apotheke.at\/katalog\/wp-json\/wp\/v2\/types\/product"}],"wp:featuredmedia":[{"embeddable":true,"href":"https:\/\/www.ernstbrunn-apotheke.at\/katalog\/wp-json\/wp\/v2\/media\/52340"}],"wp:attachment":[{"href":"https:\/\/www.ernstbrunn-apotheke.at\/katalog\/wp-json\/wp\/v2\/media?parent=52338"}],"wp:term":[{"taxonomy":"product_brand","embeddable":true,"href":"https:\/\/www.ernstbrunn-apotheke.at\/katalog\/wp-json\/wp\/v2\/product_brand?post=52338"},{"taxonomy":"product_cat","embeddable":true,"href":"https:\/\/www.ernstbrunn-apotheke.at\/katalog\/wp-json\/wp\/v2\/product_cat?post=52338"},{"taxonomy":"product_tag","embeddable":true,"href":"https:\/\/www.ernstbrunn-apotheke.at\/katalog\/wp-json\/wp\/v2\/product_tag?post=52338"}],"curies":[{"name":"wp","href":"https:\/\/api.w.org\/{rel}","templated":true}]}}