{"id":52331,"date":"2025-11-10T19:28:34","date_gmt":"2025-11-10T18:28:34","guid":{"rendered":"https:\/\/www.ernstbrunn-apotheke.at\/katalog\/produkt\/pure-encapsulations-alpha-liponsaeure-200-mg-60-stk\/"},"modified":"2025-12-08T16:48:54","modified_gmt":"2025-12-08T15:48:54","slug":"pure-encapsulations-alpha-liponsaeure-200-mg-60-stk","status":"publish","type":"product","link":"https:\/\/www.ernstbrunn-apotheke.at\/katalog\/produkt\/pure-encapsulations-alpha-liponsaeure-200-mg-60-stk\/","title":{"rendered":"Pure Encapsulations Alpha Lipons\u00e4ure 200 mg 60 Stk."},"content":{"rendered":"<p>Pure Encapsulations\u00ae Alpha Lipons\u00e4ure 200 mg enth\u00e4lt die auchals Thiocts\u00e4ure bekannte Alpha Lipons\u00e4ure, welche vom K\u00f6rperin geringem Ma\u00dfe selbst produziert wird. Das Produkt basiert aufhochwertigen, naturidenten Reinsubstanzen. H\u00f6chstm\u00f6glicheQualit\u00e4tsstandards garantieren, dass die verwendeten Inhaltsstoffemaximal vertr\u00e4glich sind und eine optimale Bioverf\u00fcgbarkeitaufweisen. Deshalb gelten wir auch weltweit als das Original beiReinsubstanzen. Zum leichten Leben bedarf es wenig. Pure Encapsulations\u00ae Alpha Lipons\u00e4ure 200mg ist laktosefrei, fruktosefrei undglutenfrei. Auch auf k\u00fcnstliche Farb- und Geschmacksstoffe hatman bei Pure Encapsulations\u00ae verzichtet.<\/p>\n","protected":false},"excerpt":{"rendered":"<p>Pure Encapsulations\u00ae Alpha Lipons\u00e4ure 200 mg enth\u00e4lt die auchals Thiocts\u00e4ure bekannte Alpha Lipons\u00e4ure, welche vom K\u00f6rperin geringem Ma\u00dfe selbst produziert wird. Das Produkt basiert aufhochwertigen, naturidenten Reinsubstanzen. H\u00f6chstm\u00f6glicheQualit\u00e4tsstandards garantieren, dass die verwendeten Inhaltsstoffemaximal vertr\u00e4glich sind und eine optimale Bioverf\u00fcgbarkeitaufweisen. Deshalb gelten wir auch weltweit als das Original beiReinsubstanzen. Zum leichten Leben bedarf es wenig. Pure [&hellip;]<\/p>\n","protected":false},"featured_media":52333,"template":"","meta":{"_acf_changed":false},"product_brand":[336],"product_cat":[793],"product_tag":[],"class_list":{"0":"post-52331","1":"product","2":"type-product","3":"status-publish","4":"has-post-thumbnail","6":"product_brand-pure-encapsulations","7":"product_cat-p","8":"pa_packungsgroesse-120-stueck","9":"pa_packungsgroesse-60-stueck","11":"first","12":"instock","13":"shipping-taxable","14":"purchasable","15":"product-type-simple"},"acf":[],"_links":{"self":[{"href":"https:\/\/www.ernstbrunn-apotheke.at\/katalog\/wp-json\/wp\/v2\/product\/52331","targetHints":{"allow":["GET"]}}],"collection":[{"href":"https:\/\/www.ernstbrunn-apotheke.at\/katalog\/wp-json\/wp\/v2\/product"}],"about":[{"href":"https:\/\/www.ernstbrunn-apotheke.at\/katalog\/wp-json\/wp\/v2\/types\/product"}],"wp:featuredmedia":[{"embeddable":true,"href":"https:\/\/www.ernstbrunn-apotheke.at\/katalog\/wp-json\/wp\/v2\/media\/52333"}],"wp:attachment":[{"href":"https:\/\/www.ernstbrunn-apotheke.at\/katalog\/wp-json\/wp\/v2\/media?parent=52331"}],"wp:term":[{"taxonomy":"product_brand","embeddable":true,"href":"https:\/\/www.ernstbrunn-apotheke.at\/katalog\/wp-json\/wp\/v2\/product_brand?post=52331"},{"taxonomy":"product_cat","embeddable":true,"href":"https:\/\/www.ernstbrunn-apotheke.at\/katalog\/wp-json\/wp\/v2\/product_cat?post=52331"},{"taxonomy":"product_tag","embeddable":true,"href":"https:\/\/www.ernstbrunn-apotheke.at\/katalog\/wp-json\/wp\/v2\/product_tag?post=52331"}],"curies":[{"name":"wp","href":"https:\/\/api.w.org\/{rel}","templated":true}]}}