{"id":52305,"date":"2025-11-10T19:27:57","date_gmt":"2025-11-10T18:27:57","guid":{"rendered":"https:\/\/www.ernstbrunn-apotheke.at\/katalog\/produkt\/pure-encapsulations-l-tyrosin-90-stk\/"},"modified":"2025-12-08T16:48:49","modified_gmt":"2025-12-08T15:48:49","slug":"pure-encapsulations-l-tyrosin-90-stk","status":"publish","type":"product","link":"https:\/\/www.ernstbrunn-apotheke.at\/katalog\/produkt\/pure-encapsulations-l-tyrosin-90-stk\/","title":{"rendered":"Pure Encapsulations L-Tyrosin 90 Stk."},"content":{"rendered":"<p>Pure Encapsulations\u00ae L-Tyrosin enth\u00e4lt die Aminos\u00e4ure in ihrernat\u00fcrlichen L-Form und basiert auf hochwertigen, naturidentenReinsubstanzen. H\u00f6chstm\u00f6gliche Qualit\u00e4tsstandards garantieren,dass die verwendeten Inhaltsstoffe maximal vertr\u00e4glich sind undeine optimale Bioverf\u00fcgbarkeit aufweisen. Deshalb gelten wir auchweltweit als das Original bei Reinsubstanzen. Zum leichten Lebenbedarf es wenig. Pure Encapsulations\u00ae L-Tyrosin ist laktosefrei, fruktosefrei,glutenfrei und f\u00fcr Vegetarier geeignet. Auch auf k\u00fcnstlicheFarb- und Geschmacksstoffe hat man bei Pure Encapsulations\u00aeverzichtet.<\/p>\n","protected":false},"excerpt":{"rendered":"<p>Pure Encapsulations\u00ae L-Tyrosin enth\u00e4lt die Aminos\u00e4ure in ihrernat\u00fcrlichen L-Form und basiert auf hochwertigen, naturidentenReinsubstanzen. H\u00f6chstm\u00f6gliche Qualit\u00e4tsstandards garantieren,dass die verwendeten Inhaltsstoffe maximal vertr\u00e4glich sind undeine optimale Bioverf\u00fcgbarkeit aufweisen. Deshalb gelten wir auchweltweit als das Original bei Reinsubstanzen. Zum leichten Lebenbedarf es wenig. Pure Encapsulations\u00ae L-Tyrosin ist laktosefrei, fruktosefrei,glutenfrei und f\u00fcr Vegetarier geeignet. Auch auf k\u00fcnstlicheFarb- und [&hellip;]<\/p>\n","protected":false},"featured_media":6530,"template":"","meta":{"_acf_changed":false},"product_brand":[336],"product_cat":[793],"product_tag":[],"class_list":{"0":"post-52305","1":"product","2":"type-product","3":"status-publish","4":"has-post-thumbnail","6":"product_brand-pure-encapsulations","7":"product_cat-p","8":"pa_packungsgroesse-90-stueck","10":"first","11":"instock","12":"shipping-taxable","13":"purchasable","14":"product-type-simple"},"acf":[],"_links":{"self":[{"href":"https:\/\/www.ernstbrunn-apotheke.at\/katalog\/wp-json\/wp\/v2\/product\/52305","targetHints":{"allow":["GET"]}}],"collection":[{"href":"https:\/\/www.ernstbrunn-apotheke.at\/katalog\/wp-json\/wp\/v2\/product"}],"about":[{"href":"https:\/\/www.ernstbrunn-apotheke.at\/katalog\/wp-json\/wp\/v2\/types\/product"}],"wp:featuredmedia":[{"embeddable":true,"href":"https:\/\/www.ernstbrunn-apotheke.at\/katalog\/wp-json\/wp\/v2\/media\/6530"}],"wp:attachment":[{"href":"https:\/\/www.ernstbrunn-apotheke.at\/katalog\/wp-json\/wp\/v2\/media?parent=52305"}],"wp:term":[{"taxonomy":"product_brand","embeddable":true,"href":"https:\/\/www.ernstbrunn-apotheke.at\/katalog\/wp-json\/wp\/v2\/product_brand?post=52305"},{"taxonomy":"product_cat","embeddable":true,"href":"https:\/\/www.ernstbrunn-apotheke.at\/katalog\/wp-json\/wp\/v2\/product_cat?post=52305"},{"taxonomy":"product_tag","embeddable":true,"href":"https:\/\/www.ernstbrunn-apotheke.at\/katalog\/wp-json\/wp\/v2\/product_tag?post=52305"}],"curies":[{"name":"wp","href":"https:\/\/api.w.org\/{rel}","templated":true}]}}