{"id":52243,"date":"2025-11-10T19:26:44","date_gmt":"2025-11-10T18:26:44","guid":{"rendered":"https:\/\/www.ernstbrunn-apotheke.at\/katalog\/produkt\/calcium-verla-osteo-tabletten-100-stk\/"},"modified":"2025-12-08T16:48:35","modified_gmt":"2025-12-08T15:48:35","slug":"calcium-verla-osteo-tabletten-100-stk","status":"publish","type":"product","link":"https:\/\/www.ernstbrunn-apotheke.at\/katalog\/produkt\/calcium-verla-osteo-tabletten-100-stk\/","title":{"rendered":"Calcium Verla Osteo Tabletten 100 Stk."},"content":{"rendered":"<p class=\"MsoNormal\"><b>F\u00fcr gesunde und starke Knochen<\/b><\/p>\n<p class=\"MsoNormal\">UnserKnochenger\u00fcst ben\u00f6tigt auch im Erwachsenenalter spezielle N\u00e4hrstoffe bzw.Vitalstoffe. Ganz wichtig sind dabei die Mineralstoffe Calcium und Magnesium,die wir als Bausteine f\u00fcr unsere Knochen ben\u00f6tigen.<\/p>\n<p class=\"MsoNormal\"><b>Enth\u00e4lt zus\u00e4tzlich Zink, Vitamin Dund Vitamin K<\/b><\/p>\n<p class=\"MsoNormal\">F\u00fcr denProzess der Knochenneubildung ist der K\u00f6rper auf ausreichend Vitamin D, Zinkund Vitamin K angewiesen.<\/p>\n<p class=\"MsoNormal\"><b>Die Vitalstoffkombination f\u00fcr gesundeKnochen<\/b><\/p>\n<p>Mit wertvollen basenbildendenMineralstoffverbindungen<\/p>\n","protected":false},"excerpt":{"rendered":"<p>F\u00fcr gesunde und starke Knochen UnserKnochenger\u00fcst ben\u00f6tigt auch im Erwachsenenalter spezielle N\u00e4hrstoffe bzw.Vitalstoffe. Ganz wichtig sind dabei die Mineralstoffe Calcium und Magnesium,die wir als Bausteine f\u00fcr unsere Knochen ben\u00f6tigen. Enth\u00e4lt zus\u00e4tzlich Zink, Vitamin Dund Vitamin K F\u00fcr denProzess der Knochenneubildung ist der K\u00f6rper auf ausreichend Vitamin D, Zinkund Vitamin K angewiesen. Die Vitalstoffkombination f\u00fcr gesundeKnochen [&hellip;]<\/p>\n","protected":false},"featured_media":52245,"template":"","meta":{"_acf_changed":false},"product_brand":[1043],"product_cat":[812],"product_tag":[],"class_list":{"0":"post-52243","1":"product","2":"type-product","3":"status-publish","4":"has-post-thumbnail","6":"product_brand-verla","7":"product_cat-c","8":"pa_packungsgroesse-100-stueck","10":"first","11":"instock","12":"shipping-taxable","13":"purchasable","14":"product-type-simple"},"acf":[],"_links":{"self":[{"href":"https:\/\/www.ernstbrunn-apotheke.at\/katalog\/wp-json\/wp\/v2\/product\/52243","targetHints":{"allow":["GET"]}}],"collection":[{"href":"https:\/\/www.ernstbrunn-apotheke.at\/katalog\/wp-json\/wp\/v2\/product"}],"about":[{"href":"https:\/\/www.ernstbrunn-apotheke.at\/katalog\/wp-json\/wp\/v2\/types\/product"}],"wp:featuredmedia":[{"embeddable":true,"href":"https:\/\/www.ernstbrunn-apotheke.at\/katalog\/wp-json\/wp\/v2\/media\/52245"}],"wp:attachment":[{"href":"https:\/\/www.ernstbrunn-apotheke.at\/katalog\/wp-json\/wp\/v2\/media?parent=52243"}],"wp:term":[{"taxonomy":"product_brand","embeddable":true,"href":"https:\/\/www.ernstbrunn-apotheke.at\/katalog\/wp-json\/wp\/v2\/product_brand?post=52243"},{"taxonomy":"product_cat","embeddable":true,"href":"https:\/\/www.ernstbrunn-apotheke.at\/katalog\/wp-json\/wp\/v2\/product_cat?post=52243"},{"taxonomy":"product_tag","embeddable":true,"href":"https:\/\/www.ernstbrunn-apotheke.at\/katalog\/wp-json\/wp\/v2\/product_tag?post=52243"}],"curies":[{"name":"wp","href":"https:\/\/api.w.org\/{rel}","templated":true}]}}