{"id":52237,"date":"2025-11-10T19:26:44","date_gmt":"2025-11-10T18:26:44","guid":{"rendered":"https:\/\/www.ernstbrunn-apotheke.at\/katalog\/produkt\/dr-grubers-magnesium-chelat-tabletten\/"},"modified":"2025-12-08T16:48:34","modified_gmt":"2025-12-08T15:48:34","slug":"dr-grubers-magnesium-chelat-tabletten","status":"publish","type":"product","link":"https:\/\/www.ernstbrunn-apotheke.at\/katalog\/produkt\/dr-grubers-magnesium-chelat-tabletten\/","title":{"rendered":"Dr. Grubers Magnesium Chelat Tabletten"},"content":{"rendered":"<p class=\"MsoNormal\">Das Elektrolytgleichgewicht ist von Magnesium abh\u00e4ngig,daher sorgt dieses Mengenelement f\u00fcr die normale Funktion beimEnergiestoffwechsel, dem Nervensystems, bei der Zellteilung und derEiwei\u00dfsynthese.<\/p>\n<p class=\"MsoNormal\">Normale Muskelfunktion sowie normale psychische Funktionen*sind Magnesium zuzuschreiben und es sorgt f\u00fcr die Erhaltung der Knochen undZ\u00e4hne.<\/p>\n<p class=\"MsoNormal\">Magnesium und Calcium in Chelatform k\u00f6nnen zusammeneingenommen werden und behindern sich NICHT bei der Aufnahme (Resorption).<\/p>\n<p>*Darunter versteht man seelische Leistungen, dief\u00fcr den Ablauf eines Lernprozesses notwendig sind. Motivation, Wahrnehmung,Denken, Ged\u00e4chtnis oder der Wille zur Erledigung von Aufgaben z\u00e4hlen dazu<\/p>\n","protected":false},"excerpt":{"rendered":"<p>Das Elektrolytgleichgewicht ist von Magnesium abh\u00e4ngig,daher sorgt dieses Mengenelement f\u00fcr die normale Funktion beimEnergiestoffwechsel, dem Nervensystems, bei der Zellteilung und derEiwei\u00dfsynthese. Normale Muskelfunktion sowie normale psychische Funktionen*sind Magnesium zuzuschreiben und es sorgt f\u00fcr die Erhaltung der Knochen undZ\u00e4hne. Magnesium und Calcium in Chelatform k\u00f6nnen zusammeneingenommen werden und behindern sich NICHT bei der Aufnahme (Resorption). *Darunter [&hellip;]<\/p>\n","protected":false},"featured_media":52239,"template":"","meta":{"_acf_changed":false},"product_brand":[],"product_cat":[792],"product_tag":[],"class_list":{"0":"post-52237","1":"product","2":"type-product","3":"status-publish","4":"has-post-thumbnail","6":"product_cat-d","7":"pa_farbe-beige-weiss","8":"pa_geschmack-neutral","9":"pa_packungsgroesse-50-stueck","11":"first","12":"instock","13":"shipping-taxable","14":"purchasable","15":"product-type-simple"},"acf":[],"_links":{"self":[{"href":"https:\/\/www.ernstbrunn-apotheke.at\/katalog\/wp-json\/wp\/v2\/product\/52237","targetHints":{"allow":["GET"]}}],"collection":[{"href":"https:\/\/www.ernstbrunn-apotheke.at\/katalog\/wp-json\/wp\/v2\/product"}],"about":[{"href":"https:\/\/www.ernstbrunn-apotheke.at\/katalog\/wp-json\/wp\/v2\/types\/product"}],"wp:featuredmedia":[{"embeddable":true,"href":"https:\/\/www.ernstbrunn-apotheke.at\/katalog\/wp-json\/wp\/v2\/media\/52239"}],"wp:attachment":[{"href":"https:\/\/www.ernstbrunn-apotheke.at\/katalog\/wp-json\/wp\/v2\/media?parent=52237"}],"wp:term":[{"taxonomy":"product_brand","embeddable":true,"href":"https:\/\/www.ernstbrunn-apotheke.at\/katalog\/wp-json\/wp\/v2\/product_brand?post=52237"},{"taxonomy":"product_cat","embeddable":true,"href":"https:\/\/www.ernstbrunn-apotheke.at\/katalog\/wp-json\/wp\/v2\/product_cat?post=52237"},{"taxonomy":"product_tag","embeddable":true,"href":"https:\/\/www.ernstbrunn-apotheke.at\/katalog\/wp-json\/wp\/v2\/product_tag?post=52237"}],"curies":[{"name":"wp","href":"https:\/\/api.w.org\/{rel}","templated":true}]}}