{"id":52233,"date":"2025-11-10T19:26:14","date_gmt":"2025-11-10T18:26:14","guid":{"rendered":"https:\/\/www.ernstbrunn-apotheke.at\/katalog\/produkt\/pure-encapsulations-antioxidant-formel\/"},"modified":"2025-12-08T16:48:32","modified_gmt":"2025-12-08T15:48:32","slug":"pure-encapsulations-antioxidant-formel","status":"publish","type":"product","link":"https:\/\/www.ernstbrunn-apotheke.at\/katalog\/produkt\/pure-encapsulations-antioxidant-formel\/","title":{"rendered":"Pure Encapsulations AntiOxidant Formel"},"content":{"rendered":"<p>Antioxidanzien, auch Radikalf\u00e4nger genannt, k\u00f6nnen die K\u00f6rperzellenvor Einwirkungen freier Radikale sch\u00fctzen. Freie Radikaleentstehen bei zahlreichen Stoffwechselprozessen (z. B. Atmung,Energiestoffwechsel) sowie durch \u00e4u\u00dfere Einfl\u00fcsse, z. B. Rauchen.Nimmt die Zahl freier Radikale \u00fcberhand, spricht man von oxidativemStress\u201c. Ziel ist es, einen ausgeglichenen Zustand zwischenOxidanzien und Antioxidanzien aufrechtzuerhalten.<\/p>\n","protected":false},"excerpt":{"rendered":"<p>Antioxidanzien, auch Radikalf\u00e4nger genannt, k\u00f6nnen die K\u00f6rperzellenvor Einwirkungen freier Radikale sch\u00fctzen. Freie Radikaleentstehen bei zahlreichen Stoffwechselprozessen (z. B. Atmung,Energiestoffwechsel) sowie durch \u00e4u\u00dfere Einfl\u00fcsse, z. B. Rauchen.Nimmt die Zahl freier Radikale \u00fcberhand, spricht man von oxidativemStress\u201c. Ziel ist es, einen ausgeglichenen Zustand zwischenOxidanzien und Antioxidanzien aufrechtzuerhalten.<\/p>\n","protected":false},"featured_media":52235,"template":"","meta":{"_acf_changed":false},"product_brand":[336],"product_cat":[793],"product_tag":[],"class_list":{"0":"post-52233","1":"product","2":"type-product","3":"status-publish","4":"has-post-thumbnail","6":"product_brand-pure-encapsulations","7":"product_cat-p","8":"pa_packungsgroesse-120-stueck","9":"pa_packungsgroesse-60-stueck","11":"first","12":"instock","13":"shipping-taxable","14":"purchasable","15":"product-type-simple"},"acf":[],"_links":{"self":[{"href":"https:\/\/www.ernstbrunn-apotheke.at\/katalog\/wp-json\/wp\/v2\/product\/52233","targetHints":{"allow":["GET"]}}],"collection":[{"href":"https:\/\/www.ernstbrunn-apotheke.at\/katalog\/wp-json\/wp\/v2\/product"}],"about":[{"href":"https:\/\/www.ernstbrunn-apotheke.at\/katalog\/wp-json\/wp\/v2\/types\/product"}],"wp:featuredmedia":[{"embeddable":true,"href":"https:\/\/www.ernstbrunn-apotheke.at\/katalog\/wp-json\/wp\/v2\/media\/52235"}],"wp:attachment":[{"href":"https:\/\/www.ernstbrunn-apotheke.at\/katalog\/wp-json\/wp\/v2\/media?parent=52233"}],"wp:term":[{"taxonomy":"product_brand","embeddable":true,"href":"https:\/\/www.ernstbrunn-apotheke.at\/katalog\/wp-json\/wp\/v2\/product_brand?post=52233"},{"taxonomy":"product_cat","embeddable":true,"href":"https:\/\/www.ernstbrunn-apotheke.at\/katalog\/wp-json\/wp\/v2\/product_cat?post=52233"},{"taxonomy":"product_tag","embeddable":true,"href":"https:\/\/www.ernstbrunn-apotheke.at\/katalog\/wp-json\/wp\/v2\/product_tag?post=52233"}],"curies":[{"name":"wp","href":"https:\/\/api.w.org\/{rel}","templated":true}]}}