{"id":52216,"date":"2025-11-10T19:26:14","date_gmt":"2025-11-10T18:26:14","guid":{"rendered":"https:\/\/www.ernstbrunn-apotheke.at\/katalog\/produkt\/pure-encapsulations-schwangerschafts-box\/"},"modified":"2025-12-08T16:48:28","modified_gmt":"2025-12-08T15:48:28","slug":"pure-encapsulations-schwangerschafts-box","status":"publish","type":"product","link":"https:\/\/www.ernstbrunn-apotheke.at\/katalog\/produkt\/pure-encapsulations-schwangerschafts-box\/","title":{"rendered":"Pure Encapsulations Schwangerschafts Box"},"content":{"rendered":"<p>Die Zufuhr von Omega-3-Fetts\u00e4uren, insbesondere der entwicklungsf\u00f6rderndenDocosahexaens\u00e4ure (DHA), ist besonders w\u00e4hrendder Schwangerschaft und Stillzeit sinnvollDie Aufnahme von Docosahexaens\u00e4ure (DHA) durch die Mutter tr\u00e4gt zur normalen Entwicklung der Augen beim F\u00f6tus und beim gestillten S\u00e4ugling beiDie Aufnahme von Docosahexaens\u00e4ure (DHA) durch die Mutter tr\u00e4gt zur normalen Entwicklung des Gehirns beim F\u00f6tus und beim gestillten S\u00e4ugling beiEine ausreichende Versorgung wird f\u00fcr die Entwicklung und Funktion von Gehirn und Augen ben\u00f6tigtDHA tr\u00e4gt zur Erhaltung einer normalen Gehirnfunktion und Sehkraft beiDie zus\u00e4tzliche Zufuhr von DHA ist bereits ab Beginn der Schwangerschaftsinnvoll und sp\u00e4testens ab dem 4. Schwangerschaftsmonatempfehlenswert. Schwangerschafts-DHA liefert essentielleOmega-3-Fetts\u00e4uren mit hohem DHA-Anteil und unterst\u00fctzt einenausgewogenen Versorgungszustand von Mutter und Kind.<\/p>\n","protected":false},"excerpt":{"rendered":"<p>Die Zufuhr von Omega-3-Fetts\u00e4uren, insbesondere der entwicklungsf\u00f6rderndenDocosahexaens\u00e4ure (DHA), ist besonders w\u00e4hrendder Schwangerschaft und Stillzeit sinnvollDie Aufnahme von Docosahexaens\u00e4ure (DHA) durch die Mutter tr\u00e4gt zur normalen Entwicklung der Augen beim F\u00f6tus und beim gestillten S\u00e4ugling beiDie Aufnahme von Docosahexaens\u00e4ure (DHA) durch die Mutter tr\u00e4gt zur normalen Entwicklung des Gehirns beim F\u00f6tus und beim gestillten S\u00e4ugling beiEine [&hellip;]<\/p>\n","protected":false},"featured_media":52218,"template":"","meta":{"_acf_changed":false},"product_brand":[336],"product_cat":[793],"product_tag":[],"class_list":{"0":"post-52216","1":"product","2":"type-product","3":"status-publish","4":"has-post-thumbnail","6":"product_brand-pure-encapsulations","7":"product_cat-p","8":"pa_packungsgroesse-60-60-stueck","10":"first","11":"instock","12":"shipping-taxable","13":"purchasable","14":"product-type-simple"},"acf":[],"_links":{"self":[{"href":"https:\/\/www.ernstbrunn-apotheke.at\/katalog\/wp-json\/wp\/v2\/product\/52216","targetHints":{"allow":["GET"]}}],"collection":[{"href":"https:\/\/www.ernstbrunn-apotheke.at\/katalog\/wp-json\/wp\/v2\/product"}],"about":[{"href":"https:\/\/www.ernstbrunn-apotheke.at\/katalog\/wp-json\/wp\/v2\/types\/product"}],"wp:featuredmedia":[{"embeddable":true,"href":"https:\/\/www.ernstbrunn-apotheke.at\/katalog\/wp-json\/wp\/v2\/media\/52218"}],"wp:attachment":[{"href":"https:\/\/www.ernstbrunn-apotheke.at\/katalog\/wp-json\/wp\/v2\/media?parent=52216"}],"wp:term":[{"taxonomy":"product_brand","embeddable":true,"href":"https:\/\/www.ernstbrunn-apotheke.at\/katalog\/wp-json\/wp\/v2\/product_brand?post=52216"},{"taxonomy":"product_cat","embeddable":true,"href":"https:\/\/www.ernstbrunn-apotheke.at\/katalog\/wp-json\/wp\/v2\/product_cat?post=52216"},{"taxonomy":"product_tag","embeddable":true,"href":"https:\/\/www.ernstbrunn-apotheke.at\/katalog\/wp-json\/wp\/v2\/product_tag?post=52216"}],"curies":[{"name":"wp","href":"https:\/\/api.w.org\/{rel}","templated":true}]}}