{"id":52210,"date":"2025-11-10T19:26:14","date_gmt":"2025-11-10T18:26:14","guid":{"rendered":"https:\/\/www.ernstbrunn-apotheke.at\/katalog\/produkt\/pure-encapsulations-l-carnitin-60-stk\/"},"modified":"2025-12-08T16:48:27","modified_gmt":"2025-12-08T15:48:27","slug":"pure-encapsulations-l-carnitin-60-stk","status":"publish","type":"product","link":"https:\/\/www.ernstbrunn-apotheke.at\/katalog\/produkt\/pure-encapsulations-l-carnitin-60-stk\/","title":{"rendered":"Pure Encapsulations L-Carnitin 60 Stk."},"content":{"rendered":"<p>Pure Encapsulations\u00ae L-Carnitin basiert auf hochwertigen, naturidenten Reinsubstanzen. L-Carnitin ist eine k\u00f6rpereigene Verbindung, die in der Leber und den Nieren aus den essentiellen Aminos\u00e4uren L-Lysin und L-Methionin gebildet wird. Als Speicher im K\u00f6rper dient vor allem die Skelettmuskulatur. Das Produkt leistet einen wichtigen ern\u00e4hrungsphysiologischen Beitrag zur t\u00e4glichen Versorgung und eignet sich zur Erg\u00e4nzung bei vegetarischer oder veganer Ern\u00e4hrung.H\u00f6chstm\u00f6gliche Qualit\u00e4tsstandards garantieren, dass die verwendeten Inhaltsstoffe maximal vertr\u00e4glich sind und eine optimale Bioverf\u00fcgbarkeit aufweisen. Deshalb gelten wir auch weltweit als das Original bei Reinsubstanzen. Pure Encapsulations\u00ae L-Carnitin ist laktosefrei, fruktosefrei und glutenfrei. Auch auf k\u00fcnstliche Farb- und Geschmackstoffe hat man bei Pure Encapsulations\u00ae verzichtet.<\/p>\n","protected":false},"excerpt":{"rendered":"<p>Pure Encapsulations\u00ae L-Carnitin basiert auf hochwertigen, naturidenten Reinsubstanzen. L-Carnitin ist eine k\u00f6rpereigene Verbindung, die in der Leber und den Nieren aus den essentiellen Aminos\u00e4uren L-Lysin und L-Methionin gebildet wird. Als Speicher im K\u00f6rper dient vor allem die Skelettmuskulatur. Das Produkt leistet einen wichtigen ern\u00e4hrungsphysiologischen Beitrag zur t\u00e4glichen Versorgung und eignet sich zur Erg\u00e4nzung bei vegetarischer [&hellip;]<\/p>\n","protected":false},"featured_media":52212,"template":"","meta":{"_acf_changed":false},"product_brand":[336],"product_cat":[793],"product_tag":[],"class_list":{"0":"post-52210","1":"product","2":"type-product","3":"status-publish","4":"has-post-thumbnail","6":"product_brand-pure-encapsulations","7":"product_cat-p","8":"pa_packungsgroesse-120-stueck","9":"pa_packungsgroesse-60-stueck","11":"first","12":"instock","13":"shipping-taxable","14":"purchasable","15":"product-type-simple"},"acf":[],"_links":{"self":[{"href":"https:\/\/www.ernstbrunn-apotheke.at\/katalog\/wp-json\/wp\/v2\/product\/52210","targetHints":{"allow":["GET"]}}],"collection":[{"href":"https:\/\/www.ernstbrunn-apotheke.at\/katalog\/wp-json\/wp\/v2\/product"}],"about":[{"href":"https:\/\/www.ernstbrunn-apotheke.at\/katalog\/wp-json\/wp\/v2\/types\/product"}],"wp:featuredmedia":[{"embeddable":true,"href":"https:\/\/www.ernstbrunn-apotheke.at\/katalog\/wp-json\/wp\/v2\/media\/52212"}],"wp:attachment":[{"href":"https:\/\/www.ernstbrunn-apotheke.at\/katalog\/wp-json\/wp\/v2\/media?parent=52210"}],"wp:term":[{"taxonomy":"product_brand","embeddable":true,"href":"https:\/\/www.ernstbrunn-apotheke.at\/katalog\/wp-json\/wp\/v2\/product_brand?post=52210"},{"taxonomy":"product_cat","embeddable":true,"href":"https:\/\/www.ernstbrunn-apotheke.at\/katalog\/wp-json\/wp\/v2\/product_cat?post=52210"},{"taxonomy":"product_tag","embeddable":true,"href":"https:\/\/www.ernstbrunn-apotheke.at\/katalog\/wp-json\/wp\/v2\/product_tag?post=52210"}],"curies":[{"name":"wp","href":"https:\/\/api.w.org\/{rel}","templated":true}]}}