{"id":52206,"date":"2025-11-10T19:25:21","date_gmt":"2025-11-10T18:25:21","guid":{"rendered":"https:\/\/www.ernstbrunn-apotheke.at\/katalog\/produkt\/pure-encapsulations-mineral-650a-180-stk\/"},"modified":"2025-12-08T16:48:25","modified_gmt":"2025-12-08T15:48:25","slug":"pure-encapsulations-mineral-650a-180-stk","status":"publish","type":"product","link":"https:\/\/www.ernstbrunn-apotheke.at\/katalog\/produkt\/pure-encapsulations-mineral-650a-180-stk\/","title":{"rendered":"Pure Encapsulations Mineral 650a 180 Stk."},"content":{"rendered":"<p>Mineral 650A besteht aus organischen Mineralstoffen und Spurenelementen,die vom K\u00f6rper optimal aufgenommen werden. Mineralstoffeund Spurenelemente sind f\u00fcr den Aufbau der Knochensowie f\u00fcr die Funktion des Nervensystems essentiell und sind ander Regulation des Wasser- und Elektrolythaushalts beteiligt.\u00dcber den Schwei\u00df werden Mineralstoffe und Spurenelementeausgeschieden (z. B. im Sport), was zu einem vermehrten Bedarff\u00fchren kann. Zur Auff\u00fcllung k\u00f6rpereigener Speicher kann derVerzehr entsprechender Mikron\u00e4hrstoffe zielf\u00fchrend sein. Mineral650A, das u.a. Magnesium und Calcium enth\u00e4lt, kann zu einemausgeglichenen Elektrolythaushalt beitragen. Die in der Formel enthaltenenMikron\u00e4hrstoffe sind auch f\u00fcr den Stoffwechsel sowie denAufbau und die Neubildung von K\u00f6rperstrukturen (z. B. Knochen)notwendig.<\/p>\n","protected":false},"excerpt":{"rendered":"<p>Mineral 650A besteht aus organischen Mineralstoffen und Spurenelementen,die vom K\u00f6rper optimal aufgenommen werden. Mineralstoffeund Spurenelemente sind f\u00fcr den Aufbau der Knochensowie f\u00fcr die Funktion des Nervensystems essentiell und sind ander Regulation des Wasser- und Elektrolythaushalts beteiligt.\u00dcber den Schwei\u00df werden Mineralstoffe und Spurenelementeausgeschieden (z. B. im Sport), was zu einem vermehrten Bedarff\u00fchren kann. Zur Auff\u00fcllung k\u00f6rpereigener [&hellip;]<\/p>\n","protected":false},"featured_media":52208,"template":"","meta":{"_acf_changed":false},"product_brand":[336],"product_cat":[793],"product_tag":[],"class_list":{"0":"post-52206","1":"product","2":"type-product","3":"status-publish","4":"has-post-thumbnail","6":"product_brand-pure-encapsulations","7":"product_cat-p","8":"pa_packungsgroesse-180-stueck","9":"pa_packungsgroesse-90-stueck","11":"first","12":"instock","13":"shipping-taxable","14":"purchasable","15":"product-type-simple"},"acf":[],"_links":{"self":[{"href":"https:\/\/www.ernstbrunn-apotheke.at\/katalog\/wp-json\/wp\/v2\/product\/52206","targetHints":{"allow":["GET"]}}],"collection":[{"href":"https:\/\/www.ernstbrunn-apotheke.at\/katalog\/wp-json\/wp\/v2\/product"}],"about":[{"href":"https:\/\/www.ernstbrunn-apotheke.at\/katalog\/wp-json\/wp\/v2\/types\/product"}],"wp:featuredmedia":[{"embeddable":true,"href":"https:\/\/www.ernstbrunn-apotheke.at\/katalog\/wp-json\/wp\/v2\/media\/52208"}],"wp:attachment":[{"href":"https:\/\/www.ernstbrunn-apotheke.at\/katalog\/wp-json\/wp\/v2\/media?parent=52206"}],"wp:term":[{"taxonomy":"product_brand","embeddable":true,"href":"https:\/\/www.ernstbrunn-apotheke.at\/katalog\/wp-json\/wp\/v2\/product_brand?post=52206"},{"taxonomy":"product_cat","embeddable":true,"href":"https:\/\/www.ernstbrunn-apotheke.at\/katalog\/wp-json\/wp\/v2\/product_cat?post=52206"},{"taxonomy":"product_tag","embeddable":true,"href":"https:\/\/www.ernstbrunn-apotheke.at\/katalog\/wp-json\/wp\/v2\/product_tag?post=52206"}],"curies":[{"name":"wp","href":"https:\/\/api.w.org\/{rel}","templated":true}]}}