{"id":52166,"date":"2025-11-10T19:25:21","date_gmt":"2025-11-10T18:25:21","guid":{"rendered":"https:\/\/www.ernstbrunn-apotheke.at\/katalog\/produkt\/dr-jacobs-vitamin-d3-oel-tropfen-20-ml\/"},"modified":"2025-12-08T16:48:18","modified_gmt":"2025-12-08T15:48:18","slug":"dr-jacobs-vitamin-d3-oel-tropfen-20-ml","status":"publish","type":"product","link":"https:\/\/www.ernstbrunn-apotheke.at\/katalog\/produkt\/dr-jacobs-vitamin-d3-oel-tropfen-20-ml\/","title":{"rendered":"Dr. Jacobs Vitamin-D3-\u00d6l Tropfen 20 ml"},"content":{"rendered":"<h2>Vitamin D<sub>3<\/sub>\u00a0\u2013 das Sonnenvitamin in Tropfenform<\/h2>\n<p>&#13;<\/p>\n<p>Vitamin D<sub>3<\/sub>\u00a0\u00d6l mit praktischer Pipette f\u00fcr einfache Dosierung<\/p>\n<p>&#13;<\/p>\n<p>\u2713\u00a0<strong>Hervorragendes Preis-Leistungsverh\u00e4ltnis<\/strong>: 512.000 I.E. pro Flasche<br \/>\u2713\u00a0<strong>Optimale Bioverf\u00fcgbarkeit<\/strong>\u00a0durch Vitamin D auf \u00d6l-Basis<br \/>\u2713\u00a0<strong>Optimale Stabilit\u00e4t<\/strong>\u00a0durch die nat\u00fcrliche Vitamin E-Familie<br \/>\u2713\u00a0<strong>Herstellung in Deutschland\u00a0<\/strong>mit Vitamin D aus Deutschland in Arzneibuchqualit\u00e4t<\/p>\n<p>&#13;<\/p>\n<p>20 ml (640 Portionen \u00e0 800 I.E. Vitamin D<sub>3<\/sub>)<\/p>\n<p>&#13;<\/p>\n<h3>Warum Vitamin D<sub>3<\/sub>?<\/h3>\n<p>&#13;<\/p>\n<p>Den Gro\u00dfteil des Sonnenvitamins bildet unser K\u00f6rper bei ausreichender Sonneneinstrahlung in der Haut selbst. Im Herbst und Winter, bei zu kurzen Aufenthalten in der Sonne (B\u00fcroarbeit) und dunkler Hautfarbe reicht das jedoch h\u00e4ufig nicht aus. Hinzu kommt, dass im Alter die k\u00f6rpereigene Produktion des Sonnenvitamins nachl\u00e4sst. Bei fehlender k\u00f6rpereigener Vitamin-D-Bildung empfiehlt die Deutsche Gesellschaft f\u00fcr Ern\u00e4hrung f\u00fcr Erwachsene eine t\u00e4gliche Zufuhr von 20 \u03bcg (800 I.E.) Vitamin D. Dies entspricht 1 Tropfen Dr. Jacob\u2019s Vitamin D<sub>3<\/sub>\u00a0\u00d6l. Aus gesundheitlichen Gr\u00fcnden kann eine h\u00f6here Dosierung sinnvoll sein.<\/p>\n<p>&#13;<\/p>\n<h3>\u00a0<\/h3>\n<p>&#13;<\/p>\n<h3>Vitamin D<sub>3<\/sub>\u00a0\u00d6l f\u00fcr Ihre Gesundheit<\/h3>\n<p>&#13;<\/p>\n<p>Das Sonnenvitamin D leistet einen wissenschaftlich gesicherten Gesundheitsbeitrag zu folgenden normalen K\u00f6rperfunktionen: \u00a0\u00a0<\/p>\n<p>&#13;<\/p>\n<ul>&#13;<\/p>\n<li>Funktion des<strong>\u00a0Immunsystems<\/strong><\/li>\n<p>&#13;<\/p>\n<li>Erhaltung der<strong>\u00a0Knochen<\/strong>\u00a0und\u00a0<strong>Z\u00e4hne<\/strong><\/li>\n<p>&#13;<\/p>\n<li>Erhaltung der\u00a0<strong>Muskelfunktion<\/strong><\/li>\n<p>&#13;<\/p>\n<li>Funktion der<strong>\u00a0Zellteilung<\/strong><\/li>\n<p>&#13;<\/p>\n<li>normaler\u00a0<strong>Calciumspiegel im Blut<\/strong><\/li>\n<p>&#13;\n<\/ul>\n<p>&#13;<\/p>\n<p>Frische Luft, regelm\u00e4\u00dfige Bewegung und eine ausgewogene Ern\u00e4hrung bilden die Basis f\u00fcr eine stabile Gesundheit. Doch manchmal kann das Immunsystem etwas \u201eExtrahilfe\u201c gebrauchen.<\/p>\n<p>&#13;<\/p>\n<p>\u00a0<\/p>\n<p>&#13;<\/p>\n<h3>Vitamin D<sub>3<\/sub>\u00a0kann Sturzrisiko reduzieren<\/h3>\n<p>&#13;<\/p>\n<p>Insbesondere ab 60 Jahren sind St\u00fcrze ein Risikofaktor f\u00fcr Knochenbr\u00fcche. Das erh\u00f6hte Sturzrisiko im Alter kann unter anderem in Zusammenhang mit der Vitamin-D-Versorgung stehen. Die t\u00e4gliche Einnahme von 800 I.E. Vitamin D aus allen Quellen f\u00fchrt bei \u00e4lteren Menschen ab 60 Jahren zu einer Verminderung des Sturzrisikos in Zusammenhang mit k\u00f6rperlicher Instabilit\u00e4t und Muskelschw\u00e4che. Die ausreichende Zufuhr an Vitamin D tr\u00e4gt zudem zur Erhaltung der normalen Muskelfunktion und normaler Knochen bei.<\/p>\n","protected":false},"excerpt":{"rendered":"<p>Vitamin D3\u00a0\u2013 das Sonnenvitamin in Tropfenform &#13; Vitamin D3\u00a0\u00d6l mit praktischer Pipette f\u00fcr einfache Dosierung &#13; \u2713\u00a0Hervorragendes Preis-Leistungsverh\u00e4ltnis: 512.000 I.E. pro Flasche\u2713\u00a0Optimale Bioverf\u00fcgbarkeit\u00a0durch Vitamin D auf \u00d6l-Basis\u2713\u00a0Optimale Stabilit\u00e4t\u00a0durch die nat\u00fcrliche Vitamin E-Familie\u2713\u00a0Herstellung in Deutschland\u00a0mit Vitamin D aus Deutschland in Arzneibuchqualit\u00e4t &#13; 20 ml (640 Portionen \u00e0 800 I.E. Vitamin D3) &#13; Warum Vitamin D3? &#13; [&hellip;]<\/p>\n","protected":false},"featured_media":52168,"template":"","meta":{"_acf_changed":false},"product_brand":[433],"product_cat":[792],"product_tag":[],"class_list":{"0":"post-52166","1":"product","2":"type-product","3":"status-publish","4":"has-post-thumbnail","6":"product_brand-dr-jacobs","7":"product_cat-d","8":"pa_packungsgroesse-20ml","10":"first","11":"instock","12":"shipping-taxable","13":"purchasable","14":"product-type-simple"},"acf":[],"_links":{"self":[{"href":"https:\/\/www.ernstbrunn-apotheke.at\/katalog\/wp-json\/wp\/v2\/product\/52166","targetHints":{"allow":["GET"]}}],"collection":[{"href":"https:\/\/www.ernstbrunn-apotheke.at\/katalog\/wp-json\/wp\/v2\/product"}],"about":[{"href":"https:\/\/www.ernstbrunn-apotheke.at\/katalog\/wp-json\/wp\/v2\/types\/product"}],"wp:featuredmedia":[{"embeddable":true,"href":"https:\/\/www.ernstbrunn-apotheke.at\/katalog\/wp-json\/wp\/v2\/media\/52168"}],"wp:attachment":[{"href":"https:\/\/www.ernstbrunn-apotheke.at\/katalog\/wp-json\/wp\/v2\/media?parent=52166"}],"wp:term":[{"taxonomy":"product_brand","embeddable":true,"href":"https:\/\/www.ernstbrunn-apotheke.at\/katalog\/wp-json\/wp\/v2\/product_brand?post=52166"},{"taxonomy":"product_cat","embeddable":true,"href":"https:\/\/www.ernstbrunn-apotheke.at\/katalog\/wp-json\/wp\/v2\/product_cat?post=52166"},{"taxonomy":"product_tag","embeddable":true,"href":"https:\/\/www.ernstbrunn-apotheke.at\/katalog\/wp-json\/wp\/v2\/product_tag?post=52166"}],"curies":[{"name":"wp","href":"https:\/\/api.w.org\/{rel}","templated":true}]}}