{"id":52122,"date":"2025-11-10T19:24:25","date_gmt":"2025-11-10T18:24:25","guid":{"rendered":"https:\/\/www.ernstbrunn-apotheke.at\/katalog\/produkt\/pure-encapsulations-zink-15-zinkpicolinat-180-stk\/"},"modified":"2025-12-08T16:48:07","modified_gmt":"2025-12-08T15:48:07","slug":"pure-encapsulations-zink-15-zinkpicolinat-180-stk","status":"publish","type":"product","link":"https:\/\/www.ernstbrunn-apotheke.at\/katalog\/produkt\/pure-encapsulations-zink-15-zinkpicolinat-180-stk\/","title":{"rendered":"Pure Encapsulations Zink 15 Zinkpicolinat 180 Stk."},"content":{"rendered":"<p>Pure Encapsulations Zink 15 Zinkpicolinat &#8211; Zink ist neben Eisen das zweith\u00e4ufigste Spurenelement immenschlichen Organismus und wird von mehr als 300 Enzymsystemenin den K\u00f6rperzellen f\u00fcr zahlreiche biochemische Vorg\u00e4ngeben\u00f6tigt. Zink kommt im K\u00f6rper vor allem in den Haaren, denMuskeln, den Knochen, den Hoden und Eierst\u00f6cken sowie in denInselzellen der Bauchspeicheldr\u00fcse vor. Ein erh\u00f6hter Bedarf kannzum Beispiel bei Rauchern und Vegetariern sowie bei Personen, diestarken Schadstoffbelastungen ausgesetzt sind, auftreten. Gebundenan Picolins\u00e4ure wird Zink gut resorbiert und gelangt rasch anden Ort, wo es im K\u00f6rper ben\u00f6tigt wird. Als zus\u00e4tzlicher Bestandteileiner ausgewogenen Ern\u00e4hrung kann Zink zu einer nachhaltigenMikron\u00e4hrstoffversorgung beitragen.<\/p>\n","protected":false},"excerpt":{"rendered":"<p>Pure Encapsulations Zink 15 Zinkpicolinat &#8211; Zink ist neben Eisen das zweith\u00e4ufigste Spurenelement immenschlichen Organismus und wird von mehr als 300 Enzymsystemenin den K\u00f6rperzellen f\u00fcr zahlreiche biochemische Vorg\u00e4ngeben\u00f6tigt. Zink kommt im K\u00f6rper vor allem in den Haaren, denMuskeln, den Knochen, den Hoden und Eierst\u00f6cken sowie in denInselzellen der Bauchspeicheldr\u00fcse vor. Ein erh\u00f6hter Bedarf kannzum Beispiel [&hellip;]<\/p>\n","protected":false},"featured_media":52124,"template":"","meta":{"_acf_changed":false},"product_brand":[336],"product_cat":[793],"product_tag":[],"class_list":{"0":"post-52122","1":"product","2":"type-product","3":"status-publish","4":"has-post-thumbnail","6":"product_brand-pure-encapsulations","7":"product_cat-p","8":"pa_packungsgroesse-180-stueck","10":"first","11":"instock","12":"shipping-taxable","13":"purchasable","14":"product-type-simple"},"acf":[],"_links":{"self":[{"href":"https:\/\/www.ernstbrunn-apotheke.at\/katalog\/wp-json\/wp\/v2\/product\/52122","targetHints":{"allow":["GET"]}}],"collection":[{"href":"https:\/\/www.ernstbrunn-apotheke.at\/katalog\/wp-json\/wp\/v2\/product"}],"about":[{"href":"https:\/\/www.ernstbrunn-apotheke.at\/katalog\/wp-json\/wp\/v2\/types\/product"}],"wp:featuredmedia":[{"embeddable":true,"href":"https:\/\/www.ernstbrunn-apotheke.at\/katalog\/wp-json\/wp\/v2\/media\/52124"}],"wp:attachment":[{"href":"https:\/\/www.ernstbrunn-apotheke.at\/katalog\/wp-json\/wp\/v2\/media?parent=52122"}],"wp:term":[{"taxonomy":"product_brand","embeddable":true,"href":"https:\/\/www.ernstbrunn-apotheke.at\/katalog\/wp-json\/wp\/v2\/product_brand?post=52122"},{"taxonomy":"product_cat","embeddable":true,"href":"https:\/\/www.ernstbrunn-apotheke.at\/katalog\/wp-json\/wp\/v2\/product_cat?post=52122"},{"taxonomy":"product_tag","embeddable":true,"href":"https:\/\/www.ernstbrunn-apotheke.at\/katalog\/wp-json\/wp\/v2\/product_tag?post=52122"}],"curies":[{"name":"wp","href":"https:\/\/api.w.org\/{rel}","templated":true}]}}