{"id":52056,"date":"2025-11-10T19:22:49","date_gmt":"2025-11-10T18:22:49","guid":{"rendered":"https:\/\/www.ernstbrunn-apotheke.at\/katalog\/produkt\/life-light-enada-nadh-tabletten-7-80-stk\/"},"modified":"2025-12-08T16:47:54","modified_gmt":"2025-12-08T15:47:54","slug":"life-light-enada-nadh-tabletten-7-80-stk","status":"publish","type":"product","link":"https:\/\/www.ernstbrunn-apotheke.at\/katalog\/produkt\/life-light-enada-nadh-tabletten-7-80-stk\/","title":{"rendered":"Life Light Enada NADH Tabletten 7 80 Stk."},"content":{"rendered":"<p>Enada NADH Tabletten sind das erste f\u00fcr den menschlichen K\u00f6rper zug\u00e4ngliche NADH Pr\u00e4parat. Das Produkt kann zu einem normalen Energiestoffwechsel beitragen: Muskulatur, Herz, Leber und insbesondere das Gehirn sind besonders stoffwechselaktiv.<\/p>\n","protected":false},"excerpt":{"rendered":"<p>Enada NADH Tabletten sind das erste f\u00fcr den menschlichen K\u00f6rper zug\u00e4ngliche NADH Pr\u00e4parat. Das Produkt kann zu einem normalen Energiestoffwechsel beitragen: Muskulatur, Herz, Leber und insbesondere das Gehirn sind besonders stoffwechselaktiv.<\/p>\n","protected":false},"featured_media":52058,"template":"","meta":{"_acf_changed":false},"product_brand":[],"product_cat":[795],"product_tag":[],"class_list":{"0":"post-52056","1":"product","2":"type-product","3":"status-publish","4":"has-post-thumbnail","6":"product_cat-l","7":"pa_packungsgroesse-30-stueck","8":"pa_packungsgroesse-80-stueck","10":"first","11":"instock","12":"shipping-taxable","13":"purchasable","14":"product-type-simple"},"acf":[],"_links":{"self":[{"href":"https:\/\/www.ernstbrunn-apotheke.at\/katalog\/wp-json\/wp\/v2\/product\/52056","targetHints":{"allow":["GET"]}}],"collection":[{"href":"https:\/\/www.ernstbrunn-apotheke.at\/katalog\/wp-json\/wp\/v2\/product"}],"about":[{"href":"https:\/\/www.ernstbrunn-apotheke.at\/katalog\/wp-json\/wp\/v2\/types\/product"}],"wp:featuredmedia":[{"embeddable":true,"href":"https:\/\/www.ernstbrunn-apotheke.at\/katalog\/wp-json\/wp\/v2\/media\/52058"}],"wp:attachment":[{"href":"https:\/\/www.ernstbrunn-apotheke.at\/katalog\/wp-json\/wp\/v2\/media?parent=52056"}],"wp:term":[{"taxonomy":"product_brand","embeddable":true,"href":"https:\/\/www.ernstbrunn-apotheke.at\/katalog\/wp-json\/wp\/v2\/product_brand?post=52056"},{"taxonomy":"product_cat","embeddable":true,"href":"https:\/\/www.ernstbrunn-apotheke.at\/katalog\/wp-json\/wp\/v2\/product_cat?post=52056"},{"taxonomy":"product_tag","embeddable":true,"href":"https:\/\/www.ernstbrunn-apotheke.at\/katalog\/wp-json\/wp\/v2\/product_tag?post=52056"}],"curies":[{"name":"wp","href":"https:\/\/api.w.org\/{rel}","templated":true}]}}