{"id":52012,"date":"2025-11-10T19:22:15","date_gmt":"2025-11-10T18:22:15","guid":{"rendered":"https:\/\/www.ernstbrunn-apotheke.at\/katalog\/produkt\/hafesan-dhea-yamswurzel-400-mg-kapseln-60-stk\/"},"modified":"2025-12-08T16:47:44","modified_gmt":"2025-12-08T15:47:44","slug":"hafesan-dhea-yamswurzel-400-mg-kapseln-60-stk","status":"publish","type":"product","link":"https:\/\/www.ernstbrunn-apotheke.at\/katalog\/produkt\/hafesan-dhea-yamswurzel-400-mg-kapseln-60-stk\/","title":{"rendered":"Hafesan DHEA Yamswurzel 400 mg Kapseln 60 Stk."},"content":{"rendered":"<p>Hafesan\u00ae Dhea Yamswurzel Kapseln erh\u00f6hen besonders im mittleren und zunehmenden Alter die Vitalit\u00e4t und das Wohlbefinden, st\u00e4rken die k\u00f6rpereigenen Abwehrkr\u00e4fte und die Libido und beeinflussen positiv die Wechseljahre.<\/p>\n","protected":false},"excerpt":{"rendered":"<p>Hafesan\u00ae Dhea Yamswurzel Kapseln erh\u00f6hen besonders im mittleren und zunehmenden Alter die Vitalit\u00e4t und das Wohlbefinden, st\u00e4rken die k\u00f6rpereigenen Abwehrkr\u00e4fte und die Libido und beeinflussen positiv die Wechseljahre.<\/p>\n","protected":false},"featured_media":52014,"template":"","meta":{"_acf_changed":false},"product_brand":[376],"product_cat":[805],"product_tag":[],"class_list":{"0":"post-52012","1":"product","2":"type-product","3":"status-publish","4":"has-post-thumbnail","6":"product_brand-hafesan","7":"product_cat-h","8":"pa_packungsgroesse-60-stueck","10":"first","11":"instock","12":"shipping-taxable","13":"purchasable","14":"product-type-simple"},"acf":[],"_links":{"self":[{"href":"https:\/\/www.ernstbrunn-apotheke.at\/katalog\/wp-json\/wp\/v2\/product\/52012","targetHints":{"allow":["GET"]}}],"collection":[{"href":"https:\/\/www.ernstbrunn-apotheke.at\/katalog\/wp-json\/wp\/v2\/product"}],"about":[{"href":"https:\/\/www.ernstbrunn-apotheke.at\/katalog\/wp-json\/wp\/v2\/types\/product"}],"wp:featuredmedia":[{"embeddable":true,"href":"https:\/\/www.ernstbrunn-apotheke.at\/katalog\/wp-json\/wp\/v2\/media\/52014"}],"wp:attachment":[{"href":"https:\/\/www.ernstbrunn-apotheke.at\/katalog\/wp-json\/wp\/v2\/media?parent=52012"}],"wp:term":[{"taxonomy":"product_brand","embeddable":true,"href":"https:\/\/www.ernstbrunn-apotheke.at\/katalog\/wp-json\/wp\/v2\/product_brand?post=52012"},{"taxonomy":"product_cat","embeddable":true,"href":"https:\/\/www.ernstbrunn-apotheke.at\/katalog\/wp-json\/wp\/v2\/product_cat?post=52012"},{"taxonomy":"product_tag","embeddable":true,"href":"https:\/\/www.ernstbrunn-apotheke.at\/katalog\/wp-json\/wp\/v2\/product_tag?post=52012"}],"curies":[{"name":"wp","href":"https:\/\/api.w.org\/{rel}","templated":true}]}}