{"id":51976,"date":"2025-11-10T19:21:11","date_gmt":"2025-11-10T18:21:11","guid":{"rendered":"https:\/\/www.ernstbrunn-apotheke.at\/katalog\/produkt\/oekopharm-vitamin-c-kapseln\/"},"modified":"2025-12-08T16:47:36","modified_gmt":"2025-12-08T15:47:36","slug":"oekopharm-vitamin-c-kapseln","status":"publish","type":"product","link":"https:\/\/www.ernstbrunn-apotheke.at\/katalog\/produkt\/oekopharm-vitamin-c-kapseln\/","title":{"rendered":"\u00d6kopharm Vitamin C Kapseln"},"content":{"rendered":"<p>\u00d6kopharm Vitamin C Komplex Kapseln ist durchdacht zusammengesetzt mit 1Vitamin C zur Unterst\u00fctzung des Immunsystems, mit Citrus-Bioflavonoide und Acerolafruchtextrakt sowie 3 weiteren hochwertigen Vitamin C-Verbindungen zur optimalen Versorgung und mit Phyto-Panmol\u00ae Vitamin C aus der Acerolakirsche.<\/p>\n","protected":false},"excerpt":{"rendered":"<p>\u00d6kopharm Vitamin C Komplex Kapseln ist durchdacht zusammengesetzt mit 1Vitamin C zur Unterst\u00fctzung des Immunsystems, mit Citrus-Bioflavonoide und Acerolafruchtextrakt sowie 3 weiteren hochwertigen Vitamin C-Verbindungen zur optimalen Versorgung und mit Phyto-Panmol\u00ae Vitamin C aus der Acerolakirsche.<\/p>\n","protected":false},"featured_media":51978,"template":"","meta":{"_acf_changed":false},"product_brand":[357],"product_cat":[801],"product_tag":[],"class_list":{"0":"post-51976","1":"product","2":"type-product","3":"status-publish","4":"has-post-thumbnail","6":"product_brand-oekopharm","7":"product_cat-a","8":"pa_packungsgroesse-30-stueck","10":"first","11":"instock","12":"shipping-taxable","13":"purchasable","14":"product-type-simple"},"acf":[],"_links":{"self":[{"href":"https:\/\/www.ernstbrunn-apotheke.at\/katalog\/wp-json\/wp\/v2\/product\/51976","targetHints":{"allow":["GET"]}}],"collection":[{"href":"https:\/\/www.ernstbrunn-apotheke.at\/katalog\/wp-json\/wp\/v2\/product"}],"about":[{"href":"https:\/\/www.ernstbrunn-apotheke.at\/katalog\/wp-json\/wp\/v2\/types\/product"}],"wp:featuredmedia":[{"embeddable":true,"href":"https:\/\/www.ernstbrunn-apotheke.at\/katalog\/wp-json\/wp\/v2\/media\/51978"}],"wp:attachment":[{"href":"https:\/\/www.ernstbrunn-apotheke.at\/katalog\/wp-json\/wp\/v2\/media?parent=51976"}],"wp:term":[{"taxonomy":"product_brand","embeddable":true,"href":"https:\/\/www.ernstbrunn-apotheke.at\/katalog\/wp-json\/wp\/v2\/product_brand?post=51976"},{"taxonomy":"product_cat","embeddable":true,"href":"https:\/\/www.ernstbrunn-apotheke.at\/katalog\/wp-json\/wp\/v2\/product_cat?post=51976"},{"taxonomy":"product_tag","embeddable":true,"href":"https:\/\/www.ernstbrunn-apotheke.at\/katalog\/wp-json\/wp\/v2\/product_tag?post=51976"}],"curies":[{"name":"wp","href":"https:\/\/api.w.org\/{rel}","templated":true}]}}