{"id":51962,"date":"2025-11-10T19:21:11","date_gmt":"2025-11-10T18:21:11","guid":{"rendered":"https:\/\/www.ernstbrunn-apotheke.at\/katalog\/produkt\/centrum-a-z-generation-50-tabletten\/"},"modified":"2025-12-08T16:47:33","modified_gmt":"2025-12-08T15:47:33","slug":"centrum-a-z-generation-50-tabletten","status":"publish","type":"product","link":"https:\/\/www.ernstbrunn-apotheke.at\/katalog\/produkt\/centrum-a-z-generation-50-tabletten\/","title":{"rendered":"Centrum A-Z Generation 50+ Tabletten"},"content":{"rendered":"<p>Centrum Generation 50+ Tabletten 30 Stk. enthalten sorgf\u00e4ltig aufeinander abgestimmte Vitamine, Mineralstoffe, Spurenelemente und das f\u00fcr gutes Sehen wichtige Lutein. Diese N\u00e4hrstoffe unterst\u00fctzen den Funktionsablauf unseres K\u00f6rpers und sind lebensnotwendig. Jetzt bestellen!<\/p>\n","protected":false},"excerpt":{"rendered":"<p>Centrum Generation 50+ Tabletten 30 Stk. enthalten sorgf\u00e4ltig aufeinander abgestimmte Vitamine, Mineralstoffe, Spurenelemente und das f\u00fcr gutes Sehen wichtige Lutein. Diese N\u00e4hrstoffe unterst\u00fctzen den Funktionsablauf unseres K\u00f6rpers und sind lebensnotwendig. Jetzt bestellen!<\/p>\n","protected":false},"featured_media":51964,"template":"","meta":{"_acf_changed":false},"product_brand":[1052],"product_cat":[812],"product_tag":[],"class_list":{"0":"post-51962","1":"product","2":"type-product","3":"status-publish","4":"has-post-thumbnail","6":"product_brand-centrum","7":"product_cat-c","8":"pa_packungsgroesse-30-stueck","10":"first","11":"instock","12":"shipping-taxable","13":"purchasable","14":"product-type-simple"},"acf":[],"_links":{"self":[{"href":"https:\/\/www.ernstbrunn-apotheke.at\/katalog\/wp-json\/wp\/v2\/product\/51962","targetHints":{"allow":["GET"]}}],"collection":[{"href":"https:\/\/www.ernstbrunn-apotheke.at\/katalog\/wp-json\/wp\/v2\/product"}],"about":[{"href":"https:\/\/www.ernstbrunn-apotheke.at\/katalog\/wp-json\/wp\/v2\/types\/product"}],"wp:featuredmedia":[{"embeddable":true,"href":"https:\/\/www.ernstbrunn-apotheke.at\/katalog\/wp-json\/wp\/v2\/media\/51964"}],"wp:attachment":[{"href":"https:\/\/www.ernstbrunn-apotheke.at\/katalog\/wp-json\/wp\/v2\/media?parent=51962"}],"wp:term":[{"taxonomy":"product_brand","embeddable":true,"href":"https:\/\/www.ernstbrunn-apotheke.at\/katalog\/wp-json\/wp\/v2\/product_brand?post=51962"},{"taxonomy":"product_cat","embeddable":true,"href":"https:\/\/www.ernstbrunn-apotheke.at\/katalog\/wp-json\/wp\/v2\/product_cat?post=51962"},{"taxonomy":"product_tag","embeddable":true,"href":"https:\/\/www.ernstbrunn-apotheke.at\/katalog\/wp-json\/wp\/v2\/product_tag?post=51962"}],"curies":[{"name":"wp","href":"https:\/\/api.w.org\/{rel}","templated":true}]}}