{"id":51959,"date":"2025-11-10T19:21:11","date_gmt":"2025-11-10T18:21:11","guid":{"rendered":"https:\/\/www.ernstbrunn-apotheke.at\/katalog\/produkt\/vita-natura-ester-c-vitamin-tabletten-60-stk\/"},"modified":"2025-12-08T16:47:32","modified_gmt":"2025-12-08T15:47:32","slug":"vita-natura-ester-c-vitamin-tabletten-60-stk","status":"publish","type":"product","link":"https:\/\/www.ernstbrunn-apotheke.at\/katalog\/produkt\/vita-natura-ester-c-vitamin-tabletten-60-stk\/","title":{"rendered":"Vita Natura Ester C Vitamin Tabletten 60 Stk."},"content":{"rendered":"<p>Vitanatura Ester C Vitamin Tabletten sind ein Nahrungserg\u00e4nzungsmittel mit Vitamin C. Die gut vertr\u00e4glichen Tabletten sind sanft zu Magen und Darm. Vitamin C tr\u00e4gt zu einer normalen Kollagenbildung f\u00fcr normale Funktionen der Haut, des Zahnfleischs, der Z\u00e4hne, der Knochen und der Knorpel bei. Au\u00dferdem unterst\u00fctzt es die normale Funktion des Nerven- und Immunsystems. Zus\u00e4tzlich verringert es M\u00fcdigkeit und Erm\u00fcdung.<\/p>\n","protected":false},"excerpt":{"rendered":"<p>Vitanatura Ester C Vitamin Tabletten sind ein Nahrungserg\u00e4nzungsmittel mit Vitamin C. Die gut vertr\u00e4glichen Tabletten sind sanft zu Magen und Darm. Vitamin C tr\u00e4gt zu einer normalen Kollagenbildung f\u00fcr normale Funktionen der Haut, des Zahnfleischs, der Z\u00e4hne, der Knochen und der Knorpel bei. Au\u00dferdem unterst\u00fctzt es die normale Funktion des Nerven- und Immunsystems. Zus\u00e4tzlich verringert [&hellip;]<\/p>\n","protected":false},"featured_media":51961,"template":"","meta":{"_acf_changed":false},"product_brand":[],"product_cat":[799],"product_tag":[],"class_list":{"0":"post-51959","1":"product","2":"type-product","3":"status-publish","4":"has-post-thumbnail","6":"product_cat-v","7":"pa_packungsgroesse-60-stueck","9":"first","10":"instock","11":"shipping-taxable","12":"purchasable","13":"product-type-simple"},"acf":[],"_links":{"self":[{"href":"https:\/\/www.ernstbrunn-apotheke.at\/katalog\/wp-json\/wp\/v2\/product\/51959","targetHints":{"allow":["GET"]}}],"collection":[{"href":"https:\/\/www.ernstbrunn-apotheke.at\/katalog\/wp-json\/wp\/v2\/product"}],"about":[{"href":"https:\/\/www.ernstbrunn-apotheke.at\/katalog\/wp-json\/wp\/v2\/types\/product"}],"wp:featuredmedia":[{"embeddable":true,"href":"https:\/\/www.ernstbrunn-apotheke.at\/katalog\/wp-json\/wp\/v2\/media\/51961"}],"wp:attachment":[{"href":"https:\/\/www.ernstbrunn-apotheke.at\/katalog\/wp-json\/wp\/v2\/media?parent=51959"}],"wp:term":[{"taxonomy":"product_brand","embeddable":true,"href":"https:\/\/www.ernstbrunn-apotheke.at\/katalog\/wp-json\/wp\/v2\/product_brand?post=51959"},{"taxonomy":"product_cat","embeddable":true,"href":"https:\/\/www.ernstbrunn-apotheke.at\/katalog\/wp-json\/wp\/v2\/product_cat?post=51959"},{"taxonomy":"product_tag","embeddable":true,"href":"https:\/\/www.ernstbrunn-apotheke.at\/katalog\/wp-json\/wp\/v2\/product_tag?post=51959"}],"curies":[{"name":"wp","href":"https:\/\/api.w.org\/{rel}","templated":true}]}}