{"id":51907,"date":"2025-11-10T19:19:48","date_gmt":"2025-11-10T18:19:48","guid":{"rendered":"https:\/\/www.ernstbrunn-apotheke.at\/katalog\/produkt\/mag-doskar-q10-coenzym-kapseln-80-stk\/"},"modified":"2025-12-08T16:47:22","modified_gmt":"2025-12-08T15:47:22","slug":"mag-doskar-q10-coenzym-kapseln-80-stk","status":"publish","type":"product","link":"https:\/\/www.ernstbrunn-apotheke.at\/katalog\/produkt\/mag-doskar-q10-coenzym-kapseln-80-stk\/","title":{"rendered":"Mag. Doskar Q10 Coenzym Kapseln 80 Stk."},"content":{"rendered":"<p>Die gute Nachricht: Der menschliche K\u00f6rper kann das Coenzym Q10, das f\u00fcr die Energiegewinnung in den Zellen verantwortlich ist, selbst herstellen. Ben\u00f6tigt wird das fettl\u00f6sliche Vitaminoid vor allem in Organen mit hohem Energiebedarf. Die schlechte Nachricht: In Stresssituationen, bei \u00dcbergewicht oder St\u00f6rungen in der Ern\u00e4hrungsverwertung kann es zu einer Unterversorgung kommen. Auch mit zunehmendem Alter nimmt die k\u00f6rpereigene Produktion ab. Die Einnahme von hochwertigem Coenzym Q10 hilft dabei, diesen Mangel auszugleichen. .<\/p>\n","protected":false},"excerpt":{"rendered":"<p>Die gute Nachricht: Der menschliche K\u00f6rper kann das Coenzym Q10, das f\u00fcr die Energiegewinnung in den Zellen verantwortlich ist, selbst herstellen. Ben\u00f6tigt wird das fettl\u00f6sliche Vitaminoid vor allem in Organen mit hohem Energiebedarf. Die schlechte Nachricht: In Stresssituationen, bei \u00dcbergewicht oder St\u00f6rungen in der Ern\u00e4hrungsverwertung kann es zu einer Unterversorgung kommen. Auch mit zunehmendem Alter [&hellip;]<\/p>\n","protected":false},"featured_media":51909,"template":"","meta":{"_acf_changed":false},"product_brand":[447],"product_cat":[800],"product_tag":[],"class_list":{"0":"post-51907","1":"product","2":"type-product","3":"status-publish","4":"has-post-thumbnail","6":"product_brand-doskar","7":"product_cat-m","8":"pa_packungsgroesse-80-stueck","10":"first","11":"instock","12":"shipping-taxable","13":"purchasable","14":"product-type-simple"},"acf":[],"_links":{"self":[{"href":"https:\/\/www.ernstbrunn-apotheke.at\/katalog\/wp-json\/wp\/v2\/product\/51907","targetHints":{"allow":["GET"]}}],"collection":[{"href":"https:\/\/www.ernstbrunn-apotheke.at\/katalog\/wp-json\/wp\/v2\/product"}],"about":[{"href":"https:\/\/www.ernstbrunn-apotheke.at\/katalog\/wp-json\/wp\/v2\/types\/product"}],"wp:featuredmedia":[{"embeddable":true,"href":"https:\/\/www.ernstbrunn-apotheke.at\/katalog\/wp-json\/wp\/v2\/media\/51909"}],"wp:attachment":[{"href":"https:\/\/www.ernstbrunn-apotheke.at\/katalog\/wp-json\/wp\/v2\/media?parent=51907"}],"wp:term":[{"taxonomy":"product_brand","embeddable":true,"href":"https:\/\/www.ernstbrunn-apotheke.at\/katalog\/wp-json\/wp\/v2\/product_brand?post=51907"},{"taxonomy":"product_cat","embeddable":true,"href":"https:\/\/www.ernstbrunn-apotheke.at\/katalog\/wp-json\/wp\/v2\/product_cat?post=51907"},{"taxonomy":"product_tag","embeddable":true,"href":"https:\/\/www.ernstbrunn-apotheke.at\/katalog\/wp-json\/wp\/v2\/product_tag?post=51907"}],"curies":[{"name":"wp","href":"https:\/\/api.w.org\/{rel}","templated":true}]}}