{"id":51903,"date":"2025-11-10T19:19:48","date_gmt":"2025-11-10T18:19:48","guid":{"rendered":"https:\/\/www.ernstbrunn-apotheke.at\/katalog\/produkt\/pure-encapsulations-selen-complex-90-stk\/"},"modified":"2025-12-08T16:47:21","modified_gmt":"2025-12-08T15:47:21","slug":"pure-encapsulations-selen-complex-90-stk","status":"publish","type":"product","link":"https:\/\/www.ernstbrunn-apotheke.at\/katalog\/produkt\/pure-encapsulations-selen-complex-90-stk\/","title":{"rendered":"Pure Encapsulations Selen Complex 90 Stk."},"content":{"rendered":"<p>Selen Complex kombiniert mit Selenmethionin (organisch gebundenes Selen) und Natriumselenit (anorganisches Selen) zwei Selenformen, die sich durch das ausgewogene Verh\u00e4ltnis ideal erg\u00e4nzen. Selenmethionin ist nat\u00fcrlicher Bestandteil der Nahrung und mit einer mehr als doppelt so langen Halbwertszeit als Natriumselenit bleibt Selenmethionin f\u00fcr den Organismus l\u00e4nger verf\u00fcgbar. Natriumselenit wird schneller aufgenommen und stellt so die akut bioverf\u00fcgbare Selenform dar. Das Spurenelement Selen tr\u00e4gt zum Schutz der Zellen vor oxidativem Stress und dem Erhalt einer normalen Immunfunktion bei. Zudem unterst\u00fctzt Selen die Gesunderhaltung der Haare, tr\u00e4gt aber auch zur normalen Spermatogenese bei.<\/p>\n","protected":false},"excerpt":{"rendered":"<p>Selen Complex kombiniert mit Selenmethionin (organisch gebundenes Selen) und Natriumselenit (anorganisches Selen) zwei Selenformen, die sich durch das ausgewogene Verh\u00e4ltnis ideal erg\u00e4nzen. Selenmethionin ist nat\u00fcrlicher Bestandteil der Nahrung und mit einer mehr als doppelt so langen Halbwertszeit als Natriumselenit bleibt Selenmethionin f\u00fcr den Organismus l\u00e4nger verf\u00fcgbar. Natriumselenit wird schneller aufgenommen und stellt so die akut [&hellip;]<\/p>\n","protected":false},"featured_media":51905,"template":"","meta":{"_acf_changed":false},"product_brand":[336],"product_cat":[793],"product_tag":[],"class_list":{"0":"post-51903","1":"product","2":"type-product","3":"status-publish","4":"has-post-thumbnail","6":"product_brand-pure-encapsulations","7":"product_cat-p","8":"pa_packungsgroesse-90-stueck","10":"first","11":"instock","12":"shipping-taxable","13":"purchasable","14":"product-type-simple"},"acf":[],"_links":{"self":[{"href":"https:\/\/www.ernstbrunn-apotheke.at\/katalog\/wp-json\/wp\/v2\/product\/51903","targetHints":{"allow":["GET"]}}],"collection":[{"href":"https:\/\/www.ernstbrunn-apotheke.at\/katalog\/wp-json\/wp\/v2\/product"}],"about":[{"href":"https:\/\/www.ernstbrunn-apotheke.at\/katalog\/wp-json\/wp\/v2\/types\/product"}],"wp:featuredmedia":[{"embeddable":true,"href":"https:\/\/www.ernstbrunn-apotheke.at\/katalog\/wp-json\/wp\/v2\/media\/51905"}],"wp:attachment":[{"href":"https:\/\/www.ernstbrunn-apotheke.at\/katalog\/wp-json\/wp\/v2\/media?parent=51903"}],"wp:term":[{"taxonomy":"product_brand","embeddable":true,"href":"https:\/\/www.ernstbrunn-apotheke.at\/katalog\/wp-json\/wp\/v2\/product_brand?post=51903"},{"taxonomy":"product_cat","embeddable":true,"href":"https:\/\/www.ernstbrunn-apotheke.at\/katalog\/wp-json\/wp\/v2\/product_cat?post=51903"},{"taxonomy":"product_tag","embeddable":true,"href":"https:\/\/www.ernstbrunn-apotheke.at\/katalog\/wp-json\/wp\/v2\/product_tag?post=51903"}],"curies":[{"name":"wp","href":"https:\/\/api.w.org\/{rel}","templated":true}]}}