{"id":51878,"date":"2025-11-10T19:19:21","date_gmt":"2025-11-10T18:19:21","guid":{"rendered":"https:\/\/www.ernstbrunn-apotheke.at\/katalog\/produkt\/biobene-vitamin-d-vegan-kapseln-60-stk\/"},"modified":"2025-12-08T16:47:13","modified_gmt":"2025-12-08T15:47:13","slug":"biobene-vitamin-d-vegan-kapseln-60-stk","status":"publish","type":"product","link":"https:\/\/www.ernstbrunn-apotheke.at\/katalog\/produkt\/biobene-vitamin-d-vegan-kapseln-60-stk\/","title":{"rendered":"Biobene Vitamin D Vegan Kapseln 60 Stk."},"content":{"rendered":"<p>BIOBENE\u00ae VITAMIN D Vegan ist ein wertvolles Nahrungserg\u00e4nzungsmittel welches zur Funktionserhaltung des Immunsystems, der Knochen, der Z\u00e4hne und der Muskeln beitr\u00e4gt.Forschungsergebnisse der letzten Jahre haben nunmehr den Zusammenhang zwischen der Vitamin D Versorgung und der Funktion des Immunsystems gezeigt und liefern Hinweise auf eine Rolle des Vitamin D f\u00fcr viele wesentliche Stoffwechselvorg\u00e4nge zur Gew\u00e4hrleistung einer normalen Immunabwehr. Insbesondere im Winter kommt die k\u00f6rpereigene Vitamin D-Synthese nahezu vollst\u00e4ndig zum Erliegen. Vitamin D-Mangel stellt in Europa ein echtes Problem dar, denn bei 50 \u2013 70 % der Bev\u00f6lkerung ist der Vitamin D-Blutspiegel erniedrigt, da die UV-B Strahlung auf der n\u00f6rdlichen Hemisph\u00e4re von Oktober bis M\u00e4rz erniedrigt ist..<\/p>\n","protected":false},"excerpt":{"rendered":"<p>BIOBENE\u00ae VITAMIN D Vegan ist ein wertvolles Nahrungserg\u00e4nzungsmittel welches zur Funktionserhaltung des Immunsystems, der Knochen, der Z\u00e4hne und der Muskeln beitr\u00e4gt.Forschungsergebnisse der letzten Jahre haben nunmehr den Zusammenhang zwischen der Vitamin D Versorgung und der Funktion des Immunsystems gezeigt und liefern Hinweise auf eine Rolle des Vitamin D f\u00fcr viele wesentliche Stoffwechselvorg\u00e4nge zur Gew\u00e4hrleistung einer [&hellip;]<\/p>\n","protected":false},"featured_media":51880,"template":"","meta":{"_acf_changed":false},"product_brand":[],"product_cat":[802],"product_tag":[],"class_list":{"0":"post-51878","1":"product","2":"type-product","3":"status-publish","4":"has-post-thumbnail","6":"product_cat-b","7":"pa_packungsgroesse-60-stueck","9":"first","10":"instock","11":"shipping-taxable","12":"purchasable","13":"product-type-simple"},"acf":[],"_links":{"self":[{"href":"https:\/\/www.ernstbrunn-apotheke.at\/katalog\/wp-json\/wp\/v2\/product\/51878","targetHints":{"allow":["GET"]}}],"collection":[{"href":"https:\/\/www.ernstbrunn-apotheke.at\/katalog\/wp-json\/wp\/v2\/product"}],"about":[{"href":"https:\/\/www.ernstbrunn-apotheke.at\/katalog\/wp-json\/wp\/v2\/types\/product"}],"wp:featuredmedia":[{"embeddable":true,"href":"https:\/\/www.ernstbrunn-apotheke.at\/katalog\/wp-json\/wp\/v2\/media\/51880"}],"wp:attachment":[{"href":"https:\/\/www.ernstbrunn-apotheke.at\/katalog\/wp-json\/wp\/v2\/media?parent=51878"}],"wp:term":[{"taxonomy":"product_brand","embeddable":true,"href":"https:\/\/www.ernstbrunn-apotheke.at\/katalog\/wp-json\/wp\/v2\/product_brand?post=51878"},{"taxonomy":"product_cat","embeddable":true,"href":"https:\/\/www.ernstbrunn-apotheke.at\/katalog\/wp-json\/wp\/v2\/product_cat?post=51878"},{"taxonomy":"product_tag","embeddable":true,"href":"https:\/\/www.ernstbrunn-apotheke.at\/katalog\/wp-json\/wp\/v2\/product_tag?post=51878"}],"curies":[{"name":"wp","href":"https:\/\/api.w.org\/{rel}","templated":true}]}}