{"id":51860,"date":"2025-11-10T19:19:21","date_gmt":"2025-11-10T18:19:21","guid":{"rendered":"https:\/\/www.ernstbrunn-apotheke.at\/katalog\/produkt\/pure-encapsulations-essential-aminos-180-stk\/"},"modified":"2025-12-08T16:47:07","modified_gmt":"2025-12-08T15:47:07","slug":"pure-encapsulations-essential-aminos-180-stk","status":"publish","type":"product","link":"https:\/\/www.ernstbrunn-apotheke.at\/katalog\/produkt\/pure-encapsulations-essential-aminos-180-stk\/","title":{"rendered":"Pure Encapsulations Essential Aminos 180 Stk."},"content":{"rendered":"<p>Es gibt 20 f\u00fcr den menschlichen Organismus wichtige Aminos\u00e4uren.Jedoch kann der K\u00f6rper nicht alle selbst bilden. EssentialAminos enth\u00e4lt eine ausgewogene Kombination von Aminos\u00e4uren,deren Bedarf \u00fcber die Ern\u00e4hrung oft unzureichend gedeckt wird.Eine Unterst\u00fctzung mit essenziellen Aminos\u00e4uren kann zielf\u00fchrendsein, wenn die Zufuhr \u00fcber die Nahrung reduziert ist. Ebenso kannder Bedarf an Eiwei\u00dfbausteinen in gewissen Situationen steigen,etwa bei regelm\u00e4\u00dfiger sportlicher Aktivit\u00e4t.<\/p>\n","protected":false},"excerpt":{"rendered":"<p>Es gibt 20 f\u00fcr den menschlichen Organismus wichtige Aminos\u00e4uren.Jedoch kann der K\u00f6rper nicht alle selbst bilden. EssentialAminos enth\u00e4lt eine ausgewogene Kombination von Aminos\u00e4uren,deren Bedarf \u00fcber die Ern\u00e4hrung oft unzureichend gedeckt wird.Eine Unterst\u00fctzung mit essenziellen Aminos\u00e4uren kann zielf\u00fchrendsein, wenn die Zufuhr \u00fcber die Nahrung reduziert ist. Ebenso kannder Bedarf an Eiwei\u00dfbausteinen in gewissen Situationen steigen,etwa bei [&hellip;]<\/p>\n","protected":false},"featured_media":51862,"template":"","meta":{"_acf_changed":false},"product_brand":[336],"product_cat":[793],"product_tag":[],"class_list":{"0":"post-51860","1":"product","2":"type-product","3":"status-publish","4":"has-post-thumbnail","6":"product_brand-pure-encapsulations","7":"product_cat-p","8":"pa_packungsgroesse-180-stueck","10":"first","11":"instock","12":"shipping-taxable","13":"purchasable","14":"product-type-simple"},"acf":[],"_links":{"self":[{"href":"https:\/\/www.ernstbrunn-apotheke.at\/katalog\/wp-json\/wp\/v2\/product\/51860","targetHints":{"allow":["GET"]}}],"collection":[{"href":"https:\/\/www.ernstbrunn-apotheke.at\/katalog\/wp-json\/wp\/v2\/product"}],"about":[{"href":"https:\/\/www.ernstbrunn-apotheke.at\/katalog\/wp-json\/wp\/v2\/types\/product"}],"wp:featuredmedia":[{"embeddable":true,"href":"https:\/\/www.ernstbrunn-apotheke.at\/katalog\/wp-json\/wp\/v2\/media\/51862"}],"wp:attachment":[{"href":"https:\/\/www.ernstbrunn-apotheke.at\/katalog\/wp-json\/wp\/v2\/media?parent=51860"}],"wp:term":[{"taxonomy":"product_brand","embeddable":true,"href":"https:\/\/www.ernstbrunn-apotheke.at\/katalog\/wp-json\/wp\/v2\/product_brand?post=51860"},{"taxonomy":"product_cat","embeddable":true,"href":"https:\/\/www.ernstbrunn-apotheke.at\/katalog\/wp-json\/wp\/v2\/product_cat?post=51860"},{"taxonomy":"product_tag","embeddable":true,"href":"https:\/\/www.ernstbrunn-apotheke.at\/katalog\/wp-json\/wp\/v2\/product_tag?post=51860"}],"curies":[{"name":"wp","href":"https:\/\/api.w.org\/{rel}","templated":true}]}}