{"id":51826,"date":"2025-11-10T19:18:36","date_gmt":"2025-11-10T18:18:36","guid":{"rendered":"https:\/\/www.ernstbrunn-apotheke.at\/katalog\/produkt\/pure-encapsulations-selen-selenmethionin-180-stk\/"},"modified":"2025-12-08T16:47:01","modified_gmt":"2025-12-08T15:47:01","slug":"pure-encapsulations-selen-selenmethionin-180-stk","status":"publish","type":"product","link":"https:\/\/www.ernstbrunn-apotheke.at\/katalog\/produkt\/pure-encapsulations-selen-selenmethionin-180-stk\/","title":{"rendered":"Pure Encapsulations Selen Selenmethionin 180 Stk."},"content":{"rendered":"<p>Pure Encapsulations Selen Selenmethionin sch\u00fctzt als Radikalf\u00e4nger vor oxidativen Zellsch\u00e4den und unterst\u00fctzt das Immunsystem. Selenmethionin wird als organische Selenverbindung vom Organismus sehr gut aufgenommen &#8211; Jetzt online bestellen<\/p>\n","protected":false},"excerpt":{"rendered":"<p>Pure Encapsulations Selen Selenmethionin sch\u00fctzt als Radikalf\u00e4nger vor oxidativen Zellsch\u00e4den und unterst\u00fctzt das Immunsystem. Selenmethionin wird als organische Selenverbindung vom Organismus sehr gut aufgenommen &#8211; Jetzt online bestellen<\/p>\n","protected":false},"featured_media":51828,"template":"","meta":{"_acf_changed":false},"product_brand":[336],"product_cat":[793],"product_tag":[],"class_list":{"0":"post-51826","1":"product","2":"type-product","3":"status-publish","4":"has-post-thumbnail","6":"product_brand-pure-encapsulations","7":"product_cat-p","8":"pa_packungsgroesse-180-stueck","10":"first","11":"instock","12":"shipping-taxable","13":"purchasable","14":"product-type-simple"},"acf":[],"_links":{"self":[{"href":"https:\/\/www.ernstbrunn-apotheke.at\/katalog\/wp-json\/wp\/v2\/product\/51826","targetHints":{"allow":["GET"]}}],"collection":[{"href":"https:\/\/www.ernstbrunn-apotheke.at\/katalog\/wp-json\/wp\/v2\/product"}],"about":[{"href":"https:\/\/www.ernstbrunn-apotheke.at\/katalog\/wp-json\/wp\/v2\/types\/product"}],"wp:featuredmedia":[{"embeddable":true,"href":"https:\/\/www.ernstbrunn-apotheke.at\/katalog\/wp-json\/wp\/v2\/media\/51828"}],"wp:attachment":[{"href":"https:\/\/www.ernstbrunn-apotheke.at\/katalog\/wp-json\/wp\/v2\/media?parent=51826"}],"wp:term":[{"taxonomy":"product_brand","embeddable":true,"href":"https:\/\/www.ernstbrunn-apotheke.at\/katalog\/wp-json\/wp\/v2\/product_brand?post=51826"},{"taxonomy":"product_cat","embeddable":true,"href":"https:\/\/www.ernstbrunn-apotheke.at\/katalog\/wp-json\/wp\/v2\/product_cat?post=51826"},{"taxonomy":"product_tag","embeddable":true,"href":"https:\/\/www.ernstbrunn-apotheke.at\/katalog\/wp-json\/wp\/v2\/product_tag?post=51826"}],"curies":[{"name":"wp","href":"https:\/\/api.w.org\/{rel}","templated":true}]}}