{"id":51703,"date":"2025-11-10T19:16:11","date_gmt":"2025-11-10T18:16:11","guid":{"rendered":"https:\/\/www.ernstbrunn-apotheke.at\/katalog\/produkt\/biovital-geisteskraft-elixier-mit-alkohol-620-ml\/"},"modified":"2025-12-08T16:46:31","modified_gmt":"2025-12-08T15:46:31","slug":"biovital-geisteskraft-elixier-mit-alkohol-620-ml","status":"publish","type":"product","link":"https:\/\/www.ernstbrunn-apotheke.at\/katalog\/produkt\/biovital-geisteskraft-elixier-mit-alkohol-620-ml\/","title":{"rendered":"Biovital Geisteskraft-Elixier mit Alkohol 620 ml"},"content":{"rendered":"<p>Biovital Geisteskraft-Elixier mit Alkohol ist ein Nahrungserg\u00e4nzungsmittel mit Ginkgo, Ginseng, Vitaminen, Mineralstoffen, Zucker und S\u00fc\u00dfungsmitteln. Die enthaltene Pantothens\u00e4ure tr\u00e4gt zu einer normalen geistigen Leistungsf\u00e4higkeit bei. Die Vitamine C, B6, B12, Niacin, Riboflavin, Pantothens\u00e4ure, Fols\u00e4ure und Eisen tragen zur Verringerung von M\u00fcdigkeit und Erm\u00fcdung bei.<\/p>\n","protected":false},"excerpt":{"rendered":"<p>Biovital Geisteskraft-Elixier mit Alkohol ist ein Nahrungserg\u00e4nzungsmittel mit Ginkgo, Ginseng, Vitaminen, Mineralstoffen, Zucker und S\u00fc\u00dfungsmitteln. Die enthaltene Pantothens\u00e4ure tr\u00e4gt zu einer normalen geistigen Leistungsf\u00e4higkeit bei. Die Vitamine C, B6, B12, Niacin, Riboflavin, Pantothens\u00e4ure, Fols\u00e4ure und Eisen tragen zur Verringerung von M\u00fcdigkeit und Erm\u00fcdung bei.<\/p>\n","protected":false},"featured_media":51705,"template":"","meta":{"_acf_changed":false},"product_brand":[],"product_cat":[802],"product_tag":[],"class_list":{"0":"post-51703","1":"product","2":"type-product","3":"status-publish","4":"has-post-thumbnail","6":"product_cat-b","7":"pa_packungsgroesse-620ml","9":"first","10":"instock","11":"shipping-taxable","12":"purchasable","13":"product-type-simple"},"acf":[],"_links":{"self":[{"href":"https:\/\/www.ernstbrunn-apotheke.at\/katalog\/wp-json\/wp\/v2\/product\/51703","targetHints":{"allow":["GET"]}}],"collection":[{"href":"https:\/\/www.ernstbrunn-apotheke.at\/katalog\/wp-json\/wp\/v2\/product"}],"about":[{"href":"https:\/\/www.ernstbrunn-apotheke.at\/katalog\/wp-json\/wp\/v2\/types\/product"}],"wp:featuredmedia":[{"embeddable":true,"href":"https:\/\/www.ernstbrunn-apotheke.at\/katalog\/wp-json\/wp\/v2\/media\/51705"}],"wp:attachment":[{"href":"https:\/\/www.ernstbrunn-apotheke.at\/katalog\/wp-json\/wp\/v2\/media?parent=51703"}],"wp:term":[{"taxonomy":"product_brand","embeddable":true,"href":"https:\/\/www.ernstbrunn-apotheke.at\/katalog\/wp-json\/wp\/v2\/product_brand?post=51703"},{"taxonomy":"product_cat","embeddable":true,"href":"https:\/\/www.ernstbrunn-apotheke.at\/katalog\/wp-json\/wp\/v2\/product_cat?post=51703"},{"taxonomy":"product_tag","embeddable":true,"href":"https:\/\/www.ernstbrunn-apotheke.at\/katalog\/wp-json\/wp\/v2\/product_tag?post=51703"}],"curies":[{"name":"wp","href":"https:\/\/api.w.org\/{rel}","templated":true}]}}