{"id":51630,"date":"2025-11-10T19:14:38","date_gmt":"2025-11-10T18:14:38","guid":{"rendered":"https:\/\/www.ernstbrunn-apotheke.at\/katalog\/produkt\/regulatpro-bio-350-ml\/"},"modified":"2025-12-08T16:46:17","modified_gmt":"2025-12-08T15:46:17","slug":"regulatpro-bio-350-ml","status":"publish","type":"product","link":"https:\/\/www.ernstbrunn-apotheke.at\/katalog\/produkt\/regulatpro-bio-350-ml\/","title":{"rendered":"Regulatpro Bio 350 ml"},"content":{"rendered":"<p>Dr. Niedermaier Regulatpro Bio 350 ml ist ein angereichertes Lebensmittel mit nat\u00fcrlichem Vitamin C aus der Acerolakirsche und unterst\u00fctzt die biologischen Regulierungsvorg\u00e4nge in unserem K\u00f6rper wodurch das Immunsystem unterst\u00fctzt wird. Nachweislich wird dadurch die Energie in den Zellen erh\u00f6ht. Ein nat\u00fcrliches Plus an Energie und Leistungsf\u00e4higkeit sowie eine gest\u00e4rkte Immunabwehr sind die Folge.<\/p>\n","protected":false},"excerpt":{"rendered":"<p>Dr. Niedermaier Regulatpro Bio 350 ml ist ein angereichertes Lebensmittel mit nat\u00fcrlichem Vitamin C aus der Acerolakirsche und unterst\u00fctzt die biologischen Regulierungsvorg\u00e4nge in unserem K\u00f6rper wodurch das Immunsystem unterst\u00fctzt wird. Nachweislich wird dadurch die Energie in den Zellen erh\u00f6ht. Ein nat\u00fcrliches Plus an Energie und Leistungsf\u00e4higkeit sowie eine gest\u00e4rkte Immunabwehr sind die Folge.<\/p>\n","protected":false},"featured_media":51632,"template":"","meta":{"_acf_changed":false},"product_brand":[],"product_cat":[808],"product_tag":[],"class_list":{"0":"post-51630","1":"product","2":"type-product","3":"status-publish","4":"has-post-thumbnail","6":"product_cat-r","7":"pa_packungsgroesse-350ml","9":"first","10":"instock","11":"shipping-taxable","12":"purchasable","13":"product-type-simple"},"acf":[],"_links":{"self":[{"href":"https:\/\/www.ernstbrunn-apotheke.at\/katalog\/wp-json\/wp\/v2\/product\/51630","targetHints":{"allow":["GET"]}}],"collection":[{"href":"https:\/\/www.ernstbrunn-apotheke.at\/katalog\/wp-json\/wp\/v2\/product"}],"about":[{"href":"https:\/\/www.ernstbrunn-apotheke.at\/katalog\/wp-json\/wp\/v2\/types\/product"}],"wp:featuredmedia":[{"embeddable":true,"href":"https:\/\/www.ernstbrunn-apotheke.at\/katalog\/wp-json\/wp\/v2\/media\/51632"}],"wp:attachment":[{"href":"https:\/\/www.ernstbrunn-apotheke.at\/katalog\/wp-json\/wp\/v2\/media?parent=51630"}],"wp:term":[{"taxonomy":"product_brand","embeddable":true,"href":"https:\/\/www.ernstbrunn-apotheke.at\/katalog\/wp-json\/wp\/v2\/product_brand?post=51630"},{"taxonomy":"product_cat","embeddable":true,"href":"https:\/\/www.ernstbrunn-apotheke.at\/katalog\/wp-json\/wp\/v2\/product_cat?post=51630"},{"taxonomy":"product_tag","embeddable":true,"href":"https:\/\/www.ernstbrunn-apotheke.at\/katalog\/wp-json\/wp\/v2\/product_tag?post=51630"}],"curies":[{"name":"wp","href":"https:\/\/api.w.org\/{rel}","templated":true}]}}