{"id":51616,"date":"2025-11-10T19:14:01","date_gmt":"2025-11-10T18:14:01","guid":{"rendered":"https:\/\/www.ernstbrunn-apotheke.at\/katalog\/produkt\/nicapur-medibalance-pilco-kapseln\/"},"modified":"2025-12-08T16:46:14","modified_gmt":"2025-12-08T15:46:14","slug":"nicapur-medibalance-pilco-kapseln","status":"publish","type":"product","link":"https:\/\/www.ernstbrunn-apotheke.at\/katalog\/produkt\/nicapur-medibalance-pilco-kapseln\/","title":{"rendered":"Nicapur Medibalance Pilco Kapseln"},"content":{"rendered":"<p>Nicapur Medibalance Pilco Kapseln ist ein ma\u00dfgeschneidertes Nahrungserg\u00e4nzungsmittel f\u00fcr Pillen-Verwenderinnen mit ausgew\u00e4hlten Vitaminen und Mineralstoffen, insbesondere Vitamin B6 und Fols\u00e4ure. Durch die Verwendung hormoneller Verh\u00fctungsmittel (&#8222;Pille&#8220;) kann der Vitamin B6- und der Fols\u00e4ure-Spiegel im K\u00f6rper sinken. Eine regelm\u00e4\u00dfige Erg\u00e4nzung f\u00f6rdert die Erhaltung gesunder Vitamin B6- und Fols\u00e4ure-Werte und unterst\u00fctzt psychische Funktionen.<\/p>\n","protected":false},"excerpt":{"rendered":"<p>Nicapur Medibalance Pilco Kapseln ist ein ma\u00dfgeschneidertes Nahrungserg\u00e4nzungsmittel f\u00fcr Pillen-Verwenderinnen mit ausgew\u00e4hlten Vitaminen und Mineralstoffen, insbesondere Vitamin B6 und Fols\u00e4ure. Durch die Verwendung hormoneller Verh\u00fctungsmittel (&#8222;Pille&#8220;) kann der Vitamin B6- und der Fols\u00e4ure-Spiegel im K\u00f6rper sinken. Eine regelm\u00e4\u00dfige Erg\u00e4nzung f\u00f6rdert die Erhaltung gesunder Vitamin B6- und Fols\u00e4ure-Werte und unterst\u00fctzt psychische Funktionen.<\/p>\n","protected":false},"featured_media":51618,"template":"","meta":{"_acf_changed":false},"product_brand":[352],"product_cat":[797],"product_tag":[],"class_list":{"0":"post-51616","1":"product","2":"type-product","3":"status-publish","4":"has-post-thumbnail","6":"product_brand-nicapur","7":"product_cat-n","8":"pa_packungsgroesse-30-stueck","10":"first","11":"instock","12":"shipping-taxable","13":"purchasable","14":"product-type-simple"},"acf":[],"_links":{"self":[{"href":"https:\/\/www.ernstbrunn-apotheke.at\/katalog\/wp-json\/wp\/v2\/product\/51616","targetHints":{"allow":["GET"]}}],"collection":[{"href":"https:\/\/www.ernstbrunn-apotheke.at\/katalog\/wp-json\/wp\/v2\/product"}],"about":[{"href":"https:\/\/www.ernstbrunn-apotheke.at\/katalog\/wp-json\/wp\/v2\/types\/product"}],"wp:featuredmedia":[{"embeddable":true,"href":"https:\/\/www.ernstbrunn-apotheke.at\/katalog\/wp-json\/wp\/v2\/media\/51618"}],"wp:attachment":[{"href":"https:\/\/www.ernstbrunn-apotheke.at\/katalog\/wp-json\/wp\/v2\/media?parent=51616"}],"wp:term":[{"taxonomy":"product_brand","embeddable":true,"href":"https:\/\/www.ernstbrunn-apotheke.at\/katalog\/wp-json\/wp\/v2\/product_brand?post=51616"},{"taxonomy":"product_cat","embeddable":true,"href":"https:\/\/www.ernstbrunn-apotheke.at\/katalog\/wp-json\/wp\/v2\/product_cat?post=51616"},{"taxonomy":"product_tag","embeddable":true,"href":"https:\/\/www.ernstbrunn-apotheke.at\/katalog\/wp-json\/wp\/v2\/product_tag?post=51616"}],"curies":[{"name":"wp","href":"https:\/\/api.w.org\/{rel}","templated":true}]}}