{"id":51594,"date":"2025-11-10T19:14:01","date_gmt":"2025-11-10T18:14:01","guid":{"rendered":"https:\/\/www.ernstbrunn-apotheke.at\/katalog\/produkt\/nicapur-calcium-magnesium-citrat-kapseln-60-stk\/"},"modified":"2025-12-08T16:46:08","modified_gmt":"2025-12-08T15:46:08","slug":"nicapur-calcium-magnesium-citrat-kapseln-60-stk","status":"publish","type":"product","link":"https:\/\/www.ernstbrunn-apotheke.at\/katalog\/produkt\/nicapur-calcium-magnesium-citrat-kapseln-60-stk\/","title":{"rendered":"Nicapur Calcium Magnesium Citrat Kapseln 60 Stk."},"content":{"rendered":"<p>NICApur Calcium Magnesium Citrat Kapseln ist ein Nahrungserg\u00e4nzungsmittel mit Calcium und Magnesium in gut bioverf\u00fcgbaren organischen Citratverbindungen. Calcium und Magnesium sind wichtige Strukturbildner f\u00fcr Knochen und Z\u00e4hne und tragen zu einem ausgeglichenen Elektrolythaushalt bei. Als biologische Partner werden sie f\u00fcr Muskel- und Nervenfunktionen ben\u00f6tigt. W\u00e4hrend Calcium f\u00fcr Knochen, Z\u00e4hne, Muskeln und Nerven gro\u00dfe Bedeutung hat, ist Magnesium f\u00fcr eine optimale Energieversorgung verantwortlich. Magnesium tr\u00e4gt zum Erhalt gesunder Knochen bei und unterst\u00fctzt das Herz in seiner Funktion. Vor allem Menschen, die ihren Energiestatus ins Gleichgewicht bringen wollen, ben\u00f6tigen Magnesium. Zusammen sind die Mineralstoffe Calcium und Magnesium ein wahrhaftiges Powerduo..<\/p>\n","protected":false},"excerpt":{"rendered":"<p>NICApur Calcium Magnesium Citrat Kapseln ist ein Nahrungserg\u00e4nzungsmittel mit Calcium und Magnesium in gut bioverf\u00fcgbaren organischen Citratverbindungen. Calcium und Magnesium sind wichtige Strukturbildner f\u00fcr Knochen und Z\u00e4hne und tragen zu einem ausgeglichenen Elektrolythaushalt bei. Als biologische Partner werden sie f\u00fcr Muskel- und Nervenfunktionen ben\u00f6tigt. W\u00e4hrend Calcium f\u00fcr Knochen, Z\u00e4hne, Muskeln und Nerven gro\u00dfe Bedeutung hat, [&hellip;]<\/p>\n","protected":false},"featured_media":51596,"template":"","meta":{"_acf_changed":false},"product_brand":[352],"product_cat":[797],"product_tag":[],"class_list":{"0":"post-51594","1":"product","2":"type-product","3":"status-publish","4":"has-post-thumbnail","6":"product_brand-nicapur","7":"product_cat-n","8":"pa_packungsgroesse-60-stueck","10":"first","11":"instock","12":"shipping-taxable","13":"purchasable","14":"product-type-simple"},"acf":[],"_links":{"self":[{"href":"https:\/\/www.ernstbrunn-apotheke.at\/katalog\/wp-json\/wp\/v2\/product\/51594","targetHints":{"allow":["GET"]}}],"collection":[{"href":"https:\/\/www.ernstbrunn-apotheke.at\/katalog\/wp-json\/wp\/v2\/product"}],"about":[{"href":"https:\/\/www.ernstbrunn-apotheke.at\/katalog\/wp-json\/wp\/v2\/types\/product"}],"wp:featuredmedia":[{"embeddable":true,"href":"https:\/\/www.ernstbrunn-apotheke.at\/katalog\/wp-json\/wp\/v2\/media\/51596"}],"wp:attachment":[{"href":"https:\/\/www.ernstbrunn-apotheke.at\/katalog\/wp-json\/wp\/v2\/media?parent=51594"}],"wp:term":[{"taxonomy":"product_brand","embeddable":true,"href":"https:\/\/www.ernstbrunn-apotheke.at\/katalog\/wp-json\/wp\/v2\/product_brand?post=51594"},{"taxonomy":"product_cat","embeddable":true,"href":"https:\/\/www.ernstbrunn-apotheke.at\/katalog\/wp-json\/wp\/v2\/product_cat?post=51594"},{"taxonomy":"product_tag","embeddable":true,"href":"https:\/\/www.ernstbrunn-apotheke.at\/katalog\/wp-json\/wp\/v2\/product_tag?post=51594"}],"curies":[{"name":"wp","href":"https:\/\/api.w.org\/{rel}","templated":true}]}}