{"id":51559,"date":"2025-11-10T19:13:06","date_gmt":"2025-11-10T18:13:06","guid":{"rendered":"https:\/\/www.ernstbrunn-apotheke.at\/katalog\/produkt\/pure-encapsulations-vitamin-b12-liquid-30-ml\/"},"modified":"2025-12-08T16:45:57","modified_gmt":"2025-12-08T15:45:57","slug":"pure-encapsulations-vitamin-b12-liquid-30-ml","status":"publish","type":"product","link":"https:\/\/www.ernstbrunn-apotheke.at\/katalog\/produkt\/pure-encapsulations-vitamin-b12-liquid-30-ml\/","title":{"rendered":"Pure Encapsulations Vitamin B12 Liquid 30 ml"},"content":{"rendered":"<p>Vitamin B12 (Cobalamin) ist ein wasserl\u00f6sliches Vitamin, das zu etwa60% in der Leber und zu 30% in den Muskeln gespeichert werdenkann. Aufgrund der guten Speicherm\u00f6glichkeit macht sich einemangelnde Versorgung erst nach l\u00e4ngerer Zeit, aber daf\u00fcr abrupt,bemerkbar. Da Lebensmittel tierischen Ursprungs die Hauptquellenf\u00fcr Vitamin B12 sind, profitieren besonders Veganer und Vegetariervon einer zus\u00e4tzlichen Zufuhr. Auch \u00e4ltere Personen k\u00f6nnen einenerh\u00f6hten Bedarf aufweisen, da die Resorption oft eingeschr\u00e4nkt istoder auch die Einnahme bestimmter Medikamente die Vitamin-B12-Speicher im K\u00f6rper vermindern kann.Vitamin B12 ist bedeutsam f\u00fcr die Bildung der roten Blutk\u00f6rperchenund unterst\u00fctzt die Funktionen des Nervensystems, da es ein wichtigerCofaktor f\u00fcr die Bildung des Myelins (Bausubstanz der Nervenscheiden)ist. Gemeinsam mit den B-Vitaminen Fols\u00e4ure undB6 ist Vitamin B12 an der Erhaltung des Homocystein-Stoffwechsel-Gleichgewichts ma\u00dfgeblich beteiligt. Da Vitamin B12 wichtig f\u00fcr dieEnergieproduktion in den Mitochondrien ist, wird eine ausreichendeVersorgung auch f\u00fcr den Energiestoffwechsel ben\u00f6tigt.Vitamin B12 liquid von Pure Encapsulations\u00ae greift auf die hochwertigeund biologisch aktive Verbindung Methylcobalamin zur\u00fcck,welche \u00fcber Fermentation gewonnen wird. Das Produkt ist durchden integrierten Tropf-Verschluss einfach und individuell zu dosierenund stellt eine gute Alternative f\u00fcr Personen dar, die keine Kapselnschlucken m\u00f6chten oder k\u00f6nnen. Vitamin B12 liquid schmecktangenehm und kann Getr\u00e4nken oder Speisen beigemengt werden.<\/p>\n","protected":false},"excerpt":{"rendered":"<p>Vitamin B12 (Cobalamin) ist ein wasserl\u00f6sliches Vitamin, das zu etwa60% in der Leber und zu 30% in den Muskeln gespeichert werdenkann. Aufgrund der guten Speicherm\u00f6glichkeit macht sich einemangelnde Versorgung erst nach l\u00e4ngerer Zeit, aber daf\u00fcr abrupt,bemerkbar. Da Lebensmittel tierischen Ursprungs die Hauptquellenf\u00fcr Vitamin B12 sind, profitieren besonders Veganer und Vegetariervon einer zus\u00e4tzlichen Zufuhr. Auch \u00e4ltere [&hellip;]<\/p>\n","protected":false},"featured_media":51561,"template":"","meta":{"_acf_changed":false},"product_brand":[336],"product_cat":[793],"product_tag":[],"class_list":{"0":"post-51559","1":"product","2":"type-product","3":"status-publish","4":"has-post-thumbnail","6":"product_brand-pure-encapsulations","7":"product_cat-p","8":"pa_packungsgroesse-30ml","10":"first","11":"instock","12":"shipping-taxable","13":"purchasable","14":"product-type-simple"},"acf":[],"_links":{"self":[{"href":"https:\/\/www.ernstbrunn-apotheke.at\/katalog\/wp-json\/wp\/v2\/product\/51559","targetHints":{"allow":["GET"]}}],"collection":[{"href":"https:\/\/www.ernstbrunn-apotheke.at\/katalog\/wp-json\/wp\/v2\/product"}],"about":[{"href":"https:\/\/www.ernstbrunn-apotheke.at\/katalog\/wp-json\/wp\/v2\/types\/product"}],"wp:featuredmedia":[{"embeddable":true,"href":"https:\/\/www.ernstbrunn-apotheke.at\/katalog\/wp-json\/wp\/v2\/media\/51561"}],"wp:attachment":[{"href":"https:\/\/www.ernstbrunn-apotheke.at\/katalog\/wp-json\/wp\/v2\/media?parent=51559"}],"wp:term":[{"taxonomy":"product_brand","embeddable":true,"href":"https:\/\/www.ernstbrunn-apotheke.at\/katalog\/wp-json\/wp\/v2\/product_brand?post=51559"},{"taxonomy":"product_cat","embeddable":true,"href":"https:\/\/www.ernstbrunn-apotheke.at\/katalog\/wp-json\/wp\/v2\/product_cat?post=51559"},{"taxonomy":"product_tag","embeddable":true,"href":"https:\/\/www.ernstbrunn-apotheke.at\/katalog\/wp-json\/wp\/v2\/product_tag?post=51559"}],"curies":[{"name":"wp","href":"https:\/\/api.w.org\/{rel}","templated":true}]}}