{"id":51555,"date":"2025-11-10T19:13:06","date_gmt":"2025-11-10T18:13:06","guid":{"rendered":"https:\/\/www.ernstbrunn-apotheke.at\/katalog\/produkt\/pure-encapsulations-coq10-60mg\/"},"modified":"2025-12-08T16:45:56","modified_gmt":"2025-12-08T15:45:56","slug":"pure-encapsulations-coq10-60mg","status":"publish","type":"product","link":"https:\/\/www.ernstbrunn-apotheke.at\/katalog\/produkt\/pure-encapsulations-coq10-60mg\/","title":{"rendered":"Pure Encapsulations CoQ10 60mg"},"content":{"rendered":"<p>Coenzym Q10 (CoQ10) wird zu den fettl\u00f6slichen Vitaminoidengez\u00e4hlt und kommt besonders in den Mitochondrien der Zellstrukturenvon Organen mit hohem Energiebedarf in entsprechenderKonzentration vor. Coenzym Q10 wird vom K\u00f6rper auch selbst produziert\u2013 diese F\u00e4higkeit nimmt jedoch mit zunehmendem Alter ab,weshalb eine ausreichende Zufuhr \u00fcber die Ern\u00e4hrung besondersab dem 30. Lebensjahr wichtig wird. Pure Encapsulations\u00ae CoQ10wird \u00fcber einen Biofermentationsprozess gewonnen und liefertdadurch ausschlie\u00dflich die biologisch aktive Form.<\/p>\n","protected":false},"excerpt":{"rendered":"<p>Coenzym Q10 (CoQ10) wird zu den fettl\u00f6slichen Vitaminoidengez\u00e4hlt und kommt besonders in den Mitochondrien der Zellstrukturenvon Organen mit hohem Energiebedarf in entsprechenderKonzentration vor. Coenzym Q10 wird vom K\u00f6rper auch selbst produziert\u2013 diese F\u00e4higkeit nimmt jedoch mit zunehmendem Alter ab,weshalb eine ausreichende Zufuhr \u00fcber die Ern\u00e4hrung besondersab dem 30. Lebensjahr wichtig wird. Pure Encapsulations\u00ae CoQ10wird \u00fcber [&hellip;]<\/p>\n","protected":false},"featured_media":51557,"template":"","meta":{"_acf_changed":false},"product_brand":[336],"product_cat":[793],"product_tag":[],"class_list":{"0":"post-51555","1":"product","2":"type-product","3":"status-publish","4":"has-post-thumbnail","6":"product_brand-pure-encapsulations","7":"product_cat-p","8":"pa_packungsgroesse-120-stueck","9":"pa_packungsgroesse-250-stueck","10":"pa_packungsgroesse-30-stueck","11":"pa_packungsgroesse-60-stueck","13":"first","14":"instock","15":"shipping-taxable","16":"purchasable","17":"product-type-simple"},"acf":[],"_links":{"self":[{"href":"https:\/\/www.ernstbrunn-apotheke.at\/katalog\/wp-json\/wp\/v2\/product\/51555","targetHints":{"allow":["GET"]}}],"collection":[{"href":"https:\/\/www.ernstbrunn-apotheke.at\/katalog\/wp-json\/wp\/v2\/product"}],"about":[{"href":"https:\/\/www.ernstbrunn-apotheke.at\/katalog\/wp-json\/wp\/v2\/types\/product"}],"wp:featuredmedia":[{"embeddable":true,"href":"https:\/\/www.ernstbrunn-apotheke.at\/katalog\/wp-json\/wp\/v2\/media\/51557"}],"wp:attachment":[{"href":"https:\/\/www.ernstbrunn-apotheke.at\/katalog\/wp-json\/wp\/v2\/media?parent=51555"}],"wp:term":[{"taxonomy":"product_brand","embeddable":true,"href":"https:\/\/www.ernstbrunn-apotheke.at\/katalog\/wp-json\/wp\/v2\/product_brand?post=51555"},{"taxonomy":"product_cat","embeddable":true,"href":"https:\/\/www.ernstbrunn-apotheke.at\/katalog\/wp-json\/wp\/v2\/product_cat?post=51555"},{"taxonomy":"product_tag","embeddable":true,"href":"https:\/\/www.ernstbrunn-apotheke.at\/katalog\/wp-json\/wp\/v2\/product_tag?post=51555"}],"curies":[{"name":"wp","href":"https:\/\/api.w.org\/{rel}","templated":true}]}}