{"id":51537,"date":"2025-11-10T19:12:11","date_gmt":"2025-11-10T18:12:11","guid":{"rendered":"https:\/\/www.ernstbrunn-apotheke.at\/katalog\/produkt\/magnesium-verla-300-uno-granulat-apfel\/"},"modified":"2025-12-08T16:45:53","modified_gmt":"2025-12-08T15:45:53","slug":"magnesium-verla-300-uno-granulat-apfel","status":"publish","type":"product","link":"https:\/\/www.ernstbrunn-apotheke.at\/katalog\/produkt\/magnesium-verla-300-uno-granulat-apfel\/","title":{"rendered":"Magnesium Verla 300 Uno Granulat Apfel"},"content":{"rendered":"<p class=\"MsoNormal\"><b>* Zur ausreichenden Magnesiumversorgung!<\/b><\/p>\n<p class=\"MsoNormal\">Magnesium-Granulatzum Aufl\u00f6sen und Trinken.<\/p>\n<p class=\"MsoNormal\"><b>* Mit organischem Magnesium!<\/b><\/p>\n<p class=\"MsoNormal\">Wird vomK\u00f6rper besser aufgenommen als anorganisches Magnesium.<\/p>\n<p class=\"MsoNormal\"><b>* Qualit\u00e4tsprodukt mit dem fruchtigenGeschmack nach frischen Apfel!<\/b><\/p>\n<p class=\"MsoNormal\">Mitnat\u00fcrlichem Fruchtsaftextrakt.<\/p>\n<p><b>*Glutenfrei und ohne Lactose<\/b><\/p>\n","protected":false},"excerpt":{"rendered":"<p>* Zur ausreichenden Magnesiumversorgung! Magnesium-Granulatzum Aufl\u00f6sen und Trinken. * Mit organischem Magnesium! Wird vomK\u00f6rper besser aufgenommen als anorganisches Magnesium. * Qualit\u00e4tsprodukt mit dem fruchtigenGeschmack nach frischen Apfel! Mitnat\u00fcrlichem Fruchtsaftextrakt. *Glutenfrei und ohne Lactose<\/p>\n","protected":false},"featured_media":51539,"template":"","meta":{"_acf_changed":false},"product_brand":[1043],"product_cat":[800],"product_tag":[],"class_list":{"0":"post-51537","1":"product","2":"type-product","3":"status-publish","4":"has-post-thumbnail","6":"product_brand-verla","7":"product_cat-m","8":"pa_geschmack-apfel","9":"pa_packungsgroesse-20-beutel","10":"pa_packungsgroesse-50-beutel","12":"first","13":"instock","14":"shipping-taxable","15":"purchasable","16":"product-type-simple"},"acf":[],"_links":{"self":[{"href":"https:\/\/www.ernstbrunn-apotheke.at\/katalog\/wp-json\/wp\/v2\/product\/51537","targetHints":{"allow":["GET"]}}],"collection":[{"href":"https:\/\/www.ernstbrunn-apotheke.at\/katalog\/wp-json\/wp\/v2\/product"}],"about":[{"href":"https:\/\/www.ernstbrunn-apotheke.at\/katalog\/wp-json\/wp\/v2\/types\/product"}],"wp:featuredmedia":[{"embeddable":true,"href":"https:\/\/www.ernstbrunn-apotheke.at\/katalog\/wp-json\/wp\/v2\/media\/51539"}],"wp:attachment":[{"href":"https:\/\/www.ernstbrunn-apotheke.at\/katalog\/wp-json\/wp\/v2\/media?parent=51537"}],"wp:term":[{"taxonomy":"product_brand","embeddable":true,"href":"https:\/\/www.ernstbrunn-apotheke.at\/katalog\/wp-json\/wp\/v2\/product_brand?post=51537"},{"taxonomy":"product_cat","embeddable":true,"href":"https:\/\/www.ernstbrunn-apotheke.at\/katalog\/wp-json\/wp\/v2\/product_cat?post=51537"},{"taxonomy":"product_tag","embeddable":true,"href":"https:\/\/www.ernstbrunn-apotheke.at\/katalog\/wp-json\/wp\/v2\/product_tag?post=51537"}],"curies":[{"name":"wp","href":"https:\/\/api.w.org\/{rel}","templated":true}]}}