{"id":51529,"date":"2025-11-10T19:12:11","date_gmt":"2025-11-10T18:12:11","guid":{"rendered":"https:\/\/www.ernstbrunn-apotheke.at\/katalog\/produkt\/pure-encapsulations-schwangerschaftsformel-60-stk\/"},"modified":"2025-12-08T16:45:52","modified_gmt":"2025-12-08T15:45:52","slug":"pure-encapsulations-schwangerschaftsformel-60-stk","status":"publish","type":"product","link":"https:\/\/www.ernstbrunn-apotheke.at\/katalog\/produkt\/pure-encapsulations-schwangerschaftsformel-60-stk\/","title":{"rendered":"Pure Encapsulations Schwangerschaftsformel 60 Stk."},"content":{"rendered":"<p>Pure Encapsulations Schwangerschaftsformel unterst\u00fctzt die Deckung eines erh\u00f6hten N\u00e4hrstoffbedarfs in der Schwangerschaft und Stillzeit. Damit der Kinderwunsch Realit\u00e4t werden kann, m\u00fcssen viele Faktoren, Vitamine und Co. optimal zusammenspielen. Die Basis bilden dabei eine ausgewogene und mikron\u00e4hrstoffreiche Ern\u00e4hrung sowie ein gesunder Lebensstil. Die Schwangerschafts-Formel ist daf\u00fcr das ideale Multivitamin, dass dem K\u00f6rper alles liefert, um f\u00fcr das n\u00e4chste Abenteuer optimal vorbereitet zu sein..<\/p>\n","protected":false},"excerpt":{"rendered":"<p>Pure Encapsulations Schwangerschaftsformel unterst\u00fctzt die Deckung eines erh\u00f6hten N\u00e4hrstoffbedarfs in der Schwangerschaft und Stillzeit. Damit der Kinderwunsch Realit\u00e4t werden kann, m\u00fcssen viele Faktoren, Vitamine und Co. optimal zusammenspielen. Die Basis bilden dabei eine ausgewogene und mikron\u00e4hrstoffreiche Ern\u00e4hrung sowie ein gesunder Lebensstil. Die Schwangerschafts-Formel ist daf\u00fcr das ideale Multivitamin, dass dem K\u00f6rper alles liefert, um f\u00fcr [&hellip;]<\/p>\n","protected":false},"featured_media":51531,"template":"","meta":{"_acf_changed":false},"product_brand":[336],"product_cat":[793],"product_tag":[],"class_list":{"0":"post-51529","1":"product","2":"type-product","3":"status-publish","4":"has-post-thumbnail","6":"product_brand-pure-encapsulations","7":"product_cat-p","8":"pa_packungsgroesse-30-stueck","9":"pa_packungsgroesse-60-stueck","11":"first","12":"instock","13":"shipping-taxable","14":"purchasable","15":"product-type-simple"},"acf":[],"_links":{"self":[{"href":"https:\/\/www.ernstbrunn-apotheke.at\/katalog\/wp-json\/wp\/v2\/product\/51529","targetHints":{"allow":["GET"]}}],"collection":[{"href":"https:\/\/www.ernstbrunn-apotheke.at\/katalog\/wp-json\/wp\/v2\/product"}],"about":[{"href":"https:\/\/www.ernstbrunn-apotheke.at\/katalog\/wp-json\/wp\/v2\/types\/product"}],"wp:featuredmedia":[{"embeddable":true,"href":"https:\/\/www.ernstbrunn-apotheke.at\/katalog\/wp-json\/wp\/v2\/media\/51531"}],"wp:attachment":[{"href":"https:\/\/www.ernstbrunn-apotheke.at\/katalog\/wp-json\/wp\/v2\/media?parent=51529"}],"wp:term":[{"taxonomy":"product_brand","embeddable":true,"href":"https:\/\/www.ernstbrunn-apotheke.at\/katalog\/wp-json\/wp\/v2\/product_brand?post=51529"},{"taxonomy":"product_cat","embeddable":true,"href":"https:\/\/www.ernstbrunn-apotheke.at\/katalog\/wp-json\/wp\/v2\/product_cat?post=51529"},{"taxonomy":"product_tag","embeddable":true,"href":"https:\/\/www.ernstbrunn-apotheke.at\/katalog\/wp-json\/wp\/v2\/product_tag?post=51529"}],"curies":[{"name":"wp","href":"https:\/\/api.w.org\/{rel}","templated":true}]}}